{"id":7316,"date":"2024-07-18T07:53:56","date_gmt":"2024-07-18T07:53:56","guid":{"rendered":"https:\/\/moyahousehold.com\/?post_type=product&#038;p=7316"},"modified":"2025-03-05T10:09:01","modified_gmt":"2025-03-05T10:09:01","slug":"high-quality-bulk-stainless-steel-food-containers-for-sale","status":"publish","type":"product","link":"https:\/\/moyahousehold.com\/pt\/produto\/high-quality-bulk-stainless-steel-food-containers-for-sale\/","title":{"rendered":"Recipientes para alimentos de a\u00e7o inoxid\u00e1vel a granel de alta qualidade para venda - direto da f\u00e1brica"},"content":{"rendered":"<div class=\"wp-block-columns is-layout-flex wp-container-core-columns-is-layout-9d6595d7 wp-block-columns-is-layout-flex\">\n<div class=\"wp-block-column is-layout-flow wp-block-column-is-layout-flow\">\n<h3 class=\"wp-block-heading\">Par\u00e2metros do recipiente de a\u00e7o inoxid\u00e1vel para alimentos<\/h3>\n\n\n\n<figure class=\"wp-block-table\"><table class=\"has-fixed-layout\"><tbody><tr><td>Item<\/td><td>Capacidade<\/td><td>Tamanho\/PCS<\/td><td>PCS\/Caixa<\/td><td>N.W.\/PCS<\/td><td>G.W.\/Caso<\/td><\/tr><tr><td>MYJD203<\/td><td>400ml<\/td><td>13.3*11.3*6.3<\/td><td>80<\/td><td>0.18<\/td><td>16.4<\/td><\/tr><tr><td>MYJD204<\/td><td>650ml<\/td><td>13.3*11.3*8.6<\/td><td>80<\/td><td>0.2<\/td><td>18<\/td><\/tr><tr><td>MYJD205<\/td><td>900ml<\/td><td>13.3*11.3*11.1<\/td><td>60<\/td><td>0.24<\/td><td>16.4<\/td><\/tr><tr><td>MYJD206<\/td><td>1000ml<\/td><td>22*15.1*6.5<\/td><td>60<\/td><td>0.35<\/td><td>23<\/td><\/tr><tr><td>MYJD207<\/td><td>1600ml<\/td><td>22*15.1*8.9<\/td><td>60<\/td><td>0.38<\/td><td>24.8<\/td><\/tr><tr><td>MYJD208<\/td><td>2100ml<\/td><td>22*15.1*11.3<\/td><td>48<\/td><td>0.43<\/td><td>22.64<\/td><\/tr><tr><td>MYJD209<\/td><td>2400ml<\/td><td>29*22*6.3<\/td><td>48<\/td><td>0.62<\/td><td>31.76<\/td><\/tr><tr><td>MYJD210<\/td><td>3500ml<\/td><td>29*22*8.8<\/td><td>36<\/td><td>0.7<\/td><td>27.2<\/td><\/tr><tr><td>MYJD211<\/td><td>4600ml<\/td><td>29*22*11.2<\/td><td>24<\/td><td>0.76<\/td><td>20.24<\/td><\/tr><\/tbody><\/table><\/figure>\n<\/div>\n<\/div>\n\n\n\n<h3 class=\"wp-block-heading\">Op\u00e7\u00f5es de recipientes para alimentos em a\u00e7o inoxid\u00e1vel personalizados<\/h3>\n\n\n\n<p><strong>Log\u00f3tipo<\/strong>: personalizar o log\u00f3tipo da sua marca no produto e na embalagem.<br><strong>Tampa<\/strong>: Tampa de vidro, tampa PP<br><strong>Op\u00e7\u00f5es de log\u00f3tipo<\/strong>: log\u00f3tipo impresso, log\u00f3tipo gravado a laser, etc.<br><strong>Padr\u00e3o<\/strong>: padr\u00f5es de impress\u00e3o em recipientes de armazenamento de alimentos.<br><strong>Tecnologia de impress\u00e3o<\/strong>: impress\u00e3o por transfer\u00eancia de \u00e1gua, serigrafia, impress\u00e3o por transfer\u00eancia de calor, etc.<br><strong>Embalagem<\/strong>:caixa de cor<br><a href=\"https:\/\/moyahousehold.com\/pt\/solucao-personalizada\/\" data-type=\"page\" data-id=\"2817\"><strong>Explorar mais personaliza\u00e7\u00e3o<\/strong><\/a><\/p>\n\n\n\n<div class=\"wp-block-columns is-layout-flex wp-container-core-columns-is-layout-9d6595d7 wp-block-columns-is-layout-flex\">\n<div class=\"wp-block-column is-layout-flow wp-block-column-is-layout-flow\">\n<figure class=\"wp-block-image size-full\"><img fetchpriority=\"high\" decoding=\"async\" width=\"837\" height=\"837\" src=\"https:\/\/moyahousehold.com\/wp-content\/uploads\/2024\/07\/bulk-food-container-5.webp\" alt=\"Recipiente de a\u00e7o inoxid\u00e1vel para alimentos a granel por atacado \" class=\"wp-image-7238\" srcset=\"https:\/\/moyahousehold.com\/wp-content\/uploads\/2024\/07\/bulk-food-container-5.webp 837w, https:\/\/moyahousehold.com\/wp-content\/uploads\/2024\/07\/bulk-food-container-5-300x300.webp 300w, https:\/\/moyahousehold.com\/wp-content\/uploads\/2024\/07\/bulk-food-container-5-150x150.webp 150w, https:\/\/moyahousehold.com\/wp-content\/uploads\/2024\/07\/bulk-food-container-5-768x768.webp 768w, https:\/\/moyahousehold.com\/wp-content\/uploads\/2024\/07\/bulk-food-container-5-12x12.webp 12w, https:\/\/moyahousehold.com\/wp-content\/uploads\/2024\/07\/bulk-food-container-5-285x285.webp 285w, https:\/\/moyahousehold.com\/wp-content\/uploads\/2024\/07\/bulk-food-container-5-270x270.webp 270w, https:\/\/moyahousehold.com\/wp-content\/uploads\/2024\/07\/bulk-food-container-5-540x540.webp 540w, https:\/\/moyahousehold.com\/wp-content\/uploads\/2024\/07\/bulk-food-container-5-660x660.webp 660w\" sizes=\"(max-width: 837px) 100vw, 837px\" \/><\/figure>\n<\/div>\n\n\n\n<div class=\"wp-block-column is-layout-flow wp-block-column-is-layout-flow\">\n<figure class=\"wp-block-image size-full\"><img decoding=\"async\" width=\"837\" height=\"837\" src=\"https:\/\/moyahousehold.com\/wp-content\/uploads\/2024\/07\/bulk-food-container-5.jpg\" alt=\"recipiente para alimentos a granel (5)\" class=\"wp-image-7237\" srcset=\"https:\/\/moyahousehold.com\/wp-content\/uploads\/2024\/07\/bulk-food-container-5.jpg 837w, https:\/\/moyahousehold.com\/wp-content\/uploads\/2024\/07\/bulk-food-container-5-300x300.jpg 300w, https:\/\/moyahousehold.com\/wp-content\/uploads\/2024\/07\/bulk-food-container-5-150x150.jpg 150w, https:\/\/moyahousehold.com\/wp-content\/uploads\/2024\/07\/bulk-food-container-5-768x768.jpg 768w, https:\/\/moyahousehold.com\/wp-content\/uploads\/2024\/07\/bulk-food-container-5-12x12.jpg 12w, https:\/\/moyahousehold.com\/wp-content\/uploads\/2024\/07\/bulk-food-container-5-285x285.jpg 285w, https:\/\/moyahousehold.com\/wp-content\/uploads\/2024\/07\/bulk-food-container-5-270x270.jpg 270w, https:\/\/moyahousehold.com\/wp-content\/uploads\/2024\/07\/bulk-food-container-5-540x540.jpg 540w, https:\/\/moyahousehold.com\/wp-content\/uploads\/2024\/07\/bulk-food-container-5-660x660.jpg 660w\" sizes=\"(max-width: 837px) 100vw, 837px\" \/><\/figure>\n<\/div>\n<\/div>\n\n\n\n<div class=\"wp-block-columns is-layout-flex wp-container-core-columns-is-layout-9d6595d7 wp-block-columns-is-layout-flex\">\n<div class=\"wp-block-column is-layout-flow wp-block-column-is-layout-flow\"><\/div>\n\n\n\n<div class=\"wp-block-column is-layout-flow wp-block-column-is-layout-flow\"><\/div>\n<\/div>\n\n\n\n<p><\/p>","protected":false},"excerpt":{"rendered":"<p>Somos uma empresa profissional<a href=\"https:\/\/moyahousehold.com\/pt\/categoria-do-produto\/food-storage-container-wholesale\/\" target=\"_blank\" rel=\"noopener\"><strong> fabricante de recipientes para alimentos em a\u00e7o inoxid\u00e1vel<\/strong><\/a>A nossa empresa fornece servi\u00e7os grossistas de recipientes para alimentos em a\u00e7o inoxid\u00e1vel a granel. Este recipiente para alimentos em a\u00e7o inoxid\u00e1vel tem uma variedade de especifica\u00e7\u00f5es \u00e0 escolha, adequado para armazenar v\u00e1rios tipos de alimentos, incluindo vegetais, marisco, carne ou alimentos cozinhados, com excelente veda\u00e7\u00e3o, para que n\u00e3o tenha de se preocupar com o derrame de alimentos. Mais amigos do ambiente, os recipientes para alimentos sem res\u00edduos proporcionam-lhe uma experi\u00eancia gastron\u00f3mica elegante e sustent\u00e1vel. O nosso recipiente para alimentos em a\u00e7o inoxid\u00e1vel a granel pode n\u00e3o s\u00f3 satisfazer as suas grandes encomendas, mas tamb\u00e9m melhorar a sua marca atrav\u00e9s de pre\u00e7os competitivos e alta qualidade.<\/p>\n<h3>Carater\u00edsticas e vantagens dos recipientes para alimentos a granel<\/p>\n<\/h3>\n<p><strong>Congela\u00e7\u00e3o r\u00e1pida<\/strong>: Este recipiente para alimentos em a\u00e7o inoxid\u00e1vel tem uma fun\u00e7\u00e3o de congela\u00e7\u00e3o r\u00e1pida. O material met\u00e1lico conduz o frio rapidamente, o que permite conservar melhor os ingredientes frescos. \u00c9 muito adequado para armazenar carne fresca.<\/p>\n<p><strong>Seguro para micro-ondas<\/strong>: Este recipiente para alimentos em a\u00e7o inoxid\u00e1vel pode ser utilizado para aquecimento no micro-ondas (aquecer em lume m\u00e9dio durante cerca de 3-5 minutos. N\u00e3o se esque\u00e7a de retirar a tampa durante o aquecimento e de manter a ventila\u00e7\u00e3o).<\/p>\n<p><strong>F\u00e1cil de limpar<\/strong>: A superf\u00edcie dos nossos recipientes \u00e9 finamente polida, lisa como nova e muito f\u00e1cil de limpar. O material da superf\u00edcie n\u00e3o s\u00f3 resiste eficazmente \u00e0 sujidade, como tamb\u00e9m elimina qualquer potencial res\u00edduo de odor. Ao mesmo tempo, s\u00e3o tamb\u00e9m companheiros ideais para frigor\u00edficos e congeladores, e podem ser guardados como desejar.<\/p>\n<p><strong>Op\u00e7\u00f5es de tamanhos m\u00faltiplos<\/strong>: Este conjunto foi cuidadosamente concebido com 9 recipientes de diferentes capacidades, que v\u00e3o de 400 ml a 4600 ml, para satisfazer diferentes necessidades de armazenamento. Quer se trate de refei\u00e7\u00f5es di\u00e1rias, lanches ou sobras, pode manter os alimentos frescos e deliciosos durante muito tempo.<\/p>\n<p><strong>Versatilidade e prote\u00e7\u00e3o ambiental<\/strong>: Os nossos recipientes para alimentos em a\u00e7o inoxid\u00e1vel a granel t\u00eam uma vasta gama de aplicabilidade e podem ser utilizados como lancheiras, recipientes para snacks e caixas bento. A escolha destes recipientes reutiliz\u00e1veis \u00e9 uma forma de contribuir positivamente para o ambiente, reduzindo a utiliza\u00e7\u00e3o de pl\u00e1sticos descart\u00e1veis e, consequentemente, o peso dos res\u00edduos de pl\u00e1stico no ambiente natural.<\/p>\n<p><strong><a href=\"https:\/\/moyahousehold.com\/pt\/solucao-personalizada\/\">Oferecemos solu\u00e7\u00f5es de contentores alimentares personalizados OEM&amp;ODM para satisfazer as suas necessidades.<\/a><\/strong><\/p>","protected":false},"featured_media":7246,"comment_status":"open","ping_status":"closed","template":"","meta":[],"product_cat":[57],"product_tag":[95,106,99],"class_list":{"0":"post-7316","1":"product","2":"type-product","3":"status-publish","4":"has-post-thumbnail","6":"product_cat-food-storage-container-wholesale","7":"product_tag-wholesale-food-storage-containers-with-date-dial","8":"product_tag-microwavable-food-storage-containers","9":"product_tag-wholesale-rectangle-food-storage-containers","11":"first","12":"instock","13":"shipping-taxable","14":"product-type-simple"},"_links":{"self":[{"href":"https:\/\/moyahousehold.com\/pt\/wp-json\/wp\/v2\/product\/7316","targetHints":{"allow":["GET"]}}],"collection":[{"href":"https:\/\/moyahousehold.com\/pt\/wp-json\/wp\/v2\/product"}],"about":[{"href":"https:\/\/moyahousehold.com\/pt\/wp-json\/wp\/v2\/types\/product"}],"replies":[{"embeddable":true,"href":"https:\/\/moyahousehold.com\/pt\/wp-json\/wp\/v2\/comments?post=7316"}],"version-history":[{"count":0,"href":"https:\/\/moyahousehold.com\/pt\/wp-json\/wp\/v2\/product\/7316\/revisions"}],"wp:featuredmedia":[{"embeddable":true,"href":"https:\/\/moyahousehold.com\/pt\/wp-json\/wp\/v2\/media\/7246"}],"wp:attachment":[{"href":"https:\/\/moyahousehold.com\/pt\/wp-json\/wp\/v2\/media?parent=7316"}],"wp:term":[{"taxonomy":"product_cat","embeddable":true,"href":"https:\/\/moyahousehold.com\/pt\/wp-json\/wp\/v2\/product_cat?post=7316"},{"taxonomy":"product_tag","embeddable":true,"href":"https:\/\/moyahousehold.com\/pt\/wp-json\/wp\/v2\/product_tag?post=7316"}],"curies":[{"name":"wp","href":"https:\/\/api.w.org\/{rel}","templated":true}]}}