{"id":7319,"date":"2024-07-18T08:07:54","date_gmt":"2024-07-18T08:07:54","guid":{"rendered":"https:\/\/moyahousehold.com\/?post_type=product&#038;p=7319"},"modified":"2025-02-05T09:57:38","modified_gmt":"2025-02-05T09:57:38","slug":"wholesale-stainless-steel-color-food-containers-with-lids","status":"publish","type":"product","link":"https:\/\/moyahousehold.com\/pt\/produto\/recipiente-colorido-de-aco-inoxidavel-para-alimentos-a-granel-por-atacado\/","title":{"rendered":"Recipientes para alimentos por atacado em a\u00e7o inoxid\u00e1vel com tampa - Ideal para armazenamento dom\u00e9stico e comercial"},"content":{"rendered":"<div class=\"wp-block-columns is-layout-flex wp-container-core-columns-is-layout-9d6595d7 wp-block-columns-is-layout-flex\">\n<div class=\"wp-block-column is-layout-flow wp-block-column-is-layout-flow\">\n<h3 class=\"wp-block-heading\">Par\u00e2metros dos recipientes para alimentos de a\u00e7o inoxid\u00e1vel a cores<\/h3>\n\n\n\n<figure class=\"wp-block-table\"><table class=\"has-fixed-layout\"><tbody><tr><td>Item<\/td><td>Capacidade<\/td><td>Tamanho\/PCS<\/td><td>PCS\/Caixa<\/td><td>N.W.\/PCS<\/td><td>G.W.\/Caso<\/td><\/tr><tr><td>MYJD203<\/td><td>400ml<\/td><td>13.3*11.3*6.3<\/td><td>80<\/td><td>0.18<\/td><td>16.4<\/td><\/tr><tr><td>MYJD204<\/td><td>650ml<\/td><td>13.3*11.3*8.6<\/td><td>80<\/td><td>0.2<\/td><td>18<\/td><\/tr><tr><td>MYJD205<\/td><td>900ml<\/td><td>13.3*11.3*11.1<\/td><td>60<\/td><td>0.24<\/td><td>16.4<\/td><\/tr><tr><td>MYJD206<\/td><td>1000ml<\/td><td>22*15.1*6.5<\/td><td>60<\/td><td>0.35<\/td><td>23<\/td><\/tr><tr><td>MYJD207<\/td><td>1600ml<\/td><td>22*15.1*8.9<\/td><td>60<\/td><td>0.38<\/td><td>24.8<\/td><\/tr><tr><td>MYJD208<\/td><td>2100ml<\/td><td>22*15.1*11.3<\/td><td>48<\/td><td>0.43<\/td><td>22.64<\/td><\/tr><tr><td>MYJD209<\/td><td>2400ml<\/td><td>29*22*6.3<\/td><td>48<\/td><td>0.62<\/td><td>31.76<\/td><\/tr><tr><td>MYJD210<\/td><td>3500ml<\/td><td>29*22*8.8<\/td><td>36<\/td><td>0.7<\/td><td>27.2<\/td><\/tr><tr><td>MYJD211<\/td><td>4600ml<\/td><td>29*22*11.2<\/td><td>24<\/td><td>0.76<\/td><td>20.24<\/td><\/tr><\/tbody><\/table><\/figure>\n<\/div>\n<\/div>\n\n\n\n<h3 class=\"wp-block-heading\">Op\u00e7\u00f5es de recipientes para alimentos em a\u00e7o inoxid\u00e1vel personalizados<\/h3>\n\n\n\n<p><strong>Log\u00f3tipo<\/strong>: personalizar o log\u00f3tipo da sua marca no produto e na embalagem.<br><strong>Tampa<\/strong>: Tampa de vidro, tampa PP<br><strong>Op\u00e7\u00f5es de log\u00f3tipo<\/strong>: log\u00f3tipo impresso, log\u00f3tipo gravado a laser, etc.<br><strong>Padr\u00e3o<\/strong>: padr\u00f5es de impress\u00e3o em recipientes de armazenamento de alimentos.<br><strong>Tecnologia de impress\u00e3o<\/strong>: impress\u00e3o por transfer\u00eancia de \u00e1gua, serigrafia, impress\u00e3o por transfer\u00eancia de calor, etc.<br><strong>Embalagem<\/strong>:caixa de cor<br><a href=\"https:\/\/moyahousehold.com\/pt\/solucao-personalizada\/\" data-type=\"page\" data-id=\"2817\"><strong>Saiba mais sobre a personaliza\u00e7\u00e3o de solu\u00e7\u00f5es de contentores para alimentos<\/strong><\/a><\/p>\n\n\n\n<div class=\"wp-block-columns is-layout-flex wp-container-core-columns-is-layout-9d6595d7 wp-block-columns-is-layout-flex\">\n<div class=\"wp-block-column is-layout-flow wp-block-column-is-layout-flow\">\n<figure class=\"wp-block-image size-full\"><img fetchpriority=\"high\" decoding=\"async\" width=\"1500\" height=\"1500\" src=\"https:\/\/moyahousehold.com\/wp-content\/uploads\/2024\/07\/blue-food-container-display.jpg\" alt=\"expositor de recipientes para alimentos azul\" class=\"wp-image-9042\" srcset=\"https:\/\/moyahousehold.com\/wp-content\/uploads\/2024\/07\/blue-food-container-display.jpg 1500w, https:\/\/moyahousehold.com\/wp-content\/uploads\/2024\/07\/blue-food-container-display-300x300.jpg 300w, https:\/\/moyahousehold.com\/wp-content\/uploads\/2024\/07\/blue-food-container-display-150x150.jpg 150w, https:\/\/moyahousehold.com\/wp-content\/uploads\/2024\/07\/blue-food-container-display-768x768.jpg 768w, https:\/\/moyahousehold.com\/wp-content\/uploads\/2024\/07\/blue-food-container-display-12x12.jpg 12w, https:\/\/moyahousehold.com\/wp-content\/uploads\/2024\/07\/blue-food-container-display-285x285.jpg 285w, https:\/\/moyahousehold.com\/wp-content\/uploads\/2024\/07\/blue-food-container-display-270x270.jpg 270w, https:\/\/moyahousehold.com\/wp-content\/uploads\/2024\/07\/blue-food-container-display-540x540.jpg 540w, https:\/\/moyahousehold.com\/wp-content\/uploads\/2024\/07\/blue-food-container-display-660x660.jpg 660w\" sizes=\"(max-width: 1500px) 100vw, 1500px\" \/><\/figure>\n<\/div>\n\n\n\n<div class=\"wp-block-column is-layout-flow wp-block-column-is-layout-flow\">\n<figure class=\"wp-block-image size-full\"><img decoding=\"async\" width=\"1500\" height=\"1500\" src=\"https:\/\/moyahousehold.com\/wp-content\/uploads\/2024\/07\/green-food-container-display.jpg\" alt=\"expositor de recipientes verdes para alimentos\" class=\"wp-image-9044\" srcset=\"https:\/\/moyahousehold.com\/wp-content\/uploads\/2024\/07\/green-food-container-display.jpg 1500w, https:\/\/moyahousehold.com\/wp-content\/uploads\/2024\/07\/green-food-container-display-300x300.jpg 300w, https:\/\/moyahousehold.com\/wp-content\/uploads\/2024\/07\/green-food-container-display-150x150.jpg 150w, https:\/\/moyahousehold.com\/wp-content\/uploads\/2024\/07\/green-food-container-display-768x768.jpg 768w, https:\/\/moyahousehold.com\/wp-content\/uploads\/2024\/07\/green-food-container-display-12x12.jpg 12w, https:\/\/moyahousehold.com\/wp-content\/uploads\/2024\/07\/green-food-container-display-285x285.jpg 285w, https:\/\/moyahousehold.com\/wp-content\/uploads\/2024\/07\/green-food-container-display-270x270.jpg 270w, https:\/\/moyahousehold.com\/wp-content\/uploads\/2024\/07\/green-food-container-display-540x540.jpg 540w, https:\/\/moyahousehold.com\/wp-content\/uploads\/2024\/07\/green-food-container-display-660x660.jpg 660w\" sizes=\"(max-width: 1500px) 100vw, 1500px\" \/><\/figure>\n<\/div>\n<\/div>","protected":false},"excerpt":{"rendered":"<p>Os nossos recipientes para alimentos a granel s\u00e3o pr\u00e1ticos e elegantes, injectamos elementos de cores ricas neste recipiente para alimentos em a\u00e7o inoxid\u00e1vel e concebemos uma variedade de capacidades \u00e0 sua escolha, muito adequadas para armazenamento em casa e no restaurante. O fabricante de recipientes para alimentos MOYA fornece-lhe os melhores servi\u00e7os por atacado de recipientes para alimentos em a\u00e7o inoxid\u00e1vel a granel e solu\u00e7\u00f5es personalizadas. Bem-vindo a contactar-nos para mais informa\u00e7\u00f5es.<\/p>\n<h3>Carater\u00edsticas do Recipiente de Armazenamento de Alimentos em A\u00e7o Inoxid\u00e1vel Colorido<\/h3>\n<p><strong>Material de qualidade alimentar de primeira qualidade:<\/strong> O conjunto de recipientes para alimentos em a\u00e7o inoxid\u00e1vel da MOYA proporciona-lhe uma escolha mais saud\u00e1vel. O nosso conjunto de recipientes para prepara\u00e7\u00e3o de alimentos \u00e9 feito de a\u00e7o inoxid\u00e1vel 304 de qualidade alimentar, garantindo a seguran\u00e7a e a sa\u00fade do armazenamento de alimentos.<\/p>\n<p><strong>Sem BPA:<\/strong> Este recipiente para alimentos em a\u00e7o inoxid\u00e1vel \u00e9 feito de material recicl\u00e1vel sem BPA, que pode manter os alimentos puros e frescos, mesmo a altas temperaturas ou com utiliza\u00e7\u00e3o prolongada.<\/p>\n<p>&nbsp;<\/p>\n<p><strong>Prenda ideal:<\/strong> O conjunto de recipientes para alimentos em a\u00e7o inoxid\u00e1vel de 9 pe\u00e7as da Moya \u00e9 perfeito para v\u00e1rias necessidades de armazenamento, e a apar\u00eancia colorida acrescenta mais divers\u00e3o \u00e0 vida. \u00c9 um presente ideal para v\u00e1rias ocasi\u00f5es, como casamentos e Natal.<\/p>\n<p><strong>Multifuncional:<\/strong> O recipiente de armazenamento de alimentos em a\u00e7o inoxid\u00e1vel da MOYA est\u00e1 equipado com uma tampa concebida com precis\u00e3o com um m\u00f3dulo de registo de tempo na tampa para ajudar os utilizadores a gerir melhor a frescura dos alimentos e evitar desperd\u00edcios.<\/p>\n<p><strong>Servi\u00e7o por atacado e personalizado:<\/strong> Oferecemos op\u00e7\u00f5es flex\u00edveis de venda por grosso e servi\u00e7os profissionais personalizados, e podemos personalizar cores, especifica\u00e7\u00f5es, log\u00f3tipos de marcas e designs de mostradores de data de acordo com as necessidades do cliente.<\/p>","protected":false},"featured_media":9045,"comment_status":"open","ping_status":"closed","template":"","meta":[],"product_cat":[57],"product_tag":[95,99],"class_list":{"0":"post-7319","1":"product","2":"type-product","3":"status-publish","4":"has-post-thumbnail","6":"product_cat-food-storage-container-wholesale","7":"product_tag-wholesale-food-storage-containers-with-date-dial","8":"product_tag-wholesale-rectangle-food-storage-containers","10":"first","11":"instock","12":"shipping-taxable","13":"product-type-simple"},"_links":{"self":[{"href":"https:\/\/moyahousehold.com\/pt\/wp-json\/wp\/v2\/product\/7319","targetHints":{"allow":["GET"]}}],"collection":[{"href":"https:\/\/moyahousehold.com\/pt\/wp-json\/wp\/v2\/product"}],"about":[{"href":"https:\/\/moyahousehold.com\/pt\/wp-json\/wp\/v2\/types\/product"}],"replies":[{"embeddable":true,"href":"https:\/\/moyahousehold.com\/pt\/wp-json\/wp\/v2\/comments?post=7319"}],"version-history":[{"count":0,"href":"https:\/\/moyahousehold.com\/pt\/wp-json\/wp\/v2\/product\/7319\/revisions"}],"wp:featuredmedia":[{"embeddable":true,"href":"https:\/\/moyahousehold.com\/pt\/wp-json\/wp\/v2\/media\/9045"}],"wp:attachment":[{"href":"https:\/\/moyahousehold.com\/pt\/wp-json\/wp\/v2\/media?parent=7319"}],"wp:term":[{"taxonomy":"product_cat","embeddable":true,"href":"https:\/\/moyahousehold.com\/pt\/wp-json\/wp\/v2\/product_cat?post=7319"},{"taxonomy":"product_tag","embeddable":true,"href":"https:\/\/moyahousehold.com\/pt\/wp-json\/wp\/v2\/product_tag?post=7319"}],"curies":[{"name":"wp","href":"https:\/\/api.w.org\/{rel}","templated":true}]}}