{"id":7321,"date":"2024-07-18T08:13:11","date_gmt":"2024-07-18T08:13:11","guid":{"rendered":"https:\/\/moyahousehold.com\/?post_type=product&#038;p=7321"},"modified":"2024-12-04T06:55:21","modified_gmt":"2024-12-04T06:55:21","slug":"wholesale-stainless-steel-frying-pans-with-lids","status":"publish","type":"product","link":"https:\/\/moyahousehold.com\/pt\/produto\/wholesale-stainless-steel-frying-pans-with-lids\/","title":{"rendered":"Frigideiras de a\u00e7o inoxid\u00e1vel por atacado com tampas - Conjunto de panelas elegantes MOYA \uff0c Suporte OEM e ODM"},"content":{"rendered":"<div class=\"wp-block-columns is-layout-flex wp-container-core-columns-is-layout-9d6595d7 wp-block-columns-is-layout-flex\">\n<div class=\"wp-block-column is-layout-flow wp-block-column-is-layout-flow\">\n<h3 class=\"wp-block-heading\">Par\u00e2metros da frigideira de a\u00e7o inoxid\u00e1vel<\/h3>\n\n\n\n<p><strong>N\u00famero do modelo<\/strong>: MYHL009-012<br><strong>Material<\/strong>: A\u00e7o 304 de tr\u00eas camadas<br><strong>Cor<\/strong>: Bege\/A\u00e7o<br><strong>Capacidade<\/strong>: 30cm<\/p>\n\n\n\n<h3 class=\"wp-block-heading\">Op\u00e7\u00f5es de utens\u00edlios de cozinha personalizados<\/h3>\n\n\n\n<p><strong>Log\u00f3tipo:&nbsp;<\/strong>personalizar o log\u00f3tipo da sua marca em produtos e embalagens de utens\u00edlios de cozinha.<br><strong>op\u00e7\u00f5es de log\u00f3tipo personalizado:<\/strong>&nbsp;log\u00f3tipo impresso, log\u00f3tipo gravado a laser, etc.<br><strong>Superf\u00edcie exterior:&nbsp;<\/strong>personalizar o aspeto dos seus utens\u00edlios de cozinha.<br><strong>Embalagem:&nbsp;<\/strong>caixa de cor<br><strong>Tamanho e capacidade<\/strong>: personalizar o tamanho e a capacidade dos utens\u00edlios de cozinha<br><strong><a href=\"https:\/\/moyahousehold.com\/pt\/solucao-personalizada\/\" target=\"_blank\" rel=\"noreferrer noopener\">Saiba mais sobre as solu\u00e7\u00f5es de utens\u00edlios de cozinha personalizados<\/a><\/strong><\/p>\n<\/div>\n<\/div>\n\n\n\n<div class=\"wp-block-columns is-layout-flex wp-container-core-columns-is-layout-9d6595d7 wp-block-columns-is-layout-flex\">\n<div class=\"wp-block-column is-layout-flow wp-block-column-is-layout-flow\">\n<figure class=\"wp-block-image size-full\"><img fetchpriority=\"high\" decoding=\"async\" width=\"1200\" height=\"1200\" src=\"https:\/\/moyahousehold.com\/wp-content\/uploads\/2024\/07\/Stylish-Stainless-Steel-Frying-Pans-With-Lids-1.webp\" alt=\"Frigideiras elegantes de a\u00e7o inoxid\u00e1vel com tampa (1)\" class=\"wp-image-9698\" srcset=\"https:\/\/moyahousehold.com\/wp-content\/uploads\/2024\/07\/Stylish-Stainless-Steel-Frying-Pans-With-Lids-1.webp 1200w, https:\/\/moyahousehold.com\/wp-content\/uploads\/2024\/07\/Stylish-Stainless-Steel-Frying-Pans-With-Lids-1-300x300.webp 300w, https:\/\/moyahousehold.com\/wp-content\/uploads\/2024\/07\/Stylish-Stainless-Steel-Frying-Pans-With-Lids-1-150x150.webp 150w, https:\/\/moyahousehold.com\/wp-content\/uploads\/2024\/07\/Stylish-Stainless-Steel-Frying-Pans-With-Lids-1-768x768.webp 768w, https:\/\/moyahousehold.com\/wp-content\/uploads\/2024\/07\/Stylish-Stainless-Steel-Frying-Pans-With-Lids-1-12x12.webp 12w, https:\/\/moyahousehold.com\/wp-content\/uploads\/2024\/07\/Stylish-Stainless-Steel-Frying-Pans-With-Lids-1-285x285.webp 285w, https:\/\/moyahousehold.com\/wp-content\/uploads\/2024\/07\/Stylish-Stainless-Steel-Frying-Pans-With-Lids-1-270x270.webp 270w, https:\/\/moyahousehold.com\/wp-content\/uploads\/2024\/07\/Stylish-Stainless-Steel-Frying-Pans-With-Lids-1-540x540.webp 540w, https:\/\/moyahousehold.com\/wp-content\/uploads\/2024\/07\/Stylish-Stainless-Steel-Frying-Pans-With-Lids-1-660x660.webp 660w\" sizes=\"(max-width: 1200px) 100vw, 1200px\" \/><\/figure>\n<\/div>\n\n\n\n<div class=\"wp-block-column is-layout-flow wp-block-column-is-layout-flow\">\n<figure class=\"wp-block-image size-full\"><img decoding=\"async\" width=\"1200\" height=\"1200\" src=\"https:\/\/moyahousehold.com\/wp-content\/uploads\/2024\/07\/Stylish-Stainless-Steel-Frying-Pans-With-Lids-2.webp\" alt=\"Frigideiras elegantes de a\u00e7o inoxid\u00e1vel com tampa (2)\" class=\"wp-image-9699\" srcset=\"https:\/\/moyahousehold.com\/wp-content\/uploads\/2024\/07\/Stylish-Stainless-Steel-Frying-Pans-With-Lids-2.webp 1200w, https:\/\/moyahousehold.com\/wp-content\/uploads\/2024\/07\/Stylish-Stainless-Steel-Frying-Pans-With-Lids-2-300x300.webp 300w, https:\/\/moyahousehold.com\/wp-content\/uploads\/2024\/07\/Stylish-Stainless-Steel-Frying-Pans-With-Lids-2-150x150.webp 150w, https:\/\/moyahousehold.com\/wp-content\/uploads\/2024\/07\/Stylish-Stainless-Steel-Frying-Pans-With-Lids-2-768x768.webp 768w, https:\/\/moyahousehold.com\/wp-content\/uploads\/2024\/07\/Stylish-Stainless-Steel-Frying-Pans-With-Lids-2-12x12.webp 12w, https:\/\/moyahousehold.com\/wp-content\/uploads\/2024\/07\/Stylish-Stainless-Steel-Frying-Pans-With-Lids-2-285x285.webp 285w, https:\/\/moyahousehold.com\/wp-content\/uploads\/2024\/07\/Stylish-Stainless-Steel-Frying-Pans-With-Lids-2-270x270.webp 270w, https:\/\/moyahousehold.com\/wp-content\/uploads\/2024\/07\/Stylish-Stainless-Steel-Frying-Pans-With-Lids-2-540x540.webp 540w, https:\/\/moyahousehold.com\/wp-content\/uploads\/2024\/07\/Stylish-Stainless-Steel-Frying-Pans-With-Lids-2-660x660.webp 660w\" sizes=\"(max-width: 1200px) 100vw, 1200px\" \/><\/figure>\n<\/div>\n<\/div>","protected":false},"excerpt":{"rendered":"<p>S\u00e9rie de utens\u00edlios de cozinha elegantes por atacado - frigideira de a\u00e7o inoxid\u00e1vel, esta frigideira de a\u00e7o inoxid\u00e1vel tem um design simples, dando um toque moderno e elegante \u00e0 sua cozinha. O fundo da frigideira \u00e9 feito de a\u00e7o inoxid\u00e1vel triplo, que tem boa condutividade t\u00e9rmica e permite que os alimentos sejam aquecidos uniformemente, tornando-o um bom ajudante para chefs dom\u00e9sticos e de restaurantes. Bem-vindo a contactar-nos para um or\u00e7amento.<\/p>\n<h3>Carater\u00edsticas da frigideira de a\u00e7o inoxid\u00e1vel<\/h3>\n<p><strong>Tampa de vidro vis\u00edvel:<\/strong> A frigideira de a\u00e7o inoxid\u00e1vel para venda por grosso est\u00e1 equipada com uma tampa de vidro vis\u00edvel e o estado de cozedura dos alimentos pode ser visto num relance.<\/p>\n<p><strong>Material de alta qualidade n\u00e3o revestido:<\/strong> Esta frigideira \u00e9 feita de a\u00e7o inoxid\u00e1vel 304 de qualidade alimentar sem revestimento, garantindo que n\u00e3o s\u00e3o libertadas subst\u00e2ncias nocivas durante o processo de cozedura, assegurando a seguran\u00e7a alimentar.<\/p>\n<p><strong>Boa condutividade t\u00e9rmica:<\/strong> Esta frigideira adopta um fundo de panela triplamente em a\u00e7o inoxid\u00e1vel, o que proporciona uma boa condutividade t\u00e9rmica e ajuda os utilizadores a aquecer os alimentos de forma mais r\u00e1pida e uniforme.<\/p>\n<p><strong>Durabilidade:<\/strong> O corpo da panela em a\u00e7o inoxid\u00e1vel de alta qualidade confere a esta frigideira uma excelente durabilidade, uma vida \u00fatil mais longa e pode manter o seu brilho met\u00e1lico mesmo ap\u00f3s uma utiliza\u00e7\u00e3o prolongada.<\/p>\n<p><strong>Servi\u00e7o OEM&amp;ODM:<\/strong> Fornecemos as melhores solu\u00e7\u00f5es de utens\u00edlios de cozinha personalizados de acordo com as suas necessidades, personalizamos o log\u00f3tipo e a embalagem dos produtos de utens\u00edlios de cozinha que encomendou e ajudamo-lo a melhorar a sua imagem de marca.<\/p>","protected":false},"featured_media":9702,"comment_status":"closed","ping_status":"closed","template":"","meta":[],"product_cat":[56],"product_tag":[],"class_list":{"0":"post-7321","1":"product","2":"type-product","3":"status-publish","4":"has-post-thumbnail","6":"product_cat-stainless-steel-cookware-wholesale","8":"first","9":"instock","10":"shipping-taxable","11":"product-type-simple"},"_links":{"self":[{"href":"https:\/\/moyahousehold.com\/pt\/wp-json\/wp\/v2\/product\/7321","targetHints":{"allow":["GET"]}}],"collection":[{"href":"https:\/\/moyahousehold.com\/pt\/wp-json\/wp\/v2\/product"}],"about":[{"href":"https:\/\/moyahousehold.com\/pt\/wp-json\/wp\/v2\/types\/product"}],"replies":[{"embeddable":true,"href":"https:\/\/moyahousehold.com\/pt\/wp-json\/wp\/v2\/comments?post=7321"}],"version-history":[{"count":0,"href":"https:\/\/moyahousehold.com\/pt\/wp-json\/wp\/v2\/product\/7321\/revisions"}],"wp:featuredmedia":[{"embeddable":true,"href":"https:\/\/moyahousehold.com\/pt\/wp-json\/wp\/v2\/media\/9702"}],"wp:attachment":[{"href":"https:\/\/moyahousehold.com\/pt\/wp-json\/wp\/v2\/media?parent=7321"}],"wp:term":[{"taxonomy":"product_cat","embeddable":true,"href":"https:\/\/moyahousehold.com\/pt\/wp-json\/wp\/v2\/product_cat?post=7321"},{"taxonomy":"product_tag","embeddable":true,"href":"https:\/\/moyahousehold.com\/pt\/wp-json\/wp\/v2\/product_tag?post=7321"}],"curies":[{"name":"wp","href":"https:\/\/api.w.org\/{rel}","templated":true}]}}