{"id":7325,"date":"2024-07-22T15:16:45","date_gmt":"2024-07-18T08:26:33","guid":{"rendered":"https:\/\/moyahousehold.com\/?post_type=product&#038;p=7325"},"modified":"2026-04-06T07:52:43","modified_gmt":"2026-04-06T07:52:43","slug":"premium-wholesale-thicken-stainless-steel-cookware-set","status":"publish","type":"product","link":"https:\/\/moyahousehold.com\/pt\/produto\/conjunto-de-utensilios-de-cozinha-em-aco-inoxidavel-espesso-de-qualidade-superior\/","title":{"rendered":"Premium Wholesale Three-layer Steel Cookware Set &#8211; Kitchen Essentials for Chefs and Home Cooks"},"content":{"rendered":"<div class=\"wp-block-columns is-layout-flex wp-container-core-columns-is-layout-9d6595d7 wp-block-columns-is-layout-flex\">\n<div class=\"wp-block-column is-layout-flow wp-block-column-is-layout-flow\">\n<figure class=\"wp-block-image size-full\"><img fetchpriority=\"high\" decoding=\"async\" width=\"6240\" height=\"4160\" src=\"https:\/\/moyahousehold.com\/wp-content\/uploads\/2024\/07\/HL\u83ab\u5229\u4e9a\u6728\u5957\u88c5\u9505-25.jpg\" alt=\"Stainless Steel Steamer Pot Set (3 - Layer) with Wooden Handles - Kitchen Countertop with Toaster, Spices, and Cooking Essentials, White Tiled Background\" class=\"wp-image-12646\" srcset=\"https:\/\/moyahousehold.com\/wp-content\/uploads\/2024\/07\/HL\u83ab\u5229\u4e9a\u6728\u5957\u88c5\u9505-25.jpg 6240w, https:\/\/moyahousehold.com\/wp-content\/uploads\/2024\/07\/HL\u83ab\u5229\u4e9a\u6728\u5957\u88c5\u9505-25-300x200.jpg 300w, https:\/\/moyahousehold.com\/wp-content\/uploads\/2024\/07\/HL\u83ab\u5229\u4e9a\u6728\u5957\u88c5\u9505-25-768x512.jpg 768w, https:\/\/moyahousehold.com\/wp-content\/uploads\/2024\/07\/HL\u83ab\u5229\u4e9a\u6728\u5957\u88c5\u9505-25-18x12.jpg 18w, https:\/\/moyahousehold.com\/wp-content\/uploads\/2024\/07\/HL\u83ab\u5229\u4e9a\u6728\u5957\u88c5\u9505-25-285x190.jpg 285w, https:\/\/moyahousehold.com\/wp-content\/uploads\/2024\/07\/HL\u83ab\u5229\u4e9a\u6728\u5957\u88c5\u9505-25-1600x1067.jpg 1600w, https:\/\/moyahousehold.com\/wp-content\/uploads\/2024\/07\/HL\u83ab\u5229\u4e9a\u6728\u5957\u88c5\u9505-25-660x440.jpg 660w, https:\/\/moyahousehold.com\/wp-content\/uploads\/2024\/07\/HL\u83ab\u5229\u4e9a\u6728\u5957\u88c5\u9505-25-150x100.jpg 150w\" sizes=\"(max-width: 6240px) 100vw, 6240px\" \/><\/figure>\n\n\n\n<h3 class=\"wp-block-heading\">Panelas de a\u00e7o inoxid\u00e1vel Thciken Par\u00e2metros<\/h3>\n\n\n\n<figure class=\"wp-block-table\"><table class=\"has-fixed-layout\"><tbody><tr><td>Item<\/td><td>Capacidade<\/td><td>Tamanho\/PCS<\/td><td>PCS\/Caixa<\/td><td>N.W.\/PCS<\/td><td>G.W.\/Caso<\/td><\/tr><tr><td>MYHL016<\/td><td>18CM\/2L<\/td><td>18*18*10<\/td><td>12<\/td><td>1.28&nbsp;<\/td><td>17.36<\/td><\/tr><tr><td>MYHL017<\/td><td>18CM\/2L<\/td><td>18*18*16.5<\/td><td>12<\/td><td>1.53&nbsp;<\/td><td>20.36<\/td><\/tr><tr><td>MYHL018<\/td><td>24CM\/4L<\/td><td>24*24*11<\/td><td>8<\/td><td>2.09&nbsp;<\/td><td>18.72<\/td><\/tr><tr><td>MYHL019<\/td><td>24CM\/4L<\/td><td>24*24*20.5<\/td><td>8<\/td><td>2.55&nbsp;<\/td><td>22.4<\/td><\/tr><\/tbody><\/table><\/figure>\n\n\n\n<h3 class=\"wp-block-heading\">Op\u00e7\u00f5es de utens\u00edlios de cozinha personalizados em a\u00e7o inoxid\u00e1vel<\/h3>\n\n\n\n<p><strong>Log\u00f3tipo<\/strong>: Custom your brand logo on product and package.<br><strong>Logo Options<\/strong>: Printed logo, laser engraved logo, etc.<br><strong>Padr\u00e3o<\/strong>: Padr\u00f5es de impress\u00e3o.<br><strong>Printing Technology<\/strong>: Water transfer printing, silk screen printing, heat transfer printing, sublimation transfer, etc.<br><strong>Embalagem<\/strong>: Color box.<br><a href=\"https:\/\/moyahousehold.com\/pt\/solucao-personalizada\/\" target=\"_blank\" rel=\"noreferrer noopener\"><strong>Explorar mais personaliza\u00e7\u00e3o<\/strong><\/a><\/p>\n<\/div>\n<\/div>\n\n\n\n<div class=\"wp-block-columns is-layout-flex wp-container-core-columns-is-layout-9d6595d7 wp-block-columns-is-layout-flex\">\n<div class=\"wp-block-column is-layout-flow wp-block-column-is-layout-flow\">\n<figure class=\"wp-block-image size-full\"><img decoding=\"async\" width=\"871\" height=\"871\" src=\"https:\/\/moyahousehold.com\/wp-content\/uploads\/2024\/07\/wholesale-high-quality-cookware-7.png\" alt=\"panelas de alta qualidade por atacado (7)\" class=\"wp-image-7425\" srcset=\"https:\/\/moyahousehold.com\/wp-content\/uploads\/2024\/07\/wholesale-high-quality-cookware-7.png 871w, https:\/\/moyahousehold.com\/wp-content\/uploads\/2024\/07\/wholesale-high-quality-cookware-7-300x300.png 300w, https:\/\/moyahousehold.com\/wp-content\/uploads\/2024\/07\/wholesale-high-quality-cookware-7-150x150.png 150w, https:\/\/moyahousehold.com\/wp-content\/uploads\/2024\/07\/wholesale-high-quality-cookware-7-768x768.png 768w, https:\/\/moyahousehold.com\/wp-content\/uploads\/2024\/07\/wholesale-high-quality-cookware-7-12x12.png 12w, https:\/\/moyahousehold.com\/wp-content\/uploads\/2024\/07\/wholesale-high-quality-cookware-7-285x285.png 285w, https:\/\/moyahousehold.com\/wp-content\/uploads\/2024\/07\/wholesale-high-quality-cookware-7-270x270.png 270w, https:\/\/moyahousehold.com\/wp-content\/uploads\/2024\/07\/wholesale-high-quality-cookware-7-540x540.png 540w, https:\/\/moyahousehold.com\/wp-content\/uploads\/2024\/07\/wholesale-high-quality-cookware-7-660x660.png 660w\" sizes=\"(max-width: 871px) 100vw, 871px\" \/><\/figure>\n<\/div>\n\n\n\n<div class=\"wp-block-column is-layout-flow wp-block-column-is-layout-flow\">\n<figure class=\"wp-block-image size-full\"><img decoding=\"async\" width=\"892\" height=\"892\" src=\"https:\/\/moyahousehold.com\/wp-content\/uploads\/2024\/07\/wholesale-high-quality-cookware-6.png\" alt=\"panelas de alta qualidade por atacado (6)\" class=\"wp-image-7424\" srcset=\"https:\/\/moyahousehold.com\/wp-content\/uploads\/2024\/07\/wholesale-high-quality-cookware-6.png 892w, https:\/\/moyahousehold.com\/wp-content\/uploads\/2024\/07\/wholesale-high-quality-cookware-6-300x300.png 300w, https:\/\/moyahousehold.com\/wp-content\/uploads\/2024\/07\/wholesale-high-quality-cookware-6-150x150.png 150w, https:\/\/moyahousehold.com\/wp-content\/uploads\/2024\/07\/wholesale-high-quality-cookware-6-768x768.png 768w, https:\/\/moyahousehold.com\/wp-content\/uploads\/2024\/07\/wholesale-high-quality-cookware-6-12x12.png 12w, https:\/\/moyahousehold.com\/wp-content\/uploads\/2024\/07\/wholesale-high-quality-cookware-6-285x285.png 285w, https:\/\/moyahousehold.com\/wp-content\/uploads\/2024\/07\/wholesale-high-quality-cookware-6-270x270.png 270w, https:\/\/moyahousehold.com\/wp-content\/uploads\/2024\/07\/wholesale-high-quality-cookware-6-540x540.png 540w, https:\/\/moyahousehold.com\/wp-content\/uploads\/2024\/07\/wholesale-high-quality-cookware-6-660x660.png 660w\" sizes=\"(max-width: 892px) 100vw, 892px\" \/><\/figure>\n<\/div>\n<\/div>\n\n\n\n<div class=\"wp-block-columns is-layout-flex wp-container-core-columns-is-layout-9d6595d7 wp-block-columns-is-layout-flex\">\n<div class=\"wp-block-column is-layout-flow wp-block-column-is-layout-flow\">\n<figure class=\"wp-block-image size-full\"><img loading=\"lazy\" decoding=\"async\" width=\"4160\" height=\"6240\" src=\"https:\/\/moyahousehold.com\/wp-content\/uploads\/2024\/07\/HL\u83ab\u5229\u4e9a\u6728\u5957\u88c5\u9505-5.jpg\" alt=\"Stainless Steel Steamer Pot Set (3 - Layer) with Wooden Handles - Kitchen Countertop with Toaster, Spices, and Cooking Essentials, White Tiled Background\" class=\"wp-image-12654\" srcset=\"https:\/\/moyahousehold.com\/wp-content\/uploads\/2024\/07\/HL\u83ab\u5229\u4e9a\u6728\u5957\u88c5\u9505-5.jpg 4160w, https:\/\/moyahousehold.com\/wp-content\/uploads\/2024\/07\/HL\u83ab\u5229\u4e9a\u6728\u5957\u88c5\u9505-5-200x300.jpg 200w, https:\/\/moyahousehold.com\/wp-content\/uploads\/2024\/07\/HL\u83ab\u5229\u4e9a\u6728\u5957\u88c5\u9505-5-768x1152.jpg 768w, https:\/\/moyahousehold.com\/wp-content\/uploads\/2024\/07\/HL\u83ab\u5229\u4e9a\u6728\u5957\u88c5\u9505-5-8x12.jpg 8w, https:\/\/moyahousehold.com\/wp-content\/uploads\/2024\/07\/HL\u83ab\u5229\u4e9a\u6728\u5957\u88c5\u9505-5-285x428.jpg 285w, https:\/\/moyahousehold.com\/wp-content\/uploads\/2024\/07\/HL\u83ab\u5229\u4e9a\u6728\u5957\u88c5\u9505-5-1600x2400.jpg 1600w, https:\/\/moyahousehold.com\/wp-content\/uploads\/2024\/07\/HL\u83ab\u5229\u4e9a\u6728\u5957\u88c5\u9505-5-440x660.jpg 440w, https:\/\/moyahousehold.com\/wp-content\/uploads\/2024\/07\/HL\u83ab\u5229\u4e9a\u6728\u5957\u88c5\u9505-5-100x150.jpg 100w\" sizes=\"(max-width: 4160px) 100vw, 4160px\" \/><\/figure>\n<\/div>\n\n\n\n<div class=\"wp-block-column is-layout-flow wp-block-column-is-layout-flow\">\n<figure class=\"wp-block-image size-full\"><img loading=\"lazy\" decoding=\"async\" width=\"4160\" height=\"6240\" src=\"https:\/\/moyahousehold.com\/wp-content\/uploads\/2024\/07\/HL\u83ab\u5229\u4e9a\u6728\u5957\u88c5\u9505-4.jpg\" alt=\"Stainless Steel Steamer Pot Set (3 - Layer) with Wooden Handles - Kitchen Countertop with Toaster, Spices, and Cooking Essentials, White Tiled Background\" class=\"wp-image-12648\" srcset=\"https:\/\/moyahousehold.com\/wp-content\/uploads\/2024\/07\/HL\u83ab\u5229\u4e9a\u6728\u5957\u88c5\u9505-4.jpg 4160w, https:\/\/moyahousehold.com\/wp-content\/uploads\/2024\/07\/HL\u83ab\u5229\u4e9a\u6728\u5957\u88c5\u9505-4-200x300.jpg 200w, https:\/\/moyahousehold.com\/wp-content\/uploads\/2024\/07\/HL\u83ab\u5229\u4e9a\u6728\u5957\u88c5\u9505-4-768x1152.jpg 768w, https:\/\/moyahousehold.com\/wp-content\/uploads\/2024\/07\/HL\u83ab\u5229\u4e9a\u6728\u5957\u88c5\u9505-4-8x12.jpg 8w, https:\/\/moyahousehold.com\/wp-content\/uploads\/2024\/07\/HL\u83ab\u5229\u4e9a\u6728\u5957\u88c5\u9505-4-285x428.jpg 285w, https:\/\/moyahousehold.com\/wp-content\/uploads\/2024\/07\/HL\u83ab\u5229\u4e9a\u6728\u5957\u88c5\u9505-4-1600x2400.jpg 1600w, https:\/\/moyahousehold.com\/wp-content\/uploads\/2024\/07\/HL\u83ab\u5229\u4e9a\u6728\u5957\u88c5\u9505-4-440x660.jpg 440w, https:\/\/moyahousehold.com\/wp-content\/uploads\/2024\/07\/HL\u83ab\u5229\u4e9a\u6728\u5957\u88c5\u9505-4-100x150.jpg 100w\" sizes=\"(max-width: 4160px) 100vw, 4160px\" \/><\/figure>\n<\/div>\n<\/div>\n\n\n\n<p><\/p>","protected":false},"excerpt":{"rendered":"<p>Our wholesale thickened cookware set includes a soup pot, a frying pan, and a steamer. Meet the cooking needs of the family. The pot body is made of thickened high-quality 3-layer steel, which has better heat preservation and more even heating. If you have customized needs, we can provide the most comprehensive customized cookware solutions, please contact us for a quote.<\/p>\n<h3>Caracter\u00edsticas e vantagens dos utens\u00edlios de cozinha em a\u00e7o inoxid\u00e1vel espesso<\/h3>\n<p><strong>A\u00e7o de alta qualidade sem revestimento<\/strong>: Made of high-quality three-layer steel, high-temperature cooking will not produce harmful substances, which is very healthy and safe.<\/p>\n<p><strong>Multi-fun\u00e7\u00f5es<\/strong>: A panela de sopa \u00e9 combinada com um vaporizador, e a cozedura a vapor e a fervura podem ser feitas ao mesmo tempo, para que possa colher dois pratos deliciosos ao mesmo tempo, poupando o seu tempo de cozedura.<\/p>\n<p><strong>Cabo de madeira<\/strong>: O conjunto de utens\u00edlios de cozinha tem uma pega de madeira resistente ao calor, que \u00e9 confort\u00e1vel de segurar e torna a sua experi\u00eancia culin\u00e1ria melhor.<\/p>\n<p><strong>Compat\u00edvel com v\u00e1rias fontes de calor<\/strong>: Pode proporcionar resultados perfeitos em v\u00e1rias fontes de calor, suportando fog\u00f5es a g\u00e1s, fog\u00f5es de indu\u00e7\u00e3o, etc.<\/p>\n<p><strong>Amostra de disposi\u00e7\u00e3o<\/strong>: Fornecemos amostras para que possa compreender melhor os nossos produtos e a nossa atividade de venda por grosso de utens\u00edlios de cozinha, ajudando-o a tomar melhores decis\u00f5es.<\/p>\n<p><strong>Servi\u00e7o personalizado<\/strong>: Como fabricante de utens\u00edlios de cozinha, fornecemos solu\u00e7\u00f5es abrangentes de utens\u00edlios de cozinha personalizados para o ajudar a melhorar a imagem da sua marca, personalizando log\u00f3tipos, embalagens, etc. para os seus produtos.<\/p>","protected":false},"featured_media":9706,"comment_status":"open","ping_status":"closed","template":"","meta":[],"product_cat":[56],"product_tag":[138],"class_list":{"0":"post-7325","1":"product","2":"type-product","3":"status-publish","4":"has-post-thumbnail","6":"product_cat-stainless-steel-cookware-wholesale","7":"product_tag-3-layer-steel-cookware-set","9":"first","10":"instock","11":"shipping-taxable","12":"product-type-simple"},"_links":{"self":[{"href":"https:\/\/moyahousehold.com\/pt\/wp-json\/wp\/v2\/product\/7325","targetHints":{"allow":["GET"]}}],"collection":[{"href":"https:\/\/moyahousehold.com\/pt\/wp-json\/wp\/v2\/product"}],"about":[{"href":"https:\/\/moyahousehold.com\/pt\/wp-json\/wp\/v2\/types\/product"}],"replies":[{"embeddable":true,"href":"https:\/\/moyahousehold.com\/pt\/wp-json\/wp\/v2\/comments?post=7325"}],"version-history":[{"count":5,"href":"https:\/\/moyahousehold.com\/pt\/wp-json\/wp\/v2\/product\/7325\/revisions"}],"predecessor-version":[{"id":12656,"href":"https:\/\/moyahousehold.com\/pt\/wp-json\/wp\/v2\/product\/7325\/revisions\/12656"}],"wp:featuredmedia":[{"embeddable":true,"href":"https:\/\/moyahousehold.com\/pt\/wp-json\/wp\/v2\/media\/9706"}],"wp:attachment":[{"href":"https:\/\/moyahousehold.com\/pt\/wp-json\/wp\/v2\/media?parent=7325"}],"wp:term":[{"taxonomy":"product_cat","embeddable":true,"href":"https:\/\/moyahousehold.com\/pt\/wp-json\/wp\/v2\/product_cat?post=7325"},{"taxonomy":"product_tag","embeddable":true,"href":"https:\/\/moyahousehold.com\/pt\/wp-json\/wp\/v2\/product_tag?post=7325"}],"curies":[{"name":"wp","href":"https:\/\/api.w.org\/{rel}","templated":true}]}}