{"id":8143,"date":"2024-08-22T06:22:27","date_gmt":"2024-08-21T01:28:37","guid":{"rendered":"https:\/\/moyahousehold.com\/?post_type=product&#038;p=8143"},"modified":"2025-04-12T09:48:13","modified_gmt":"2025-04-12T09:48:13","slug":"wholesale-stainless-steel-mugs-with-handle","status":"publish","type":"product","link":"https:\/\/moyahousehold.com\/pt\/produto\/wholesale-stainless-steel-mugs-with-handle\/","title":{"rendered":"Canecas de a\u00e7o inoxid\u00e1vel por atacado com pega, material de a\u00e7o inoxid\u00e1vel 316, capacidade 400ML"},"content":{"rendered":"<h2 class=\"wp-block-heading\">Par\u00e2metros das canecas de a\u00e7o inoxid\u00e1vel com pega<\/h2>\n\n\n\n<p><strong>material:<\/strong>304 + 316 + PP <strong> cor:<\/strong>Branco\/Preto\/A\u00e7o\/C\u00e1qui<\/p>\n\n\n\n<figure class=\"wp-block-table\"><table><tbody><tr><td>N\u00famero do modelo<\/td><td>capacidade<\/td><td>Tamanho do produto<\/td><td>Tamanho da caixa exterior<\/td><td>Quantidade por caixa<\/td><td>N.W<\/td><td>G.W\/Caixa<\/td><\/tr><tr><td>MYJJL10<\/td><td>400ml<\/td><td>8.8*8.8*10.8<\/td><td>62*40*37.5<\/td><td>60<\/td><td>0.3<\/td><td>30<\/td><\/tr><\/tbody><\/table><\/figure>\n\n\n\n<h3 class=\"wp-block-heading\">Op\u00e7\u00e3o de caneca de caf\u00e9 personalizada em a\u00e7o inoxid\u00e1vel<\/h3>\n\n\n\n<p><strong>Log\u00f3tipo: <\/strong>Personalize o log\u00f3tipo da sua marca em canecas e embalagens de a\u00e7o inoxid\u00e1vel.<br><strong>Op\u00e7\u00f5es de log\u00f3tipo: <\/strong>Fornecemos m\u00e9todos de grava\u00e7\u00e3o a laser ou de transfer\u00eancia t\u00e9rmica para personalizar o seu log\u00f3tipo em canecas de a\u00e7o inoxid\u00e1vel<br><strong>Padr\u00e3o:<\/strong> Imprimir padr\u00f5es personalizados em canecas de a\u00e7o inoxid\u00e1vel.<br><strong>Tecnologia de impress\u00e3o: <\/strong>Oferecemos uma variedade de m\u00e9todos de impress\u00e3o, incluindo <strong>transfer\u00eancia de ecr\u00e3<\/strong>,<strong> transfer\u00eancia de calor<\/strong>, <strong>e transfer\u00eancia de \u00e1gua<\/strong>. Pode escolher o m\u00e9todo adequado para personalizar o seu padr\u00e3o de produto<br><strong>Embalagem<\/strong>: caixa de cor<br><a href=\"https:\/\/moyahousehold.com\/pt\/solucao-personalizada\/\" target=\"_blank\" rel=\"noreferrer noopener\"><strong>Explore mais pormenores sobre canecas de caf\u00e9 personalizadas.<\/strong><\/a><\/p>\n\n\n\n<div class=\"wp-block-columns is-layout-flex wp-container-core-columns-is-layout-9d6595d7 wp-block-columns-is-layout-flex\">\n<div class=\"wp-block-column is-layout-flow wp-block-column-is-layout-flow\">\n<figure class=\"wp-block-image size-full\"><img fetchpriority=\"high\" decoding=\"async\" width=\"1600\" height=\"1600\" src=\"https:\/\/moyahousehold.com\/wp-content\/uploads\/2024\/08\/Stainless-Steel-Mugs-with-Handle-Display-1.webp\" alt=\"Canecas de a\u00e7o inoxid\u00e1vel com visor de pega (1)\" class=\"wp-image-10847\" srcset=\"https:\/\/moyahousehold.com\/wp-content\/uploads\/2024\/08\/Stainless-Steel-Mugs-with-Handle-Display-1.webp 1600w, https:\/\/moyahousehold.com\/wp-content\/uploads\/2024\/08\/Stainless-Steel-Mugs-with-Handle-Display-1-300x300.webp 300w, https:\/\/moyahousehold.com\/wp-content\/uploads\/2024\/08\/Stainless-Steel-Mugs-with-Handle-Display-1-150x150.webp 150w, https:\/\/moyahousehold.com\/wp-content\/uploads\/2024\/08\/Stainless-Steel-Mugs-with-Handle-Display-1-768x768.webp 768w, https:\/\/moyahousehold.com\/wp-content\/uploads\/2024\/08\/Stainless-Steel-Mugs-with-Handle-Display-1-12x12.webp 12w, https:\/\/moyahousehold.com\/wp-content\/uploads\/2024\/08\/Stainless-Steel-Mugs-with-Handle-Display-1-285x285.webp 285w, https:\/\/moyahousehold.com\/wp-content\/uploads\/2024\/08\/Stainless-Steel-Mugs-with-Handle-Display-1-270x270.webp 270w, https:\/\/moyahousehold.com\/wp-content\/uploads\/2024\/08\/Stainless-Steel-Mugs-with-Handle-Display-1-540x540.webp 540w, https:\/\/moyahousehold.com\/wp-content\/uploads\/2024\/08\/Stainless-Steel-Mugs-with-Handle-Display-1-660x660.webp 660w\" sizes=\"(max-width: 1600px) 100vw, 1600px\" \/><\/figure>\n<\/div>\n\n\n\n<div class=\"wp-block-column is-layout-flow wp-block-column-is-layout-flow\">\n<figure class=\"wp-block-image size-full\"><img decoding=\"async\" width=\"1600\" height=\"1600\" src=\"https:\/\/moyahousehold.com\/wp-content\/uploads\/2024\/08\/Stainless-Steel-Mugs-with-Handle-Display-2.webp\" alt=\"Canecas de a\u00e7o inoxid\u00e1vel com visor de pega (2)\" class=\"wp-image-10848\" srcset=\"https:\/\/moyahousehold.com\/wp-content\/uploads\/2024\/08\/Stainless-Steel-Mugs-with-Handle-Display-2.webp 1600w, https:\/\/moyahousehold.com\/wp-content\/uploads\/2024\/08\/Stainless-Steel-Mugs-with-Handle-Display-2-300x300.webp 300w, https:\/\/moyahousehold.com\/wp-content\/uploads\/2024\/08\/Stainless-Steel-Mugs-with-Handle-Display-2-150x150.webp 150w, https:\/\/moyahousehold.com\/wp-content\/uploads\/2024\/08\/Stainless-Steel-Mugs-with-Handle-Display-2-768x768.webp 768w, https:\/\/moyahousehold.com\/wp-content\/uploads\/2024\/08\/Stainless-Steel-Mugs-with-Handle-Display-2-12x12.webp 12w, https:\/\/moyahousehold.com\/wp-content\/uploads\/2024\/08\/Stainless-Steel-Mugs-with-Handle-Display-2-285x285.webp 285w, https:\/\/moyahousehold.com\/wp-content\/uploads\/2024\/08\/Stainless-Steel-Mugs-with-Handle-Display-2-270x270.webp 270w, https:\/\/moyahousehold.com\/wp-content\/uploads\/2024\/08\/Stainless-Steel-Mugs-with-Handle-Display-2-540x540.webp 540w, https:\/\/moyahousehold.com\/wp-content\/uploads\/2024\/08\/Stainless-Steel-Mugs-with-Handle-Display-2-660x660.webp 660w\" sizes=\"(max-width: 1600px) 100vw, 1600px\" \/><\/figure>\n<\/div>\n<\/div>\n\n\n\n<div class=\"wp-block-columns is-layout-flex wp-container-core-columns-is-layout-9d6595d7 wp-block-columns-is-layout-flex\">\n<div class=\"wp-block-column is-layout-flow wp-block-column-is-layout-flow\">\n<figure class=\"wp-block-image size-full\"><img decoding=\"async\" width=\"1600\" height=\"1600\" src=\"https:\/\/moyahousehold.com\/wp-content\/uploads\/2024\/08\/Stainless-Steel-Mugs-with-Handle-Display-3.webp\" alt=\"Canecas de a\u00e7o inoxid\u00e1vel com visor de pega (3)\" class=\"wp-image-10849\" srcset=\"https:\/\/moyahousehold.com\/wp-content\/uploads\/2024\/08\/Stainless-Steel-Mugs-with-Handle-Display-3.webp 1600w, https:\/\/moyahousehold.com\/wp-content\/uploads\/2024\/08\/Stainless-Steel-Mugs-with-Handle-Display-3-300x300.webp 300w, https:\/\/moyahousehold.com\/wp-content\/uploads\/2024\/08\/Stainless-Steel-Mugs-with-Handle-Display-3-150x150.webp 150w, https:\/\/moyahousehold.com\/wp-content\/uploads\/2024\/08\/Stainless-Steel-Mugs-with-Handle-Display-3-768x768.webp 768w, https:\/\/moyahousehold.com\/wp-content\/uploads\/2024\/08\/Stainless-Steel-Mugs-with-Handle-Display-3-12x12.webp 12w, https:\/\/moyahousehold.com\/wp-content\/uploads\/2024\/08\/Stainless-Steel-Mugs-with-Handle-Display-3-285x285.webp 285w, https:\/\/moyahousehold.com\/wp-content\/uploads\/2024\/08\/Stainless-Steel-Mugs-with-Handle-Display-3-270x270.webp 270w, https:\/\/moyahousehold.com\/wp-content\/uploads\/2024\/08\/Stainless-Steel-Mugs-with-Handle-Display-3-540x540.webp 540w, https:\/\/moyahousehold.com\/wp-content\/uploads\/2024\/08\/Stainless-Steel-Mugs-with-Handle-Display-3-660x660.webp 660w\" sizes=\"(max-width: 1600px) 100vw, 1600px\" \/><\/figure>\n<\/div>\n\n\n\n<div class=\"wp-block-column is-layout-flow wp-block-column-is-layout-flow\">\n<figure class=\"wp-block-image size-full\"><img loading=\"lazy\" decoding=\"async\" width=\"3998\" height=\"3998\" src=\"https:\/\/moyahousehold.com\/wp-content\/uploads\/2024\/08\/Stainless-Steel-Mugs-with-Handle-Display-4.webp\" alt=\"Canecas de a\u00e7o inoxid\u00e1vel com pega (4)\" class=\"wp-image-10850\" srcset=\"https:\/\/moyahousehold.com\/wp-content\/uploads\/2024\/08\/Stainless-Steel-Mugs-with-Handle-Display-4.webp 3998w, https:\/\/moyahousehold.com\/wp-content\/uploads\/2024\/08\/Stainless-Steel-Mugs-with-Handle-Display-4-300x300.webp 300w, https:\/\/moyahousehold.com\/wp-content\/uploads\/2024\/08\/Stainless-Steel-Mugs-with-Handle-Display-4-150x150.webp 150w, https:\/\/moyahousehold.com\/wp-content\/uploads\/2024\/08\/Stainless-Steel-Mugs-with-Handle-Display-4-768x768.webp 768w, https:\/\/moyahousehold.com\/wp-content\/uploads\/2024\/08\/Stainless-Steel-Mugs-with-Handle-Display-4-12x12.webp 12w, https:\/\/moyahousehold.com\/wp-content\/uploads\/2024\/08\/Stainless-Steel-Mugs-with-Handle-Display-4-285x285.webp 285w, https:\/\/moyahousehold.com\/wp-content\/uploads\/2024\/08\/Stainless-Steel-Mugs-with-Handle-Display-4-1600x1600.webp 1600w, https:\/\/moyahousehold.com\/wp-content\/uploads\/2024\/08\/Stainless-Steel-Mugs-with-Handle-Display-4-270x270.webp 270w, https:\/\/moyahousehold.com\/wp-content\/uploads\/2024\/08\/Stainless-Steel-Mugs-with-Handle-Display-4-540x540.webp 540w, https:\/\/moyahousehold.com\/wp-content\/uploads\/2024\/08\/Stainless-Steel-Mugs-with-Handle-Display-4-660x660.webp 660w\" sizes=\"(max-width: 3998px) 100vw, 3998px\" \/><\/figure>\n<\/div>\n<\/div>","protected":false},"excerpt":{"rendered":"<p>Canecas de a\u00e7o inoxid\u00e1vel 316 com pega, com design espessado de camada dupla, excelente isolamento t\u00e9rmico e prote\u00e7\u00e3o anti-escaldamento, ideal para escrit\u00f3rio, casa ou viagens. Apoio a encomendas a granel e personaliza\u00e7\u00e3o completa OEM\/ODM, contacte-nos para um or\u00e7amento.<\/p>\n<h3>Carater\u00edsticas e vantagens da caneca de caf\u00e9 em a\u00e7o inoxid\u00e1vel<\/h3>\n<p><strong>A\u00e7o inoxid\u00e1vel 316 de qualidade alimentar de alta qualidade:<\/strong> As canecas de caf\u00e9 s\u00e3o feitas de a\u00e7o inoxid\u00e1vel 316 de qualidade alimentar, que tem boa resist\u00eancia \u00e0 corros\u00e3o e durabilidade, adequado para utiliza\u00e7\u00e3o a longo prazo, garantindo que cada gole \u00e9 saud\u00e1vel e sem preocupa\u00e7\u00f5es.<\/p>\n<p><strong>Pega PP confort\u00e1vel e amiga do ambiente:<\/strong> A pega da caneca de a\u00e7o inoxid\u00e1vel \u00e9 feita de pl\u00e1stico PP amigo do ambiente, que \u00e9 resistente, dur\u00e1vel e confort\u00e1vel de segurar.<\/p>\n<p><strong>Design de boca larga:<\/strong> A caneca de a\u00e7o inoxid\u00e1vel com pega adopta um design de boca larga, o que a torna mais conveniente para preparar e mexer bebidas e evita a acumula\u00e7\u00e3o de res\u00edduos ou o crescimento de bact\u00e9rias.<\/p>\n<p><strong>Tampa deslizante contra o p\u00f3:<\/strong> A caneca de caf\u00e9 em a\u00e7o inoxid\u00e1vel com pega est\u00e1 equipada com uma pr\u00e1tica tampa deslizante, que evita eficazmente o derrame de bebidas, impede a entrada de p\u00f3 ou detritos e torna a bebida mais conveniente.<\/p>\n<p><strong>Servi\u00e7o grossista:<\/strong> Fornecemos op\u00e7\u00f5es de venda por grosso a granel e oferecemos pre\u00e7os competitivos diretos de f\u00e1brica para garantir que obt\u00e9m canecas de alta qualidade aos melhores pre\u00e7os.<\/p>","protected":false},"featured_media":10905,"comment_status":"closed","ping_status":"closed","template":"","meta":[],"product_cat":[75],"product_tag":[],"class_list":{"0":"post-8143","1":"product","2":"type-product","3":"status-publish","4":"has-post-thumbnail","6":"product_cat-wholesale-stainless-steel-coffee-mug","8":"first","9":"instock","10":"shipping-taxable","11":"product-type-simple"},"_links":{"self":[{"href":"https:\/\/moyahousehold.com\/pt\/wp-json\/wp\/v2\/product\/8143","targetHints":{"allow":["GET"]}}],"collection":[{"href":"https:\/\/moyahousehold.com\/pt\/wp-json\/wp\/v2\/product"}],"about":[{"href":"https:\/\/moyahousehold.com\/pt\/wp-json\/wp\/v2\/types\/product"}],"replies":[{"embeddable":true,"href":"https:\/\/moyahousehold.com\/pt\/wp-json\/wp\/v2\/comments?post=8143"}],"version-history":[{"count":0,"href":"https:\/\/moyahousehold.com\/pt\/wp-json\/wp\/v2\/product\/8143\/revisions"}],"wp:featuredmedia":[{"embeddable":true,"href":"https:\/\/moyahousehold.com\/pt\/wp-json\/wp\/v2\/media\/10905"}],"wp:attachment":[{"href":"https:\/\/moyahousehold.com\/pt\/wp-json\/wp\/v2\/media?parent=8143"}],"wp:term":[{"taxonomy":"product_cat","embeddable":true,"href":"https:\/\/moyahousehold.com\/pt\/wp-json\/wp\/v2\/product_cat?post=8143"},{"taxonomy":"product_tag","embeddable":true,"href":"https:\/\/moyahousehold.com\/pt\/wp-json\/wp\/v2\/product_tag?post=8143"}],"curies":[{"name":"wp","href":"https:\/\/api.w.org\/{rel}","templated":true}]}}