{"id":8161,"date":"2024-08-22T07:52:44","date_gmt":"2024-08-21T02:12:09","guid":{"rendered":"https:\/\/moyahousehold.com\/?post_type=product&#038;p=8161"},"modified":"2024-11-05T03:45:54","modified_gmt":"2024-11-05T03:45:54","slug":"wholesale-instant-noodle-bowls-with-lid","status":"publish","type":"product","link":"https:\/\/moyahousehold.com\/pt\/produto\/wholesale-instant-noodle-bowls-with-lid\/","title":{"rendered":"Tigelas de macarr\u00e3o instant\u00e2neo de a\u00e7o inoxid\u00e1vel por atacado com tampa - Jantar conveniente e r\u00e1pido"},"content":{"rendered":"<h3 class=\"wp-block-heading\">Par\u00e2metros da tigela de macarr\u00e3o instant\u00e2neo<\/h3>\n\n\n\n<div class=\"wp-block-columns is-layout-flex wp-container-core-columns-is-layout-9d6595d7 wp-block-columns-is-layout-flex\">\n<div class=\"wp-block-column is-layout-flow wp-block-column-is-layout-flow\">\n<figure class=\"wp-block-table\"><table class=\"has-fixed-layout\"><tbody><tr><td>Item<\/td><td>Capacidade<\/td><td>Tamanho\/PCS<\/td><td>PCS\/Caixa<\/td><td>N.W.\/PCS<\/td><td>G.W.\/Caso<\/td><\/tr><tr><td>MYJD243<\/td><td>900ML<\/td><td>14.6*14.6*10.4<\/td><td>60<\/td><td>0.24<\/td><td>16.4<\/td><\/tr><\/tbody><\/table><\/figure>\n\n\n\n<h3 class=\"wp-block-heading\">Op\u00e7\u00f5es de tigelas de macarr\u00e3o instant\u00e2neo personalizadas<\/h3>\n\n\n\n<p><strong>Log\u00f3tipo<\/strong>: personalizar o log\u00f3tipo da sua marca no produto e na embalagem.<br><strong>Op\u00e7\u00f5es de log\u00f3tipo<\/strong>: log\u00f3tipo impresso, log\u00f3tipo gravado a laser, etc.<br><strong>Padr\u00e3o<\/strong>: Padr\u00f5es de impress\u00e3o<br><strong>Tecnologia de impress\u00e3o<\/strong>: impress\u00e3o por transfer\u00eancia de \u00e1gua, impress\u00e3o por serigrafia, impress\u00e3o por transfer\u00eancia de calor, transfer\u00eancia por sublima\u00e7\u00e3o, etc.<br><strong>Embalagem<\/strong>:caixa de cor<br><a href=\"https:\/\/moyahousehold.com\/pt\/solucao-personalizada\/\" target=\"_blank\" rel=\"noreferrer noopener\"><strong>Explore mais solu\u00e7\u00f5es personalizadas para ta\u00e7as de macarr\u00e3o<\/strong><\/a><\/p>\n<\/div>\n<\/div>\n\n\n\n<div class=\"wp-block-columns is-layout-flex wp-container-core-columns-is-layout-9d6595d7 wp-block-columns-is-layout-flex\">\n<div class=\"wp-block-column is-layout-flow wp-block-column-is-layout-flow\">\n<figure class=\"wp-block-image size-full\"><img fetchpriority=\"high\" decoding=\"async\" width=\"800\" height=\"800\" src=\"https:\/\/moyahousehold.com\/wp-content\/uploads\/2024\/08\/instant-noodle-bowls-detail-2.png\" alt=\"tigelas de massa instant\u00e2nea pormenor (2)\" class=\"wp-image-8728\" srcset=\"https:\/\/moyahousehold.com\/wp-content\/uploads\/2024\/08\/instant-noodle-bowls-detail-2.png 800w, https:\/\/moyahousehold.com\/wp-content\/uploads\/2024\/08\/instant-noodle-bowls-detail-2-300x300.png 300w, https:\/\/moyahousehold.com\/wp-content\/uploads\/2024\/08\/instant-noodle-bowls-detail-2-150x150.png 150w, https:\/\/moyahousehold.com\/wp-content\/uploads\/2024\/08\/instant-noodle-bowls-detail-2-768x768.png 768w, https:\/\/moyahousehold.com\/wp-content\/uploads\/2024\/08\/instant-noodle-bowls-detail-2-12x12.png 12w, https:\/\/moyahousehold.com\/wp-content\/uploads\/2024\/08\/instant-noodle-bowls-detail-2-285x285.png 285w, https:\/\/moyahousehold.com\/wp-content\/uploads\/2024\/08\/instant-noodle-bowls-detail-2-270x270.png 270w, https:\/\/moyahousehold.com\/wp-content\/uploads\/2024\/08\/instant-noodle-bowls-detail-2-540x540.png 540w, https:\/\/moyahousehold.com\/wp-content\/uploads\/2024\/08\/instant-noodle-bowls-detail-2-660x660.png 660w\" sizes=\"(max-width: 800px) 100vw, 800px\" \/><\/figure>\n<\/div>\n\n\n\n<div class=\"wp-block-column is-layout-flow wp-block-column-is-layout-flow\">\n<figure class=\"wp-block-image size-full\"><img decoding=\"async\" width=\"800\" height=\"800\" src=\"https:\/\/moyahousehold.com\/wp-content\/uploads\/2024\/08\/instant-noodle-bowls-detail-1.png\" alt=\"tigelas de massa instant\u00e2nea pormenor (1)\" class=\"wp-image-8727\" srcset=\"https:\/\/moyahousehold.com\/wp-content\/uploads\/2024\/08\/instant-noodle-bowls-detail-1.png 800w, https:\/\/moyahousehold.com\/wp-content\/uploads\/2024\/08\/instant-noodle-bowls-detail-1-300x300.png 300w, https:\/\/moyahousehold.com\/wp-content\/uploads\/2024\/08\/instant-noodle-bowls-detail-1-150x150.png 150w, https:\/\/moyahousehold.com\/wp-content\/uploads\/2024\/08\/instant-noodle-bowls-detail-1-768x768.png 768w, https:\/\/moyahousehold.com\/wp-content\/uploads\/2024\/08\/instant-noodle-bowls-detail-1-12x12.png 12w, https:\/\/moyahousehold.com\/wp-content\/uploads\/2024\/08\/instant-noodle-bowls-detail-1-285x285.png 285w, https:\/\/moyahousehold.com\/wp-content\/uploads\/2024\/08\/instant-noodle-bowls-detail-1-270x270.png 270w, https:\/\/moyahousehold.com\/wp-content\/uploads\/2024\/08\/instant-noodle-bowls-detail-1-540x540.png 540w, https:\/\/moyahousehold.com\/wp-content\/uploads\/2024\/08\/instant-noodle-bowls-detail-1-660x660.png 660w\" sizes=\"(max-width: 800px) 100vw, 800px\" \/><\/figure>\n<\/div>\n<\/div>","protected":false},"excerpt":{"rendered":"<p>Esta ta\u00e7a de a\u00e7o inoxid\u00e1vel para massa instant\u00e2nea foi concebida para comer massa instant\u00e2nea e transportar o almo\u00e7o. \u00c9 adequada para utiliza\u00e7\u00e3o numa variedade de cen\u00e1rios, como escrit\u00f3rio, acampamento ao ar livre, etc. Dispomos de 3 estilos \u00e0 escolha. Os compradores B2B s\u00e3o bem-vindos a contactar-nos para obter or\u00e7amentos.<\/p>\n<h3>Carater\u00edsticas e vantagens do Instant Noodle Bowl<\/h3>\n<p><strong>Material saud\u00e1vel:<\/strong> A nossa tigela de massa instant\u00e2nea \u00e9 feita de a\u00e7o inoxid\u00e1vel 304, que tem um bom desempenho anti-corros\u00e3o e n\u00e3o cont\u00e9m BPA. Pode utiliz\u00e1-la para conservar alimentos quentes com confian\u00e7a.<\/p>\n<p><strong>Design \u00e0 prova de fugas:<\/strong> A nossa tigela de massa instant\u00e2nea est\u00e1 equipada com uma tampa de tigela com um excelente desempenho de veda\u00e7\u00e3o. Pode coloc\u00e1-la em seguran\u00e7a na sua mala ou carro sem se preocupar com os problemas causados por fugas acidentais.<\/p>\n<p><strong>Estilos ricos:<\/strong> Esta tigela de massa instant\u00e2nea tem uma variedade de cores \u00e0 escolha, incluindo verde, bege, castanho, etc.<\/p>\n<p><strong>Versatilidade:<\/strong> Esta ta\u00e7a para massa instant\u00e2nea n\u00e3o s\u00f3 \u00e9 adequada para massa instant\u00e2nea, como tamb\u00e9m \u00e9 muito adequada para guardar sopa, bebidas, arroz e outros alimentos.<\/p>\n<p><strong>Vasta gama de cen\u00e1rios aplic\u00e1veis:<\/strong> Esta ta\u00e7a de massa instant\u00e2nea foi concebida para satisfazer as necessidades de v\u00e1rios cen\u00e1rios. Quer se trate de um dormit\u00f3rio de estudantes, de um escrit\u00f3rio, de uma viagem ou de um passeio em auto-condu\u00e7\u00e3o, \u00e9 a escolha ideal.<\/p>\n<p><strong>Amostras gr\u00e1tis:<\/strong> N\u00f3s fornecemos amostras gr\u00e1tis. Pode experimentar as nossas ta\u00e7as de macarr\u00e3o instant\u00e2neo em a\u00e7o inoxid\u00e1vel pessoalmente e sentir os seus materiais e design de alta qualidade.<\/p>\n<p><strong>Servi\u00e7os por grosso e personalizados:<\/strong> N\u00f3s fornecemos tigelas de macarr\u00e3o instant\u00e2neo de a\u00e7o inoxid\u00e1vel por atacado a pre\u00e7os diretos da f\u00e1brica e apoiamos suas diferentes necessidades com servi\u00e7os personalizados e personalizados.<\/p>","protected":false},"featured_media":8733,"comment_status":"closed","ping_status":"closed","template":"","meta":[],"product_cat":[58],"product_tag":[],"class_list":{"0":"post-8161","1":"product","2":"type-product","3":"status-publish","4":"has-post-thumbnail","6":"product_cat-lunch-box-wholesale","8":"first","9":"instock","10":"shipping-taxable","11":"product-type-simple"},"_links":{"self":[{"href":"https:\/\/moyahousehold.com\/pt\/wp-json\/wp\/v2\/product\/8161","targetHints":{"allow":["GET"]}}],"collection":[{"href":"https:\/\/moyahousehold.com\/pt\/wp-json\/wp\/v2\/product"}],"about":[{"href":"https:\/\/moyahousehold.com\/pt\/wp-json\/wp\/v2\/types\/product"}],"replies":[{"embeddable":true,"href":"https:\/\/moyahousehold.com\/pt\/wp-json\/wp\/v2\/comments?post=8161"}],"version-history":[{"count":0,"href":"https:\/\/moyahousehold.com\/pt\/wp-json\/wp\/v2\/product\/8161\/revisions"}],"wp:featuredmedia":[{"embeddable":true,"href":"https:\/\/moyahousehold.com\/pt\/wp-json\/wp\/v2\/media\/8733"}],"wp:attachment":[{"href":"https:\/\/moyahousehold.com\/pt\/wp-json\/wp\/v2\/media?parent=8161"}],"wp:term":[{"taxonomy":"product_cat","embeddable":true,"href":"https:\/\/moyahousehold.com\/pt\/wp-json\/wp\/v2\/product_cat?post=8161"},{"taxonomy":"product_tag","embeddable":true,"href":"https:\/\/moyahousehold.com\/pt\/wp-json\/wp\/v2\/product_tag?post=8161"}],"curies":[{"name":"wp","href":"https:\/\/api.w.org\/{rel}","templated":true}]}}