{"id":8243,"date":"2024-09-07T02:59:13","date_gmt":"2024-09-01T06:54:03","guid":{"rendered":"https:\/\/moyahousehold.com\/?post_type=product&#038;p=8243"},"modified":"2025-02-05T07:18:01","modified_gmt":"2025-02-05T07:18:01","slug":"wholesale-stainless-steel-lunch-boxes-supplier","status":"publish","type":"product","link":"https:\/\/moyahousehold.com\/pt\/produto\/wholesale-stainless-steel-lunch-boxes-supplier\/","title":{"rendered":"Caixa de almo\u00e7o de a\u00e7o inoxid\u00e1vel por atacado com recipientes, recipiente de caixa de almo\u00e7o a granel com compartimentos para venda"},"content":{"rendered":"<h3 class=\"wp-block-heading\">Par\u00e2metros da Lancheira de a\u00e7o inoxid\u00e1vel com recipiente<\/h3>\n\n\n\n<p><strong>material:<\/strong>304 + PP <strong> <\/strong><br><strong>cor:<\/strong>Bege\u3001C\u00e1qui <br><strong>tamanho:<\/strong>Grande\u3001M\u00e9dio\u3001Pequeno <br><strong>grelha:<\/strong>3\u30014\u30015<\/p>\n\n\n\n<h3 class=\"wp-block-heading\">Caixa bento personalizada<\/h3>\n\n\n\n<p><strong>Log\u00f3tipo: <\/strong>personalize o log\u00f3tipo da sua marca na lancheira e na embalagem.<br><strong>Op\u00e7\u00f5es de log\u00f3tipo:<\/strong> log\u00f3tipo impresso, log\u00f3tipo gravado a laser, etc.<br><strong>Padr\u00e3o:<\/strong> Padr\u00f5es de impress\u00e3o <br><strong>Tecnologia de impress\u00e3o:<\/strong> impress\u00e3o por transfer\u00eancia de \u00e1gua, impress\u00e3o por serigrafia, impress\u00e3o por transfer\u00eancia de calor, transfer\u00eancia por sublima\u00e7\u00e3o, etc.<br><strong>Embalagem:<\/strong> caixa de cor<br><a href=\"https:\/\/moyahousehold.com\/pt\/solucao-personalizada\/\"><strong>Saiba mais sobre as solu\u00e7\u00f5es de lancheiras personalizadas.<\/strong><\/a><\/p>\n\n\n\n<div class=\"wp-block-columns is-layout-flex wp-container-core-columns-is-layout-9d6595d7 wp-block-columns-is-layout-flex\">\n<div class=\"wp-block-column is-layout-flow wp-block-column-is-layout-flow\">\n<figure class=\"wp-block-image size-full\"><img fetchpriority=\"high\" decoding=\"async\" width=\"1600\" height=\"1600\" src=\"https:\/\/moyahousehold.com\/wp-content\/uploads\/2024\/09\/Lunch-box-details-1.webp\" alt=\"Detalhes da lancheira (1)\" class=\"wp-image-8303\" srcset=\"https:\/\/moyahousehold.com\/wp-content\/uploads\/2024\/09\/Lunch-box-details-1.webp 1600w, https:\/\/moyahousehold.com\/wp-content\/uploads\/2024\/09\/Lunch-box-details-1-300x300.webp 300w, https:\/\/moyahousehold.com\/wp-content\/uploads\/2024\/09\/Lunch-box-details-1-150x150.webp 150w, https:\/\/moyahousehold.com\/wp-content\/uploads\/2024\/09\/Lunch-box-details-1-768x768.webp 768w, https:\/\/moyahousehold.com\/wp-content\/uploads\/2024\/09\/Lunch-box-details-1-12x12.webp 12w, https:\/\/moyahousehold.com\/wp-content\/uploads\/2024\/09\/Lunch-box-details-1-285x285.webp 285w, https:\/\/moyahousehold.com\/wp-content\/uploads\/2024\/09\/Lunch-box-details-1-270x270.webp 270w, https:\/\/moyahousehold.com\/wp-content\/uploads\/2024\/09\/Lunch-box-details-1-540x540.webp 540w, https:\/\/moyahousehold.com\/wp-content\/uploads\/2024\/09\/Lunch-box-details-1-660x660.webp 660w\" sizes=\"(max-width: 1600px) 100vw, 1600px\" \/><\/figure>\n<\/div>\n\n\n\n<div class=\"wp-block-column is-layout-flow wp-block-column-is-layout-flow\">\n<figure class=\"wp-block-image size-full\"><img decoding=\"async\" width=\"1600\" height=\"1600\" src=\"https:\/\/moyahousehold.com\/wp-content\/uploads\/2024\/09\/Lunch-box-details-2.webp\" alt=\"Detalhes da lancheira (2)\" class=\"wp-image-8304\" srcset=\"https:\/\/moyahousehold.com\/wp-content\/uploads\/2024\/09\/Lunch-box-details-2.webp 1600w, https:\/\/moyahousehold.com\/wp-content\/uploads\/2024\/09\/Lunch-box-details-2-300x300.webp 300w, https:\/\/moyahousehold.com\/wp-content\/uploads\/2024\/09\/Lunch-box-details-2-150x150.webp 150w, https:\/\/moyahousehold.com\/wp-content\/uploads\/2024\/09\/Lunch-box-details-2-768x768.webp 768w, https:\/\/moyahousehold.com\/wp-content\/uploads\/2024\/09\/Lunch-box-details-2-12x12.webp 12w, https:\/\/moyahousehold.com\/wp-content\/uploads\/2024\/09\/Lunch-box-details-2-285x285.webp 285w, https:\/\/moyahousehold.com\/wp-content\/uploads\/2024\/09\/Lunch-box-details-2-270x270.webp 270w, https:\/\/moyahousehold.com\/wp-content\/uploads\/2024\/09\/Lunch-box-details-2-540x540.webp 540w, https:\/\/moyahousehold.com\/wp-content\/uploads\/2024\/09\/Lunch-box-details-2-660x660.webp 660w\" sizes=\"(max-width: 1600px) 100vw, 1600px\" \/><\/figure>\n<\/div>\n<\/div>\n\n\n\n<div class=\"wp-block-columns is-layout-flex wp-container-core-columns-is-layout-9d6595d7 wp-block-columns-is-layout-flex\">\n<div class=\"wp-block-column is-layout-flow wp-block-column-is-layout-flow\">\n<figure class=\"wp-block-image size-full\"><img decoding=\"async\" width=\"1600\" height=\"1600\" src=\"https:\/\/moyahousehold.com\/wp-content\/uploads\/2024\/09\/Lunch-box-details-3.webp\" alt=\"Detalhes da lancheira (3)\" class=\"wp-image-8305\" srcset=\"https:\/\/moyahousehold.com\/wp-content\/uploads\/2024\/09\/Lunch-box-details-3.webp 1600w, https:\/\/moyahousehold.com\/wp-content\/uploads\/2024\/09\/Lunch-box-details-3-300x300.webp 300w, https:\/\/moyahousehold.com\/wp-content\/uploads\/2024\/09\/Lunch-box-details-3-150x150.webp 150w, https:\/\/moyahousehold.com\/wp-content\/uploads\/2024\/09\/Lunch-box-details-3-768x768.webp 768w, https:\/\/moyahousehold.com\/wp-content\/uploads\/2024\/09\/Lunch-box-details-3-12x12.webp 12w, https:\/\/moyahousehold.com\/wp-content\/uploads\/2024\/09\/Lunch-box-details-3-285x285.webp 285w, https:\/\/moyahousehold.com\/wp-content\/uploads\/2024\/09\/Lunch-box-details-3-270x270.webp 270w, https:\/\/moyahousehold.com\/wp-content\/uploads\/2024\/09\/Lunch-box-details-3-540x540.webp 540w, https:\/\/moyahousehold.com\/wp-content\/uploads\/2024\/09\/Lunch-box-details-3-660x660.webp 660w\" sizes=\"(max-width: 1600px) 100vw, 1600px\" \/><\/figure>\n<\/div>\n\n\n\n<div class=\"wp-block-column is-layout-flow wp-block-column-is-layout-flow\">\n<figure class=\"wp-block-image size-full\"><img loading=\"lazy\" decoding=\"async\" width=\"4095\" height=\"4095\" src=\"https:\/\/moyahousehold.com\/wp-content\/uploads\/2024\/09\/Lunch-box-details-4.webp\" alt=\"Detalhes da lancheira (4)\" class=\"wp-image-8306\" srcset=\"https:\/\/moyahousehold.com\/wp-content\/uploads\/2024\/09\/Lunch-box-details-4.webp 4095w, https:\/\/moyahousehold.com\/wp-content\/uploads\/2024\/09\/Lunch-box-details-4-300x300.webp 300w, https:\/\/moyahousehold.com\/wp-content\/uploads\/2024\/09\/Lunch-box-details-4-150x150.webp 150w, https:\/\/moyahousehold.com\/wp-content\/uploads\/2024\/09\/Lunch-box-details-4-768x768.webp 768w, https:\/\/moyahousehold.com\/wp-content\/uploads\/2024\/09\/Lunch-box-details-4-12x12.webp 12w, https:\/\/moyahousehold.com\/wp-content\/uploads\/2024\/09\/Lunch-box-details-4-285x285.webp 285w, https:\/\/moyahousehold.com\/wp-content\/uploads\/2024\/09\/Lunch-box-details-4-1600x1600.webp 1600w, https:\/\/moyahousehold.com\/wp-content\/uploads\/2024\/09\/Lunch-box-details-4-270x270.webp 270w, https:\/\/moyahousehold.com\/wp-content\/uploads\/2024\/09\/Lunch-box-details-4-540x540.webp 540w, https:\/\/moyahousehold.com\/wp-content\/uploads\/2024\/09\/Lunch-box-details-4-660x660.webp 660w\" sizes=\"(max-width: 4095px) 100vw, 4095px\" \/><\/figure>\n<\/div>\n<\/div>","protected":false},"excerpt":{"rendered":"<p>Oferecemos uma variedade de lancheiras, incluindo lancheiras com 3 compartimentos, lancheiras com dois compartimentos e lancheiras com 4 compartimentos. Feita de a\u00e7o inoxid\u00e1vel de qualidade alimentar, esta lancheira \u00e9 adequada para armazenar uma variedade de alimentos quentes e frios. Como um fornecedor profissional de lancheiras, fornecemos lancheiras de alta qualidade por atacado e apoiamos servi\u00e7os de OEM e ODM, entre em contacto connosco.<\/p>\n<h2>Carater\u00edsticas da Lancheira de a\u00e7o inoxid\u00e1vel<\/p>\n<\/h2>\n<p><strong>Revestimento em a\u00e7o inoxid\u00e1vel 304:<\/strong> A lancheira \u00e9 feita de a\u00e7o inoxid\u00e1vel 304 de qualidade alimentar, que \u00e9 dur\u00e1vel, resistente \u00e0 corros\u00e3o e mais seguro para armazenar alimentos. Al\u00e9m disso, este material \u00e9 f\u00e1cil de limpar, inodoro e pode ser colocado na m\u00e1quina de lavar loi\u00e7a para limpeza, poupando tempo\/<\/p>\n<p><strong>Caixa de almo\u00e7o com compartimentos:<\/strong> Trata-se de uma lancheira com 4 compartimentos, cada compartimento \u00e9 utilizado para guardar diferentes artigos separadamente, e est\u00e1 equipada com recipientes para alimentos, o que torna mais c\u00f3modo guardar alimentos l\u00edquidos.<\/p>\n<p><strong>Port\u00e1til:<\/strong> Esta lancheira \u00e9 leve, f\u00e1cil de transportar e n\u00e3o ocupa muito espa\u00e7o, sendo adequada para actividades ao ar livre, como trabalho, escola ou viagens.<\/p>\n<p><strong>Amigo do ambiente e reutiliz\u00e1vel:<\/strong> A lancheira \u00e9 feita de a\u00e7o inoxid\u00e1vel dur\u00e1vel e outros materiais, o que pode reduzir a utiliza\u00e7\u00e3o de lancheiras descart\u00e1veis, o que \u00e9 rent\u00e1vel tanto para os utilizadores como para o ambiente.<\/p>\n<p><strong>Servi\u00e7os por grosso e personalizados:<\/strong> N\u00f3s fornecemos servi\u00e7os de atacado de lancheira e apoiamos a personaliza\u00e7\u00e3o personalizada. Os clientes podem escolher a capacidade, cor, material, log\u00f3tipo da marca, etc. de acordo com as suas necessidades para satisfazer diferentes necessidades personalizadas.<\/p>\n<p>&nbsp;<\/p>","protected":false},"featured_media":8956,"comment_status":"closed","ping_status":"closed","template":"","meta":[],"product_cat":[58],"product_tag":[87],"class_list":{"0":"post-8243","1":"product","2":"type-product","3":"status-publish","4":"has-post-thumbnail","6":"product_cat-lunch-box-wholesale","7":"product_tag-wholesale-multi-compartment-lunch-box","9":"first","10":"instock","11":"shipping-taxable","12":"product-type-simple"},"_links":{"self":[{"href":"https:\/\/moyahousehold.com\/pt\/wp-json\/wp\/v2\/product\/8243","targetHints":{"allow":["GET"]}}],"collection":[{"href":"https:\/\/moyahousehold.com\/pt\/wp-json\/wp\/v2\/product"}],"about":[{"href":"https:\/\/moyahousehold.com\/pt\/wp-json\/wp\/v2\/types\/product"}],"replies":[{"embeddable":true,"href":"https:\/\/moyahousehold.com\/pt\/wp-json\/wp\/v2\/comments?post=8243"}],"version-history":[{"count":0,"href":"https:\/\/moyahousehold.com\/pt\/wp-json\/wp\/v2\/product\/8243\/revisions"}],"wp:featuredmedia":[{"embeddable":true,"href":"https:\/\/moyahousehold.com\/pt\/wp-json\/wp\/v2\/media\/8956"}],"wp:attachment":[{"href":"https:\/\/moyahousehold.com\/pt\/wp-json\/wp\/v2\/media?parent=8243"}],"wp:term":[{"taxonomy":"product_cat","embeddable":true,"href":"https:\/\/moyahousehold.com\/pt\/wp-json\/wp\/v2\/product_cat?post=8243"},{"taxonomy":"product_tag","embeddable":true,"href":"https:\/\/moyahousehold.com\/pt\/wp-json\/wp\/v2\/product_tag?post=8243"}],"curies":[{"name":"wp","href":"https:\/\/api.w.org\/{rel}","templated":true}]}}