{"id":9198,"date":"2024-11-19T10:25:01","date_gmt":"2024-11-17T02:31:09","guid":{"rendered":"https:\/\/moyahousehold.com\/?post_type=product&#038;p=9198"},"modified":"2025-02-05T09:56:47","modified_gmt":"2025-02-05T09:56:47","slug":"wholesale-stainless-steel-kitchen-food-containers","status":"publish","type":"product","link":"https:\/\/moyahousehold.com\/pt\/produto\/wholesale-stainless-steel-kitchen-food-containers\/","title":{"rendered":"Recipientes para alimentos de cozinha em a\u00e7o inoxid\u00e1vel por atacado, recipientes para armazenamento de alimentos para piquenique a granel para venda"},"content":{"rendered":"<div class=\"wp-block-columns is-layout-flex wp-container-core-columns-is-layout-9d6595d7 wp-block-columns-is-layout-flex\">\n<div class=\"wp-block-column is-layout-flow wp-block-column-is-layout-flow\">\n<h3 class=\"wp-block-heading\">Par\u00e2metros dos recipientes para alimentos de cozinha em a\u00e7o inoxid\u00e1vel<\/h3>\n\n\n\n<figure class=\"wp-block-table\"><table><tbody><tr><td>Item NO<\/td><td>Capacidade<\/td><td>Tamanho\/PCS<\/td><td>PCS\/Caixa<\/td><td>N.W.\/PCS<\/td><td>G.W.\/Caso<\/td><\/tr><tr><td>MYJD126<\/td><td>420ml<\/td><td>13.3*9.6*5.6<\/td><td>80<\/td><td>14<\/td><td>0.15<\/td><\/tr><tr><td>MYJD127<\/td><td>660ml<\/td><td>13.3*9.6*8.2<\/td><td>80<\/td><td>14.8<\/td><td>0.16<\/td><\/tr><tr><td>MYJD128<\/td><td>900ml<\/td><td>13.3*9.6*10.7<\/td><td>60<\/td><td>14<\/td><td>0.2<\/td><\/tr><tr><td>MYJD129<\/td><td>1000ml<\/td><td>20.3*13.5*5.7<\/td><td>60<\/td><td>17<\/td><td>0.25<\/td><\/tr><tr><td>MYJD130<\/td><td>1600ml<\/td><td>20.3*13.5*8.2<\/td><td>60<\/td><td>18.8<\/td><td>0.28<\/td><\/tr><tr><td>MYJD131<\/td><td>2100ml<\/td><td>20.3*13.5*10.7<\/td><td>48<\/td><td>18.32<\/td><td>0.34<\/td><\/tr><tr><td>MYJD132<\/td><td>2400ml<\/td><td>27.5*20.2*6<\/td><td>48<\/td><td>25.52<\/td><td>0.49<\/td><\/tr><tr><td>MYJD133<\/td><td>3500ml<\/td><td>27.5*20.2*8.2<\/td><td>36<\/td><td>22.52<\/td><td>0.57<\/td><\/tr><tr><td>MYJD134<\/td><td>4600ml<\/td><td>27.5*20.2*10.7<\/td><td>24<\/td><td>17.12<\/td><td>0.63<\/td><\/tr><\/tbody><\/table><\/figure>\n<\/div>\n<\/div>\n\n\n\n<h3 class=\"wp-block-heading\">Op\u00e7\u00f5es de recipientes para alimentos personalizados<\/h3>\n\n\n\n<p><strong>Log\u00f3tipo:<\/strong> personalize o log\u00f3tipo da sua marca em recipientes e embalagens de alimentos.<br><strong>Tampa: <\/strong>Tampa de vidro, tampa PP<br><strong>Op\u00e7\u00f5es de log\u00f3tipo:<\/strong> log\u00f3tipo impresso, log\u00f3tipo gravado a laser, etc.<br><strong>Padr\u00e3o:<\/strong> padr\u00f5es de impress\u00e3o em recipientes de armazenamento de alimentos.<br><strong>Tecnologia de impress\u00e3o:<\/strong> impress\u00e3o por transfer\u00eancia de \u00e1gua, serigrafia, impress\u00e3o por transfer\u00eancia de calor, etc.<br><strong>Embalagem:<\/strong>caixa de cor<br><a href=\"https:\/\/moyahousehold.com\/pt\/solucao-personalizada\/\" data-type=\"page\" data-id=\"2817\"><strong>Saiba mais sobre as op\u00e7\u00f5es de recipientes para alimentos personalizados<\/strong><\/a>.<\/p>\n\n\n\n<div class=\"wp-block-columns is-layout-flex wp-container-core-columns-is-layout-9d6595d7 wp-block-columns-is-layout-flex\">\n<div class=\"wp-block-column is-layout-flow wp-block-column-is-layout-flow\">\n<figure class=\"wp-block-image size-full\"><img fetchpriority=\"high\" decoding=\"async\" width=\"1500\" height=\"1500\" src=\"https:\/\/moyahousehold.com\/wp-content\/uploads\/2024\/11\/stainless-steel-kitchen-food-containers-1.jpg\" alt=\"recipientes para alimentos de cozinha em a\u00e7o inoxid\u00e1vel (1)\" class=\"wp-image-9396\" srcset=\"https:\/\/moyahousehold.com\/wp-content\/uploads\/2024\/11\/stainless-steel-kitchen-food-containers-1.jpg 1500w, https:\/\/moyahousehold.com\/wp-content\/uploads\/2024\/11\/stainless-steel-kitchen-food-containers-1-300x300.jpg 300w, https:\/\/moyahousehold.com\/wp-content\/uploads\/2024\/11\/stainless-steel-kitchen-food-containers-1-150x150.jpg 150w, https:\/\/moyahousehold.com\/wp-content\/uploads\/2024\/11\/stainless-steel-kitchen-food-containers-1-768x768.jpg 768w, https:\/\/moyahousehold.com\/wp-content\/uploads\/2024\/11\/stainless-steel-kitchen-food-containers-1-12x12.jpg 12w, https:\/\/moyahousehold.com\/wp-content\/uploads\/2024\/11\/stainless-steel-kitchen-food-containers-1-285x285.jpg 285w, https:\/\/moyahousehold.com\/wp-content\/uploads\/2024\/11\/stainless-steel-kitchen-food-containers-1-270x270.jpg 270w, https:\/\/moyahousehold.com\/wp-content\/uploads\/2024\/11\/stainless-steel-kitchen-food-containers-1-540x540.jpg 540w, https:\/\/moyahousehold.com\/wp-content\/uploads\/2024\/11\/stainless-steel-kitchen-food-containers-1-660x660.jpg 660w\" sizes=\"(max-width: 1500px) 100vw, 1500px\" \/><\/figure>\n<\/div>\n\n\n\n<div class=\"wp-block-column is-layout-flow wp-block-column-is-layout-flow\">\n<figure class=\"wp-block-image size-full\"><img decoding=\"async\" width=\"1500\" height=\"1500\" src=\"https:\/\/moyahousehold.com\/wp-content\/uploads\/2024\/11\/stainless-steel-kitchen-food-containers-2.jpg\" alt=\"recipientes para alimentos de cozinha em a\u00e7o inoxid\u00e1vel (2)\" class=\"wp-image-9397\" srcset=\"https:\/\/moyahousehold.com\/wp-content\/uploads\/2024\/11\/stainless-steel-kitchen-food-containers-2.jpg 1500w, https:\/\/moyahousehold.com\/wp-content\/uploads\/2024\/11\/stainless-steel-kitchen-food-containers-2-300x300.jpg 300w, https:\/\/moyahousehold.com\/wp-content\/uploads\/2024\/11\/stainless-steel-kitchen-food-containers-2-150x150.jpg 150w, https:\/\/moyahousehold.com\/wp-content\/uploads\/2024\/11\/stainless-steel-kitchen-food-containers-2-768x768.jpg 768w, https:\/\/moyahousehold.com\/wp-content\/uploads\/2024\/11\/stainless-steel-kitchen-food-containers-2-12x12.jpg 12w, https:\/\/moyahousehold.com\/wp-content\/uploads\/2024\/11\/stainless-steel-kitchen-food-containers-2-285x285.jpg 285w, https:\/\/moyahousehold.com\/wp-content\/uploads\/2024\/11\/stainless-steel-kitchen-food-containers-2-270x270.jpg 270w, https:\/\/moyahousehold.com\/wp-content\/uploads\/2024\/11\/stainless-steel-kitchen-food-containers-2-540x540.jpg 540w, https:\/\/moyahousehold.com\/wp-content\/uploads\/2024\/11\/stainless-steel-kitchen-food-containers-2-660x660.jpg 660w\" sizes=\"(max-width: 1500px) 100vw, 1500px\" \/><\/figure>\n<\/div>\n<\/div>","protected":false},"excerpt":{"rendered":"<p>Recipientes para alimentos de cozinha em a\u00e7o inoxid\u00e1vel de alta qualidade, este recipiente multifuncional para alimentos \u00e9 pr\u00e1tico e elegante, concebido para armazenamento e piqueniques ao ar livre! Feito de a\u00e7o inoxid\u00e1vel de alta qualidade, design \u00e0 prova de fugas, mant\u00e9m os alimentos frescos de forma eficaz. Est\u00e3o dispon\u00edveis nove tamanhos, adequados para cozinhas dom\u00e9sticas, refei\u00e7\u00f5es fora de casa ou necessidades comerciais de catering. Quer seja utilizado para preparar refei\u00e7\u00f5es, armazenar sobras ou transportar consigo, este recipiente para alimentos \u00e9 muito adequado.<\/p>\n<h3>Carater\u00edsticas do recipiente colorido para armazenagem de alimentos<\/h3>\n<p><strong>Dispon\u00edvel em v\u00e1rios tamanhos: <\/strong>Este conjunto de recipientes para alimentos em a\u00e7o inoxid\u00e1vel est\u00e1 dispon\u00edvel numa variedade de tamanhos, desde pequenos e port\u00e1teis a grandes capacidades, adequados para as diferentes necessidades de refei\u00e7\u00f5es de toda a fam\u00edlia. O tamanho grande \u00e9 adequado para restos de comida ou peda\u00e7os grandes de comida, e o tamanho pequeno \u00e9 conveniente para transportar pequenas refei\u00e7\u00f5es ou lanches. Este design diversificado \u00e9 adequado tanto para uso dom\u00e9stico como comercial.<\/p>\n<p><strong>Utiliza\u00e7\u00f5es m\u00faltiplas:<\/strong> O recipiente para alimentos em a\u00e7o inoxid\u00e1vel pode n\u00e3o s\u00f3 guardar o almo\u00e7o ou o jantar, mas tamb\u00e9m refrigerar as sobras, aquec\u00ea-las no micro-ondas no escrit\u00f3rio e tamb\u00e9m pode ser utilizado como recipientes de armazenamento de alimentos para piqueniques. Torna a vida mais c\u00f3moda.<\/p>\n<p><strong>Materiais de alta qualidade:<\/strong> O revestimento interior do recipiente para alimentos \u00e9 feito de a\u00e7o inoxid\u00e1vel, que \u00e9 muito resistente \u00e0 corros\u00e3o e dur\u00e1vel. Pode armazenar com seguran\u00e7a v\u00e1rios alimentos e n\u00e3o reage com os alimentos. Em compara\u00e7\u00e3o com as lancheiras de pl\u00e1stico, o a\u00e7o inoxid\u00e1vel \u00e9 mais saud\u00e1vel e mais amigo do ambiente, adequado para uma utiliza\u00e7\u00e3o a longo prazo.<\/p>\n<p><strong>Design elegante:<\/strong> Este recipiente para alimentos de cozinha em a\u00e7o inoxid\u00e1vel tem um design simples e elegante que se adapta \u00e0 est\u00e9tica moderna. Dispomos de duas cores exteriores, bege e amarelo. Especialmente adequado para utilizadores que procuram qualidade de vida.<\/p>","protected":false},"featured_media":9379,"comment_status":"closed","ping_status":"closed","template":"","meta":[],"product_cat":[57],"product_tag":[95,99],"class_list":{"0":"post-9198","1":"product","2":"type-product","3":"status-publish","4":"has-post-thumbnail","6":"product_cat-food-storage-container-wholesale","7":"product_tag-wholesale-food-storage-containers-with-date-dial","8":"product_tag-wholesale-rectangle-food-storage-containers","10":"first","11":"instock","12":"shipping-taxable","13":"product-type-simple"},"_links":{"self":[{"href":"https:\/\/moyahousehold.com\/pt\/wp-json\/wp\/v2\/product\/9198","targetHints":{"allow":["GET"]}}],"collection":[{"href":"https:\/\/moyahousehold.com\/pt\/wp-json\/wp\/v2\/product"}],"about":[{"href":"https:\/\/moyahousehold.com\/pt\/wp-json\/wp\/v2\/types\/product"}],"replies":[{"embeddable":true,"href":"https:\/\/moyahousehold.com\/pt\/wp-json\/wp\/v2\/comments?post=9198"}],"version-history":[{"count":0,"href":"https:\/\/moyahousehold.com\/pt\/wp-json\/wp\/v2\/product\/9198\/revisions"}],"wp:featuredmedia":[{"embeddable":true,"href":"https:\/\/moyahousehold.com\/pt\/wp-json\/wp\/v2\/media\/9379"}],"wp:attachment":[{"href":"https:\/\/moyahousehold.com\/pt\/wp-json\/wp\/v2\/media?parent=9198"}],"wp:term":[{"taxonomy":"product_cat","embeddable":true,"href":"https:\/\/moyahousehold.com\/pt\/wp-json\/wp\/v2\/product_cat?post=9198"},{"taxonomy":"product_tag","embeddable":true,"href":"https:\/\/moyahousehold.com\/pt\/wp-json\/wp\/v2\/product_tag?post=9198"}],"curies":[{"name":"wp","href":"https:\/\/api.w.org\/{rel}","templated":true}]}}