{"id":9226,"date":"2024-11-20T10:07:21","date_gmt":"2024-11-17T03:24:38","guid":{"rendered":"https:\/\/moyahousehold.com\/?post_type=product&#038;p=9226"},"modified":"2025-03-05T10:08:35","modified_gmt":"2025-03-05T10:08:35","slug":"wholesale-stainless-steel-food-containers-for-restaurants","status":"publish","type":"product","link":"https:\/\/moyahousehold.com\/pt\/produto\/wholesale-stainless-steel-food-containers-for-restaurants\/","title":{"rendered":"Recipientes para alimentos de a\u00e7o inoxid\u00e1vel por atacado para restaurantes, recipiente para alimentos de restaurante de a\u00e7o inoxid\u00e1vel para micro-ondas para venda"},"content":{"rendered":"<div class=\"wp-block-columns is-layout-flex wp-container-core-columns-is-layout-9d6595d7 wp-block-columns-is-layout-flex\">\n<div class=\"wp-block-column is-layout-flow wp-block-column-is-layout-flow\">\n<h3 class=\"wp-block-heading\">Par\u00e2metros dos recipientes para alimentos para restaurantes<\/h3>\n\n\n\n<figure class=\"wp-block-table\"><table><tbody><tr><td>Item NO<\/td><td>Capacidade<\/td><td>Tamanho\/PCS<\/td><td>PCS\/Caixa<\/td><td>N.W.\/PCS<\/td><td>G.W.\/Caso<\/td><\/tr><tr><td>MYJD126<\/td><td>420ml<\/td><td>13.3*9.6*5.6<\/td><td>80<\/td><td>14<\/td><td>0.15<\/td><\/tr><tr><td>MYJD127<\/td><td>660ml<\/td><td>13.3*9.6*8.2<\/td><td>80<\/td><td>14.8<\/td><td>0.16<\/td><\/tr><tr><td>MYJD128<\/td><td>900ml<\/td><td>13.3*9.6*10.7<\/td><td>60<\/td><td>14<\/td><td>0.2<\/td><\/tr><tr><td>MYJD129<\/td><td>1000ml<\/td><td>20.3*13.5*5.7<\/td><td>60<\/td><td>17<\/td><td>0.25<\/td><\/tr><tr><td>MYJD130<\/td><td>1600ml<\/td><td>20.3*13.5*8.2<\/td><td>60<\/td><td>18.8<\/td><td>0.28<\/td><\/tr><tr><td>MYJD131<\/td><td>2100ml<\/td><td>20.3*13.5*10.7<\/td><td>48<\/td><td>18.32<\/td><td>0.34<\/td><\/tr><tr><td>MYJD132<\/td><td>2400ml<\/td><td>27.5*20.2*6<\/td><td>48<\/td><td>25.52<\/td><td>0.49<\/td><\/tr><tr><td>MYJD133<\/td><td>3500ml<\/td><td>27.5*20.2*8.2<\/td><td>36<\/td><td>22.52<\/td><td>0.57<\/td><\/tr><tr><td>MYJD134<\/td><td>4600ml<\/td><td>27.5*20.2*10.7<\/td><td>24<\/td><td>17.12<\/td><td>0.63<\/td><\/tr><\/tbody><\/table><\/figure>\n<\/div>\n<\/div>\n\n\n\n<h3 class=\"wp-block-heading\">Op\u00e7\u00f5es de recipientes para alimentos personalizados<\/h3>\n\n\n\n<p><strong>Log\u00f3tipo:<\/strong> personalize o log\u00f3tipo da sua marca em recipientes e embalagens para armazenamento de alimentos.<br><strong>Tampa: <\/strong>Tampa de vidro, tampa PP<br><strong>Op\u00e7\u00f5es de log\u00f3tipo:<\/strong> log\u00f3tipo impresso, log\u00f3tipo gravado a laser, etc.<br><strong>Padr\u00e3o:<\/strong> padr\u00f5es de impress\u00e3o em recipientes de armazenamento de alimentos.<br><strong>Tecnologia de impress\u00e3o:<\/strong> impress\u00e3o por transfer\u00eancia de \u00e1gua, serigrafia, impress\u00e3o por transfer\u00eancia de calor, etc.<br><strong>Embalagem:<\/strong>caixa de cor<br><a href=\"https:\/\/moyahousehold.com\/pt\/solucao-personalizada\/\" data-type=\"page\" data-id=\"2817\"><strong>Saiba mais sobre as op\u00e7\u00f5es de recipientes para alimentos personalizados<\/strong><\/a>.<\/p>\n\n\n\n<div class=\"wp-block-columns is-layout-flex wp-container-core-columns-is-layout-9d6595d7 wp-block-columns-is-layout-flex\">\n<div class=\"wp-block-column is-layout-flow wp-block-column-is-layout-flow\">\n<figure class=\"wp-block-image size-full\"><img fetchpriority=\"high\" decoding=\"async\" width=\"1500\" height=\"1500\" src=\"https:\/\/moyahousehold.com\/wp-content\/uploads\/2024\/11\/stainless-steel-food-containers-for-restaurants-1.jpg\" alt=\"recipientes para alimentos em a\u00e7o inoxid\u00e1vel para restaurantes (1)\" class=\"wp-image-9414\" srcset=\"https:\/\/moyahousehold.com\/wp-content\/uploads\/2024\/11\/stainless-steel-food-containers-for-restaurants-1.jpg 1500w, https:\/\/moyahousehold.com\/wp-content\/uploads\/2024\/11\/stainless-steel-food-containers-for-restaurants-1-300x300.jpg 300w, https:\/\/moyahousehold.com\/wp-content\/uploads\/2024\/11\/stainless-steel-food-containers-for-restaurants-1-150x150.jpg 150w, https:\/\/moyahousehold.com\/wp-content\/uploads\/2024\/11\/stainless-steel-food-containers-for-restaurants-1-768x768.jpg 768w, https:\/\/moyahousehold.com\/wp-content\/uploads\/2024\/11\/stainless-steel-food-containers-for-restaurants-1-12x12.jpg 12w, https:\/\/moyahousehold.com\/wp-content\/uploads\/2024\/11\/stainless-steel-food-containers-for-restaurants-1-285x285.jpg 285w, https:\/\/moyahousehold.com\/wp-content\/uploads\/2024\/11\/stainless-steel-food-containers-for-restaurants-1-270x270.jpg 270w, https:\/\/moyahousehold.com\/wp-content\/uploads\/2024\/11\/stainless-steel-food-containers-for-restaurants-1-540x540.jpg 540w, https:\/\/moyahousehold.com\/wp-content\/uploads\/2024\/11\/stainless-steel-food-containers-for-restaurants-1-660x660.jpg 660w\" sizes=\"(max-width: 1500px) 100vw, 1500px\" \/><\/figure>\n<\/div>\n\n\n\n<div class=\"wp-block-column is-layout-flow wp-block-column-is-layout-flow\">\n<figure class=\"wp-block-image size-full\"><img decoding=\"async\" width=\"1500\" height=\"1500\" src=\"https:\/\/moyahousehold.com\/wp-content\/uploads\/2024\/11\/stainless-steel-food-containers-for-restaurants-2.jpg\" alt=\"recipientes para alimentos em a\u00e7o inoxid\u00e1vel para restaurantes (2)\" class=\"wp-image-9426\" srcset=\"https:\/\/moyahousehold.com\/wp-content\/uploads\/2024\/11\/stainless-steel-food-containers-for-restaurants-2.jpg 1500w, https:\/\/moyahousehold.com\/wp-content\/uploads\/2024\/11\/stainless-steel-food-containers-for-restaurants-2-300x300.jpg 300w, https:\/\/moyahousehold.com\/wp-content\/uploads\/2024\/11\/stainless-steel-food-containers-for-restaurants-2-150x150.jpg 150w, https:\/\/moyahousehold.com\/wp-content\/uploads\/2024\/11\/stainless-steel-food-containers-for-restaurants-2-768x768.jpg 768w, https:\/\/moyahousehold.com\/wp-content\/uploads\/2024\/11\/stainless-steel-food-containers-for-restaurants-2-12x12.jpg 12w, https:\/\/moyahousehold.com\/wp-content\/uploads\/2024\/11\/stainless-steel-food-containers-for-restaurants-2-285x285.jpg 285w, https:\/\/moyahousehold.com\/wp-content\/uploads\/2024\/11\/stainless-steel-food-containers-for-restaurants-2-270x270.jpg 270w, https:\/\/moyahousehold.com\/wp-content\/uploads\/2024\/11\/stainless-steel-food-containers-for-restaurants-2-540x540.jpg 540w, https:\/\/moyahousehold.com\/wp-content\/uploads\/2024\/11\/stainless-steel-food-containers-for-restaurants-2-660x660.jpg 660w\" sizes=\"(max-width: 1500px) 100vw, 1500px\" \/><\/figure>\n<\/div>\n<\/div>","protected":false},"excerpt":{"rendered":"<p>Recipiente para alimentos para restaurante em a\u00e7o inoxid\u00e1vel para micro-ondas por atacado. Este recipiente de a\u00e7o inoxid\u00e1vel para alimentos \u00e9 dur\u00e1vel, pr\u00e1tico e bonito, adequado para casa, restaurante e uso ao ar livre. Comercialmente, pode reduzir o custo de substitui\u00e7\u00e3o de utens\u00edlios de mesa e melhorar a imagem da marca. Ao mesmo tempo, como um profissional <a href=\"https:\/\/moyahousehold.com\/pt\/categoria-do-produto\/food-storage-container-wholesale\/\" target=\"_blank\" rel=\"noopener\"><strong>fabricante de recipientes para alimentos<\/strong><\/a>A nossa empresa apoia a produ\u00e7\u00e3o em massa e os servi\u00e7os de personaliza\u00e7\u00e3o, e pode ajustar o tamanho, a forma ou a fun\u00e7\u00e3o da tampa de acordo com as necessidades dos clientes comerciais para satisfazer as necessidades de personaliza\u00e7\u00e3o.<\/p>\n<h3>Carater\u00edsticas dos contentores para comida de restaurante<\/h3>\n<p><strong>A\u00e7o inoxid\u00e1vel de alta qualidade:<\/strong> Este recipiente para alimentos de restaurante \u00e9 fabricado com materiais de alta qualidade e pode facilmente resistir a riscos, corros\u00e3o e desgaste di\u00e1rio, tendo um bom desempenho tanto para uso dom\u00e9stico como comercial.<\/p>\n<p>&nbsp;<\/p>\n<p><strong>Design \u00fanico de empilhamento:<\/strong> Maximiza a utiliza\u00e7\u00e3o do espa\u00e7o durante a arruma\u00e7\u00e3o e utiliza\u00e7\u00e3o, especialmente adequado para cozinhas e frigor\u00edficos com espa\u00e7o limitado, poupando espa\u00e7o e mantendo a arruma\u00e7\u00e3o.<\/p>\n<p>&nbsp;<\/p>\n<p><strong>Especifica\u00e7\u00f5es m\u00faltiplas:<\/strong> Este recipiente para alimentos em a\u00e7o inoxid\u00e1vel tem uma variedade de designs de produtos, abrangendo uma variedade de especifica\u00e7\u00f5es, desde pequenos snacks a grandes pratos principais, satisfazendo v\u00e1rias necessidades de armazenamento, quer se trate de uma mesa de jantar familiar, piquenique ao ar livre ou cozinha de restaurante, pode encontrar uma escolha adequada.<\/p>\n<p>&nbsp;<\/p>\n<p><strong>F\u00e1cil de limpar:<\/strong> A superf\u00edcie de a\u00e7o inoxid\u00e1vel \u00e9 lisa e resistente a manchas, e as manchas de \u00f3leo podem ser facilmente removidas. Tamb\u00e9m \u00e9 compat\u00edvel com m\u00e1quinas de lavar lou\u00e7a, tornando a limpeza mais r\u00e1pida e sem preocupa\u00e7\u00f5es.<\/p>\n<p>&nbsp;<\/p>\n<p><strong>Design de tampa transparente:<\/strong> \u00c9 poss\u00edvel ver rapidamente os alimentos no recipiente, evitar a oxida\u00e7\u00e3o dos alimentos causada pela abertura frequente da tampa e manter os alimentos frescos.<\/p>","protected":false},"featured_media":9236,"comment_status":"closed","ping_status":"closed","template":"","meta":[],"product_cat":[57],"product_tag":[95,106,99],"class_list":{"0":"post-9226","1":"product","2":"type-product","3":"status-publish","4":"has-post-thumbnail","6":"product_cat-food-storage-container-wholesale","7":"product_tag-wholesale-food-storage-containers-with-date-dial","8":"product_tag-microwavable-food-storage-containers","9":"product_tag-wholesale-rectangle-food-storage-containers","11":"first","12":"instock","13":"shipping-taxable","14":"product-type-simple"},"_links":{"self":[{"href":"https:\/\/moyahousehold.com\/pt\/wp-json\/wp\/v2\/product\/9226","targetHints":{"allow":["GET"]}}],"collection":[{"href":"https:\/\/moyahousehold.com\/pt\/wp-json\/wp\/v2\/product"}],"about":[{"href":"https:\/\/moyahousehold.com\/pt\/wp-json\/wp\/v2\/types\/product"}],"replies":[{"embeddable":true,"href":"https:\/\/moyahousehold.com\/pt\/wp-json\/wp\/v2\/comments?post=9226"}],"version-history":[{"count":0,"href":"https:\/\/moyahousehold.com\/pt\/wp-json\/wp\/v2\/product\/9226\/revisions"}],"wp:featuredmedia":[{"embeddable":true,"href":"https:\/\/moyahousehold.com\/pt\/wp-json\/wp\/v2\/media\/9236"}],"wp:attachment":[{"href":"https:\/\/moyahousehold.com\/pt\/wp-json\/wp\/v2\/media?parent=9226"}],"wp:term":[{"taxonomy":"product_cat","embeddable":true,"href":"https:\/\/moyahousehold.com\/pt\/wp-json\/wp\/v2\/product_cat?post=9226"},{"taxonomy":"product_tag","embeddable":true,"href":"https:\/\/moyahousehold.com\/pt\/wp-json\/wp\/v2\/product_tag?post=9226"}],"curies":[{"name":"wp","href":"https:\/\/api.w.org\/{rel}","templated":true}]}}