{"id":9312,"date":"2024-11-22T01:18:53","date_gmt":"2024-11-18T07:46:17","guid":{"rendered":"https:\/\/moyahousehold.com\/?post_type=product&#038;p=9312"},"modified":"2025-02-05T09:55:17","modified_gmt":"2025-02-05T09:55:17","slug":"wholesale-korean-style-colorful-lunch-box-food-containers","status":"publish","type":"product","link":"https:\/\/moyahousehold.com\/pt\/produto\/wholesale-korean-style-colorful-lunch-box-food-containers\/","title":{"rendered":"Atacado estilo coreano colorido lancheira recipientes de alimentos, 2 compartimento recipientes de alimentos para venda"},"content":{"rendered":"<div class=\"wp-block-columns is-layout-flex wp-container-core-columns-is-layout-9d6595d7 wp-block-columns-is-layout-flex\">\n<div class=\"wp-block-column is-layout-flow wp-block-column-is-layout-flow\">\n<h3 class=\"wp-block-heading\">Par\u00e2metros do recipiente de a\u00e7o inoxid\u00e1vel para alimentos<\/h3>\n\n\n\n<figure class=\"wp-block-table\"><table class=\"has-fixed-layout\"><tbody><tr><td>Item<\/td><td>Capacidade<\/td><td>Tamanho\/PCS<\/td><td>PCS\/Caixa<\/td><td>N.W.\/PCS<\/td><td>G.W.\/Caso<\/td><\/tr><tr><td>MYJD230<\/td><td>600ml<\/td><td>14.5*11*7<\/td><td>80<\/td><td>0.2<\/td><td>18<\/td><\/tr><tr><td>MYJD231<\/td><td>900ml<\/td><td>17*12.5*8<\/td><td>60<\/td><td>0.26<\/td><td>17.6<\/td><\/tr><tr><td>MYJD232<\/td><td>1500ml<\/td><td>19.5*9.5*14<\/td><td>60<\/td><td>0.36<\/td><td>23.6<\/td><\/tr><\/tbody><\/table><\/figure>\n<\/div>\n<\/div>\n\n\n\n<h3 class=\"wp-block-heading\">Op\u00e7\u00f5es de recipientes para alimentos em a\u00e7o inoxid\u00e1vel personalizados<\/h3>\n\n\n\n<p><strong>Log\u00f3tipo<\/strong>: personalize o log\u00f3tipo da sua marca em recipientes e embalagens para alimentos.<br><strong>Tampa<\/strong>: Tampa de vidro, tampa PP<br><strong>Op\u00e7\u00f5es de log\u00f3tipo<\/strong>: log\u00f3tipo impresso, log\u00f3tipo gravado a laser, etc.<br><strong>Padr\u00e3o<\/strong>: padr\u00f5es de impress\u00e3o em recipientes de armazenamento de alimentos.<br><strong>Tecnologia de impress\u00e3o<\/strong>: impress\u00e3o por transfer\u00eancia de \u00e1gua, serigrafia, impress\u00e3o por transfer\u00eancia de calor, etc.<br><strong>Embalagem<\/strong>:caixa de cor<br><a href=\"https:\/\/moyahousehold.com\/pt\/solucao-personalizada\/\" data-type=\"page\" data-id=\"2817\"><strong>Saiba mais sobre as solu\u00e7\u00f5es personalizadas de contentores para alimentos.<\/strong><\/a><\/p>\n\n\n\n<div class=\"wp-block-columns is-layout-flex wp-container-core-columns-is-layout-9d6595d7 wp-block-columns-is-layout-flex\">\n<div class=\"wp-block-column is-layout-flow wp-block-column-is-layout-flow\">\n<figure class=\"wp-block-image size-full\"><img fetchpriority=\"high\" decoding=\"async\" width=\"1500\" height=\"1500\" src=\"https:\/\/moyahousehold.com\/wp-content\/uploads\/2024\/11\/Wholesale-Colorful-Lunch-Box-Food-Containers-1.jpg\" alt=\"Recipientes para alimentos para lancheiras coloridas por atacado (1)\" class=\"wp-image-9460\" srcset=\"https:\/\/moyahousehold.com\/wp-content\/uploads\/2024\/11\/Wholesale-Colorful-Lunch-Box-Food-Containers-1.jpg 1500w, https:\/\/moyahousehold.com\/wp-content\/uploads\/2024\/11\/Wholesale-Colorful-Lunch-Box-Food-Containers-1-300x300.jpg 300w, https:\/\/moyahousehold.com\/wp-content\/uploads\/2024\/11\/Wholesale-Colorful-Lunch-Box-Food-Containers-1-150x150.jpg 150w, https:\/\/moyahousehold.com\/wp-content\/uploads\/2024\/11\/Wholesale-Colorful-Lunch-Box-Food-Containers-1-768x768.jpg 768w, https:\/\/moyahousehold.com\/wp-content\/uploads\/2024\/11\/Wholesale-Colorful-Lunch-Box-Food-Containers-1-12x12.jpg 12w, https:\/\/moyahousehold.com\/wp-content\/uploads\/2024\/11\/Wholesale-Colorful-Lunch-Box-Food-Containers-1-285x285.jpg 285w, https:\/\/moyahousehold.com\/wp-content\/uploads\/2024\/11\/Wholesale-Colorful-Lunch-Box-Food-Containers-1-270x270.jpg 270w, https:\/\/moyahousehold.com\/wp-content\/uploads\/2024\/11\/Wholesale-Colorful-Lunch-Box-Food-Containers-1-540x540.jpg 540w, https:\/\/moyahousehold.com\/wp-content\/uploads\/2024\/11\/Wholesale-Colorful-Lunch-Box-Food-Containers-1-660x660.jpg 660w\" sizes=\"(max-width: 1500px) 100vw, 1500px\" \/><\/figure>\n<\/div>\n\n\n\n<div class=\"wp-block-column is-layout-flow wp-block-column-is-layout-flow\">\n<figure class=\"wp-block-image size-full\"><img decoding=\"async\" width=\"1500\" height=\"1500\" src=\"https:\/\/moyahousehold.com\/wp-content\/uploads\/2024\/11\/Wholesale-Colorful-Lunch-Box-Food-Containers-2.jpg\" alt=\"Caixa de almo\u00e7o colorida por atacado Recipientes para alimentos (2)\" class=\"wp-image-9461\" srcset=\"https:\/\/moyahousehold.com\/wp-content\/uploads\/2024\/11\/Wholesale-Colorful-Lunch-Box-Food-Containers-2.jpg 1500w, https:\/\/moyahousehold.com\/wp-content\/uploads\/2024\/11\/Wholesale-Colorful-Lunch-Box-Food-Containers-2-300x300.jpg 300w, https:\/\/moyahousehold.com\/wp-content\/uploads\/2024\/11\/Wholesale-Colorful-Lunch-Box-Food-Containers-2-150x150.jpg 150w, https:\/\/moyahousehold.com\/wp-content\/uploads\/2024\/11\/Wholesale-Colorful-Lunch-Box-Food-Containers-2-768x768.jpg 768w, https:\/\/moyahousehold.com\/wp-content\/uploads\/2024\/11\/Wholesale-Colorful-Lunch-Box-Food-Containers-2-12x12.jpg 12w, https:\/\/moyahousehold.com\/wp-content\/uploads\/2024\/11\/Wholesale-Colorful-Lunch-Box-Food-Containers-2-285x285.jpg 285w, https:\/\/moyahousehold.com\/wp-content\/uploads\/2024\/11\/Wholesale-Colorful-Lunch-Box-Food-Containers-2-270x270.jpg 270w, https:\/\/moyahousehold.com\/wp-content\/uploads\/2024\/11\/Wholesale-Colorful-Lunch-Box-Food-Containers-2-540x540.jpg 540w, https:\/\/moyahousehold.com\/wp-content\/uploads\/2024\/11\/Wholesale-Colorful-Lunch-Box-Food-Containers-2-660x660.jpg 660w\" sizes=\"(max-width: 1500px) 100vw, 1500px\" \/><\/figure>\n<\/div>\n<\/div>\n\n\n\n<div class=\"wp-block-columns is-layout-flex wp-container-core-columns-is-layout-9d6595d7 wp-block-columns-is-layout-flex\">\n<div class=\"wp-block-column is-layout-flow wp-block-column-is-layout-flow\">\n<figure class=\"wp-block-image size-full\"><img decoding=\"async\" width=\"1500\" height=\"1500\" src=\"https:\/\/moyahousehold.com\/wp-content\/uploads\/2024\/11\/Wholesale-Colorful-Lunch-Box-Food-Containers-3.jpg\" alt=\"Recipientes para alimentos para lancheiras coloridas por atacado (3)\" class=\"wp-image-9462\" srcset=\"https:\/\/moyahousehold.com\/wp-content\/uploads\/2024\/11\/Wholesale-Colorful-Lunch-Box-Food-Containers-3.jpg 1500w, https:\/\/moyahousehold.com\/wp-content\/uploads\/2024\/11\/Wholesale-Colorful-Lunch-Box-Food-Containers-3-300x300.jpg 300w, https:\/\/moyahousehold.com\/wp-content\/uploads\/2024\/11\/Wholesale-Colorful-Lunch-Box-Food-Containers-3-150x150.jpg 150w, https:\/\/moyahousehold.com\/wp-content\/uploads\/2024\/11\/Wholesale-Colorful-Lunch-Box-Food-Containers-3-768x768.jpg 768w, https:\/\/moyahousehold.com\/wp-content\/uploads\/2024\/11\/Wholesale-Colorful-Lunch-Box-Food-Containers-3-12x12.jpg 12w, https:\/\/moyahousehold.com\/wp-content\/uploads\/2024\/11\/Wholesale-Colorful-Lunch-Box-Food-Containers-3-285x285.jpg 285w, https:\/\/moyahousehold.com\/wp-content\/uploads\/2024\/11\/Wholesale-Colorful-Lunch-Box-Food-Containers-3-270x270.jpg 270w, https:\/\/moyahousehold.com\/wp-content\/uploads\/2024\/11\/Wholesale-Colorful-Lunch-Box-Food-Containers-3-540x540.jpg 540w, https:\/\/moyahousehold.com\/wp-content\/uploads\/2024\/11\/Wholesale-Colorful-Lunch-Box-Food-Containers-3-660x660.jpg 660w\" sizes=\"(max-width: 1500px) 100vw, 1500px\" \/><\/figure>\n<\/div>\n\n\n\n<div class=\"wp-block-column is-layout-flow wp-block-column-is-layout-flow\">\n<figure class=\"wp-block-image size-full\"><img loading=\"lazy\" decoding=\"async\" width=\"1500\" height=\"1500\" src=\"https:\/\/moyahousehold.com\/wp-content\/uploads\/2024\/11\/Wholesale-Colorful-Lunch-Box-Food-Containers-4.jpg\" alt=\"Recipientes para alimentos para lancheiras coloridas por atacado (4)\" class=\"wp-image-9463\" srcset=\"https:\/\/moyahousehold.com\/wp-content\/uploads\/2024\/11\/Wholesale-Colorful-Lunch-Box-Food-Containers-4.jpg 1500w, https:\/\/moyahousehold.com\/wp-content\/uploads\/2024\/11\/Wholesale-Colorful-Lunch-Box-Food-Containers-4-300x300.jpg 300w, https:\/\/moyahousehold.com\/wp-content\/uploads\/2024\/11\/Wholesale-Colorful-Lunch-Box-Food-Containers-4-150x150.jpg 150w, https:\/\/moyahousehold.com\/wp-content\/uploads\/2024\/11\/Wholesale-Colorful-Lunch-Box-Food-Containers-4-768x768.jpg 768w, https:\/\/moyahousehold.com\/wp-content\/uploads\/2024\/11\/Wholesale-Colorful-Lunch-Box-Food-Containers-4-12x12.jpg 12w, https:\/\/moyahousehold.com\/wp-content\/uploads\/2024\/11\/Wholesale-Colorful-Lunch-Box-Food-Containers-4-285x285.jpg 285w, https:\/\/moyahousehold.com\/wp-content\/uploads\/2024\/11\/Wholesale-Colorful-Lunch-Box-Food-Containers-4-270x270.jpg 270w, https:\/\/moyahousehold.com\/wp-content\/uploads\/2024\/11\/Wholesale-Colorful-Lunch-Box-Food-Containers-4-540x540.jpg 540w, https:\/\/moyahousehold.com\/wp-content\/uploads\/2024\/11\/Wholesale-Colorful-Lunch-Box-Food-Containers-4-660x660.jpg 660w\" sizes=\"(max-width: 1500px) 100vw, 1500px\" \/><\/figure>\n<\/div>\n<\/div>","protected":false},"excerpt":{"rendered":"<p>Este recipiente para alimentos em a\u00e7o inoxid\u00e1vel est\u00e1 dispon\u00edvel numa variedade de especifica\u00e7\u00f5es, e o recipiente para alimentos com compartimento duplo permite-lhe armazenar mais tipos de alimentos, incluindo vegetais, marisco, carne ou alimentos cozinhados. Mais amigos do ambiente, os recipientes para alimentos sem res\u00edduos proporcionam-lhe uma experi\u00eancia gastron\u00f3mica elegante e sustent\u00e1vel. Os nossos recipientes para alimentos em a\u00e7o inoxid\u00e1vel a granel podem satisfazer as suas grandes encomendas, bem-vindo a contactar-nos.<\/p>\n<h3>Carater\u00edsticas e vantagens dos recipientes para alimentos a granel<\/h3>\n<p><strong>Design moderno e atual:<\/strong> O estilo simples \u00e9 combinado com um aspeto aerodin\u00e2mico, que \u00e9 simultaneamente bonito e pr\u00e1tico. \u00c9 uma combina\u00e7\u00e3o ideal para v\u00e1rios cen\u00e1rios, como o local de trabalho, o campus e o exterior.<\/p>\n<p><strong>Boa durabilidade:<\/strong> Esta lancheira \u00e9 feita de a\u00e7o inoxid\u00e1vel 304 de qualidade alimentar, que \u00e9 particularmente forte, sem preocupa\u00e7\u00f5es com a corros\u00e3o e a queda, e tem uma longa vida \u00fatil.<\/p>\n<p><strong>Compartimento duplo:<\/strong> Fornecemos recipientes para alimentos com 2 compartimentos, que podem separar o arroz e os legumes para que os sabores n\u00e3o se misturem.<\/p>\n<p><strong>V\u00e1rios estilos \u00e0 escolha:<\/strong> Este recipiente de armazenamento de alimentos para a lancheira tem uma variedade de tamanhos e estilos \u00e0 escolha, e os adultos e as crian\u00e7as podem encontrar o recipiente certo aqui.<\/p>\n<p><strong>Polivalente:<\/strong> Este recipiente para alimentos em a\u00e7o inoxid\u00e1vel pode n\u00e3o s\u00f3 manter os alimentos frescos, trazer o almo\u00e7o, mas tamb\u00e9m armazenar snacks, o que \u00e9 pr\u00e1tico e conveniente. O efeito de isolamento tamb\u00e9m \u00e9 muito bom. Pode ser utilizado para refrigerar saladas no ver\u00e3o e manter o arroz quente quente no inverno. Pode ser utilizada durante todo o ano.<\/p>","protected":false},"featured_media":9466,"comment_status":"closed","ping_status":"closed","template":"","meta":[],"product_cat":[58],"product_tag":[],"class_list":{"0":"post-9312","1":"product","2":"type-product","3":"status-publish","4":"has-post-thumbnail","6":"product_cat-lunch-box-wholesale","8":"first","9":"instock","10":"shipping-taxable","11":"product-type-simple"},"_links":{"self":[{"href":"https:\/\/moyahousehold.com\/pt\/wp-json\/wp\/v2\/product\/9312","targetHints":{"allow":["GET"]}}],"collection":[{"href":"https:\/\/moyahousehold.com\/pt\/wp-json\/wp\/v2\/product"}],"about":[{"href":"https:\/\/moyahousehold.com\/pt\/wp-json\/wp\/v2\/types\/product"}],"replies":[{"embeddable":true,"href":"https:\/\/moyahousehold.com\/pt\/wp-json\/wp\/v2\/comments?post=9312"}],"version-history":[{"count":0,"href":"https:\/\/moyahousehold.com\/pt\/wp-json\/wp\/v2\/product\/9312\/revisions"}],"wp:featuredmedia":[{"embeddable":true,"href":"https:\/\/moyahousehold.com\/pt\/wp-json\/wp\/v2\/media\/9466"}],"wp:attachment":[{"href":"https:\/\/moyahousehold.com\/pt\/wp-json\/wp\/v2\/media?parent=9312"}],"wp:term":[{"taxonomy":"product_cat","embeddable":true,"href":"https:\/\/moyahousehold.com\/pt\/wp-json\/wp\/v2\/product_cat?post=9312"},{"taxonomy":"product_tag","embeddable":true,"href":"https:\/\/moyahousehold.com\/pt\/wp-json\/wp\/v2\/product_tag?post=9312"}],"curies":[{"name":"wp","href":"https:\/\/api.w.org\/{rel}","templated":true}]}}