{"id":9356,"date":"2024-11-22T02:44:32","date_gmt":"2024-11-19T08:37:00","guid":{"rendered":"https:\/\/moyahousehold.com\/?post_type=product&#038;p=9356"},"modified":"2025-04-22T09:29:12","modified_gmt":"2025-04-22T09:29:12","slug":"wholesale-colorful-stackable-stainless-steel-lunch-boxes","status":"publish","type":"product","link":"https:\/\/moyahousehold.com\/pt\/produto\/wholesale-colorful-stackable-stainless-steel-lunch-boxes\/","title":{"rendered":"Lancheiras de a\u00e7o inoxid\u00e1vel empilh\u00e1veis e coloridas por atacado com pega pr\u00e1tica para transporte e armazenamento f\u00e1ceis"},"content":{"rendered":"<div class=\"wp-block-columns is-layout-flex wp-container-core-columns-is-layout-9d6595d7 wp-block-columns-is-layout-flex\">\n<div class=\"wp-block-column is-layout-flow wp-block-column-is-layout-flow\">\n<h3 class=\"wp-block-heading\">Par\u00e2metros da Lancheira de a\u00e7o inoxid\u00e1vel empilh\u00e1vel<\/h3>\n<\/div>\n<\/div>\n\n\n\n<p><strong>Material<\/strong>:304+PP <strong>Cor<\/strong>:Verde\/Bege\/Castanho\/Verde escuro<\/p>\n\n\n\n<figure class=\"wp-block-table\"><table><tbody><tr><td>N\u00famero do modelo<\/td><td>Capacidade<\/td><td>Tamanho do produto<\/td><td>Tamanho da caixa exterior<\/td><td>Quantidade por caixa<\/td><td>N.W<\/td><td>G.W\/Caixa<\/td><\/tr><tr><td>MYJD102<\/td><td>550ML<\/td><td>11.5*7.9*7.5<\/td><td>60*50*53<\/td><td>120<\/td><td>0.15<\/td><td>39.36<\/td><\/tr><tr><td>MYJD103<\/td><td>850ML<\/td><td>13.5*9.5*8.5<\/td><td>61*58*60<\/td><td>96<\/td><td>0.21<\/td><td>28.8<\/td><\/tr><tr><td>MYJD104<\/td><td>1500ML<\/td><td>16*11*9.5<\/td><td>67*66*45<\/td><td>60<\/td><td>0.28<\/td><td>24.12<\/td><\/tr><tr><td>MYJD105<\/td><td>2800ML<br>com pega<\/td><td>19*13*12.5<\/td><td>68*67*69.5<\/td><td>36<\/td><td>0.47<\/td><td>16.3<\/td><\/tr><\/tbody><\/table><\/figure>\n\n\n\n<h3 class=\"wp-block-heading\">Op\u00e7\u00f5es de lancheiras personalizadas<\/h3>\n\n\n\n<p><strong>Log\u00f3tipo<\/strong>: personalize o log\u00f3tipo da sua marca nas lancheiras e nas embalagens.<br><strong>Tampa<\/strong>: Tampa de vidro, tampa PP<br><strong>Op\u00e7\u00f5es de log\u00f3tipo<\/strong>: log\u00f3tipo impresso, log\u00f3tipo gravado a laser, etc.<br><strong>Padr\u00e3o<\/strong>: padr\u00f5es de impress\u00e3o em lancheiras empilh\u00e1veis<br><strong>Tecnologia de impress\u00e3o<\/strong>: impress\u00e3o por transfer\u00eancia de \u00e1gua, serigrafia, impress\u00e3o por transfer\u00eancia de calor, etc.<br><strong>Embalagem<\/strong>:caixa de cor<br><a href=\"https:\/\/moyahousehold.com\/pt\/solucao-personalizada\/\" data-type=\"page\" data-id=\"2817\"><strong>Explore mais solu\u00e7\u00f5es de lancheiras personalizadas. <\/strong><\/a><\/p>\n\n\n\n<div class=\"wp-block-columns is-layout-flex wp-container-core-columns-is-layout-9d6595d7 wp-block-columns-is-layout-flex\">\n<div class=\"wp-block-column is-layout-flow wp-block-column-is-layout-flow\">\n<figure class=\"wp-block-image size-full\"><img fetchpriority=\"high\" decoding=\"async\" width=\"1500\" height=\"1500\" src=\"https:\/\/moyahousehold.com\/wp-content\/uploads\/2024\/11\/Wholesale-Stackable-Stainless-Steel-Lunch-Boxes-1.jpg\" alt=\"Lancheira de a\u00e7o inoxid\u00e1vel empilh\u00e1vel por atacado (1)\" class=\"wp-image-9488\" srcset=\"https:\/\/moyahousehold.com\/wp-content\/uploads\/2024\/11\/Wholesale-Stackable-Stainless-Steel-Lunch-Boxes-1.jpg 1500w, https:\/\/moyahousehold.com\/wp-content\/uploads\/2024\/11\/Wholesale-Stackable-Stainless-Steel-Lunch-Boxes-1-300x300.jpg 300w, https:\/\/moyahousehold.com\/wp-content\/uploads\/2024\/11\/Wholesale-Stackable-Stainless-Steel-Lunch-Boxes-1-150x150.jpg 150w, https:\/\/moyahousehold.com\/wp-content\/uploads\/2024\/11\/Wholesale-Stackable-Stainless-Steel-Lunch-Boxes-1-768x768.jpg 768w, https:\/\/moyahousehold.com\/wp-content\/uploads\/2024\/11\/Wholesale-Stackable-Stainless-Steel-Lunch-Boxes-1-12x12.jpg 12w, https:\/\/moyahousehold.com\/wp-content\/uploads\/2024\/11\/Wholesale-Stackable-Stainless-Steel-Lunch-Boxes-1-285x285.jpg 285w, https:\/\/moyahousehold.com\/wp-content\/uploads\/2024\/11\/Wholesale-Stackable-Stainless-Steel-Lunch-Boxes-1-270x270.jpg 270w, https:\/\/moyahousehold.com\/wp-content\/uploads\/2024\/11\/Wholesale-Stackable-Stainless-Steel-Lunch-Boxes-1-540x540.jpg 540w, https:\/\/moyahousehold.com\/wp-content\/uploads\/2024\/11\/Wholesale-Stackable-Stainless-Steel-Lunch-Boxes-1-660x660.jpg 660w\" sizes=\"(max-width: 1500px) 100vw, 1500px\" \/><\/figure>\n<\/div>\n\n\n\n<div class=\"wp-block-column is-layout-flow wp-block-column-is-layout-flow\">\n<figure class=\"wp-block-image size-full\"><img decoding=\"async\" width=\"1500\" height=\"1500\" src=\"https:\/\/moyahousehold.com\/wp-content\/uploads\/2024\/11\/Wholesale-Stackable-Stainless-Steel-Lunch-Boxes-2.jpg\" alt=\"Lancheira de a\u00e7o inoxid\u00e1vel empilh\u00e1vel por atacado (2)\" class=\"wp-image-9489\" srcset=\"https:\/\/moyahousehold.com\/wp-content\/uploads\/2024\/11\/Wholesale-Stackable-Stainless-Steel-Lunch-Boxes-2.jpg 1500w, https:\/\/moyahousehold.com\/wp-content\/uploads\/2024\/11\/Wholesale-Stackable-Stainless-Steel-Lunch-Boxes-2-300x300.jpg 300w, https:\/\/moyahousehold.com\/wp-content\/uploads\/2024\/11\/Wholesale-Stackable-Stainless-Steel-Lunch-Boxes-2-150x150.jpg 150w, https:\/\/moyahousehold.com\/wp-content\/uploads\/2024\/11\/Wholesale-Stackable-Stainless-Steel-Lunch-Boxes-2-768x768.jpg 768w, https:\/\/moyahousehold.com\/wp-content\/uploads\/2024\/11\/Wholesale-Stackable-Stainless-Steel-Lunch-Boxes-2-12x12.jpg 12w, https:\/\/moyahousehold.com\/wp-content\/uploads\/2024\/11\/Wholesale-Stackable-Stainless-Steel-Lunch-Boxes-2-285x285.jpg 285w, https:\/\/moyahousehold.com\/wp-content\/uploads\/2024\/11\/Wholesale-Stackable-Stainless-Steel-Lunch-Boxes-2-270x270.jpg 270w, https:\/\/moyahousehold.com\/wp-content\/uploads\/2024\/11\/Wholesale-Stackable-Stainless-Steel-Lunch-Boxes-2-540x540.jpg 540w, https:\/\/moyahousehold.com\/wp-content\/uploads\/2024\/11\/Wholesale-Stackable-Stainless-Steel-Lunch-Boxes-2-660x660.jpg 660w\" sizes=\"(max-width: 1500px) 100vw, 1500px\" \/><\/figure>\n<\/div>\n<\/div>\n\n\n\n<div class=\"wp-block-columns is-layout-flex wp-container-core-columns-is-layout-9d6595d7 wp-block-columns-is-layout-flex\">\n<div class=\"wp-block-column is-layout-flow wp-block-column-is-layout-flow\">\n<figure class=\"wp-block-image size-full\"><img decoding=\"async\" width=\"1500\" height=\"1500\" src=\"https:\/\/moyahousehold.com\/wp-content\/uploads\/2024\/11\/Wholesale-Stackable-Stainless-Steel-Lunch-Boxes-3.jpg\" alt=\"Lancheira de a\u00e7o inoxid\u00e1vel empilh\u00e1vel por atacado (3)\" class=\"wp-image-9490\" srcset=\"https:\/\/moyahousehold.com\/wp-content\/uploads\/2024\/11\/Wholesale-Stackable-Stainless-Steel-Lunch-Boxes-3.jpg 1500w, https:\/\/moyahousehold.com\/wp-content\/uploads\/2024\/11\/Wholesale-Stackable-Stainless-Steel-Lunch-Boxes-3-300x300.jpg 300w, https:\/\/moyahousehold.com\/wp-content\/uploads\/2024\/11\/Wholesale-Stackable-Stainless-Steel-Lunch-Boxes-3-150x150.jpg 150w, https:\/\/moyahousehold.com\/wp-content\/uploads\/2024\/11\/Wholesale-Stackable-Stainless-Steel-Lunch-Boxes-3-768x768.jpg 768w, https:\/\/moyahousehold.com\/wp-content\/uploads\/2024\/11\/Wholesale-Stackable-Stainless-Steel-Lunch-Boxes-3-12x12.jpg 12w, https:\/\/moyahousehold.com\/wp-content\/uploads\/2024\/11\/Wholesale-Stackable-Stainless-Steel-Lunch-Boxes-3-285x285.jpg 285w, https:\/\/moyahousehold.com\/wp-content\/uploads\/2024\/11\/Wholesale-Stackable-Stainless-Steel-Lunch-Boxes-3-270x270.jpg 270w, https:\/\/moyahousehold.com\/wp-content\/uploads\/2024\/11\/Wholesale-Stackable-Stainless-Steel-Lunch-Boxes-3-540x540.jpg 540w, https:\/\/moyahousehold.com\/wp-content\/uploads\/2024\/11\/Wholesale-Stackable-Stainless-Steel-Lunch-Boxes-3-660x660.jpg 660w\" sizes=\"(max-width: 1500px) 100vw, 1500px\" \/><\/figure>\n<\/div>\n\n\n\n<div class=\"wp-block-column is-layout-flow wp-block-column-is-layout-flow\">\n<figure class=\"wp-block-image size-full\"><img loading=\"lazy\" decoding=\"async\" width=\"1500\" height=\"1500\" src=\"https:\/\/moyahousehold.com\/wp-content\/uploads\/2024\/11\/Wholesale-Stackable-Stainless-Steel-Lunch-Boxes-4.jpg\" alt=\"Lancheira de a\u00e7o inoxid\u00e1vel empilh\u00e1vel por atacado (4)\" class=\"wp-image-9491\" srcset=\"https:\/\/moyahousehold.com\/wp-content\/uploads\/2024\/11\/Wholesale-Stackable-Stainless-Steel-Lunch-Boxes-4.jpg 1500w, https:\/\/moyahousehold.com\/wp-content\/uploads\/2024\/11\/Wholesale-Stackable-Stainless-Steel-Lunch-Boxes-4-300x300.jpg 300w, https:\/\/moyahousehold.com\/wp-content\/uploads\/2024\/11\/Wholesale-Stackable-Stainless-Steel-Lunch-Boxes-4-150x150.jpg 150w, https:\/\/moyahousehold.com\/wp-content\/uploads\/2024\/11\/Wholesale-Stackable-Stainless-Steel-Lunch-Boxes-4-768x768.jpg 768w, https:\/\/moyahousehold.com\/wp-content\/uploads\/2024\/11\/Wholesale-Stackable-Stainless-Steel-Lunch-Boxes-4-12x12.jpg 12w, https:\/\/moyahousehold.com\/wp-content\/uploads\/2024\/11\/Wholesale-Stackable-Stainless-Steel-Lunch-Boxes-4-285x285.jpg 285w, https:\/\/moyahousehold.com\/wp-content\/uploads\/2024\/11\/Wholesale-Stackable-Stainless-Steel-Lunch-Boxes-4-270x270.jpg 270w, https:\/\/moyahousehold.com\/wp-content\/uploads\/2024\/11\/Wholesale-Stackable-Stainless-Steel-Lunch-Boxes-4-540x540.jpg 540w, https:\/\/moyahousehold.com\/wp-content\/uploads\/2024\/11\/Wholesale-Stackable-Stainless-Steel-Lunch-Boxes-4-660x660.jpg 660w\" sizes=\"(max-width: 1500px) 100vw, 1500px\" \/><\/figure>\n<\/div>\n<\/div>","protected":false},"excerpt":{"rendered":"<p>Lancheira de a\u00e7o inoxid\u00e1vel empilh\u00e1vel por atacado, esta lancheira tem um design \u00fanico e op\u00e7\u00f5es de cores coloridas, o que \u00e9 pr\u00e1tico e moderno. Adequado para uso dom\u00e9stico, transporte de escrit\u00f3rio e actividades ao ar livre, ir\u00e1 adicionar \u00e0 sua divers\u00e3o de jantar. Apoiamos a personaliza\u00e7\u00e3o da marca, a correspond\u00eancia de cores e o ajuste de especifica\u00e7\u00f5es, e damos as boas-vindas a grossistas, retalhistas e empresas para comprar.<\/p>\n<h3><strong>As carater\u00edsticas da Lancheira Empilh\u00e1vel em A\u00e7o Inoxid\u00e1vel<\/strong><\/h3>\n<p><strong>Design de apar\u00eancia gira:<\/strong> Esta lancheira empilh\u00e1vel tem um design \u00fanico e criativo que atrai a aten\u00e7\u00e3o de crian\u00e7as e adultos, e a nossa variedade de op\u00e7\u00f5es de cores vivas d\u00e1 cor \u00e0 vida do utilizador.<\/p>\n<p><strong>Design empilh\u00e1vel:<\/strong> As lancheiras podem ser guardadas de forma compacta em arm\u00e1rios de cozinha e frigor\u00edficos, e tamb\u00e9m melhoram a comodidade de transporte, especialmente adequadas para viagens, passeios ou trabalho.<\/p>\n<p><strong>Material de alta qualidade:<\/strong> A lancheira \u00e9 feita de a\u00e7o inoxid\u00e1vel de qualidade alimentar, que \u00e9 duradouro e amigo do ambiente, reutiliz\u00e1vel, tem uma longa vida \u00fatil e reduz a utiliza\u00e7\u00e3o de produtos de pl\u00e1stico descart\u00e1veis.<\/p>\n<p><strong>Cen\u00e1rios polivalentes:<\/strong> Adequado para transportar almo\u00e7os di\u00e1rios, armazenamento de alimentos para actividades ao ar livre e armazenamento de refei\u00e7\u00f5es di\u00e1rias, incluindo frutas, snacks, saladas e outros ingredientes.<\/p>\n<p><strong>Pre\u00e7o de f\u00e1brica por grosso:<\/strong> Fornecer pre\u00e7os de f\u00e1brica por atacado, bem-vindo atacadistas e varejistas para entrar em contato para compras em massa, n\u00f3s fornecemos servi\u00e7os profissionais e pol\u00edticas preferenciais, e atender \u00e0s necessidades personalizadas.<\/p>","protected":false},"featured_media":9494,"comment_status":"closed","ping_status":"closed","template":"","meta":[],"product_cat":[57,58],"product_tag":[99,92],"class_list":{"0":"post-9356","1":"product","2":"type-product","3":"status-publish","4":"has-post-thumbnail","6":"product_cat-food-storage-container-wholesale","7":"product_cat-lunch-box-wholesale","8":"product_tag-wholesale-rectangle-food-storage-containers","9":"product_tag-wholesale-rectangle-lunch-box","11":"first","12":"instock","13":"shipping-taxable","14":"product-type-simple"},"_links":{"self":[{"href":"https:\/\/moyahousehold.com\/pt\/wp-json\/wp\/v2\/product\/9356","targetHints":{"allow":["GET"]}}],"collection":[{"href":"https:\/\/moyahousehold.com\/pt\/wp-json\/wp\/v2\/product"}],"about":[{"href":"https:\/\/moyahousehold.com\/pt\/wp-json\/wp\/v2\/types\/product"}],"replies":[{"embeddable":true,"href":"https:\/\/moyahousehold.com\/pt\/wp-json\/wp\/v2\/comments?post=9356"}],"version-history":[{"count":0,"href":"https:\/\/moyahousehold.com\/pt\/wp-json\/wp\/v2\/product\/9356\/revisions"}],"wp:featuredmedia":[{"embeddable":true,"href":"https:\/\/moyahousehold.com\/pt\/wp-json\/wp\/v2\/media\/9494"}],"wp:attachment":[{"href":"https:\/\/moyahousehold.com\/pt\/wp-json\/wp\/v2\/media?parent=9356"}],"wp:term":[{"taxonomy":"product_cat","embeddable":true,"href":"https:\/\/moyahousehold.com\/pt\/wp-json\/wp\/v2\/product_cat?post=9356"},{"taxonomy":"product_tag","embeddable":true,"href":"https:\/\/moyahousehold.com\/pt\/wp-json\/wp\/v2\/product_tag?post=9356"}],"curies":[{"name":"wp","href":"https:\/\/api.w.org\/{rel}","templated":true}]}}