{"id":9520,"date":"2024-11-23T07:38:09","date_gmt":"2024-11-23T07:38:09","guid":{"rendered":"https:\/\/moyahousehold.com\/?post_type=product&#038;p=9520"},"modified":"2025-02-05T09:53:55","modified_gmt":"2025-02-05T09:53:55","slug":"wholesale-stainless-steel-outdoor-camping-food-storage-containers","status":"publish","type":"product","link":"https:\/\/moyahousehold.com\/pt\/produto\/wholesale-stainless-steel-outdoor-camping-food-storage-containers\/","title":{"rendered":"Recipientes de armazenamento de alimentos para acampamento ao ar livre de a\u00e7o inoxid\u00e1vel por atacado \uff0c Lancheira externa requintada a granel para venda"},"content":{"rendered":"<div class=\"wp-block-columns is-layout-flex wp-container-core-columns-is-layout-9d6595d7 wp-block-columns-is-layout-flex\">\n<div class=\"wp-block-column is-layout-flow wp-block-column-is-layout-flow\">\n<h3 class=\"wp-block-heading\">Par\u00e2metros do recipiente de armazenamento de alimentos para campismo exterior<\/h3>\n\n\n\n<figure class=\"wp-block-table\"><table class=\"has-fixed-layout\"><tbody><tr><td>Item<\/td><td>Capacidade<\/td><td>Tamanho\/PCS<\/td><\/tr><tr><td>MYJD274<\/td><td>1100ml<\/td><td>19.5*19.5*6<\/td><\/tr><tr><td>MYJD275<\/td><td>1700ml<\/td><td>19.5*19.5*8.5<\/td><\/tr><tr><td>MYJD276<\/td><td>2200ml<\/td><td>19.5*19.5*11<\/td><\/tr><\/tbody><\/table><\/figure>\n<\/div>\n<\/div>\n\n\n\n<p><strong>Material<\/strong>:304+PP\/AB <strong>Cor<\/strong>:Amarelo\/Bege\/Castanho\/A\u00e7o<\/p>\n\n\n\n<h3 class=\"wp-block-heading\">Op\u00e7\u00f5es de recipientes de armazenamento de alimentos personalizados<\/h3>\n\n\n\n<p><strong>Log\u00f3tipo<\/strong>: personalize o log\u00f3tipo da sua marca nas lancheiras e nas embalagens.<br><strong>Tampa<\/strong>: Tampa de vidro, tampa PP<br><strong>Op\u00e7\u00f5es de log\u00f3tipo<\/strong>: log\u00f3tipo impresso, log\u00f3tipo gravado a laser, etc.<br><strong>Padr\u00e3o<\/strong>: padr\u00f5es de impress\u00e3o em lancheiras empilh\u00e1veis<br><strong>Tecnologia de impress\u00e3o<\/strong>: impress\u00e3o por transfer\u00eancia de \u00e1gua, serigrafia, impress\u00e3o por transfer\u00eancia de calor, etc.<br><strong>Embalagem<\/strong>: caixa de cor<br><a href=\"https:\/\/moyahousehold.com\/pt\/solucao-personalizada\/\" data-type=\"page\" data-id=\"2817\"><strong>Explore mais solu\u00e7\u00f5es personalizadas de contentores de armazenamento de alimentos. <\/strong><\/a><\/p>\n\n\n\n<div class=\"wp-block-columns is-layout-flex wp-container-core-columns-is-layout-9d6595d7 wp-block-columns-is-layout-flex\">\n<div class=\"wp-block-column is-layout-flow wp-block-column-is-layout-flow\">\n<figure class=\"wp-block-image size-full\"><img fetchpriority=\"high\" decoding=\"async\" width=\"1500\" height=\"1500\" src=\"https:\/\/moyahousehold.com\/wp-content\/uploads\/2024\/11\/Wholesale-Outdoor-Camping-Food-Storage-Container-Lunch-Box-1.jpg\" alt=\"Caixa de almo\u00e7o de armazenamento de alimentos para acampamento ao ar livre por atacado (1)\" class=\"wp-image-9554\" srcset=\"https:\/\/moyahousehold.com\/wp-content\/uploads\/2024\/11\/Wholesale-Outdoor-Camping-Food-Storage-Container-Lunch-Box-1.jpg 1500w, https:\/\/moyahousehold.com\/wp-content\/uploads\/2024\/11\/Wholesale-Outdoor-Camping-Food-Storage-Container-Lunch-Box-1-300x300.jpg 300w, https:\/\/moyahousehold.com\/wp-content\/uploads\/2024\/11\/Wholesale-Outdoor-Camping-Food-Storage-Container-Lunch-Box-1-150x150.jpg 150w, https:\/\/moyahousehold.com\/wp-content\/uploads\/2024\/11\/Wholesale-Outdoor-Camping-Food-Storage-Container-Lunch-Box-1-768x768.jpg 768w, https:\/\/moyahousehold.com\/wp-content\/uploads\/2024\/11\/Wholesale-Outdoor-Camping-Food-Storage-Container-Lunch-Box-1-12x12.jpg 12w, https:\/\/moyahousehold.com\/wp-content\/uploads\/2024\/11\/Wholesale-Outdoor-Camping-Food-Storage-Container-Lunch-Box-1-285x285.jpg 285w, https:\/\/moyahousehold.com\/wp-content\/uploads\/2024\/11\/Wholesale-Outdoor-Camping-Food-Storage-Container-Lunch-Box-1-270x270.jpg 270w, https:\/\/moyahousehold.com\/wp-content\/uploads\/2024\/11\/Wholesale-Outdoor-Camping-Food-Storage-Container-Lunch-Box-1-540x540.jpg 540w, https:\/\/moyahousehold.com\/wp-content\/uploads\/2024\/11\/Wholesale-Outdoor-Camping-Food-Storage-Container-Lunch-Box-1-660x660.jpg 660w\" sizes=\"(max-width: 1500px) 100vw, 1500px\" \/><\/figure>\n<\/div>\n\n\n\n<div class=\"wp-block-column is-layout-flow wp-block-column-is-layout-flow\">\n<figure class=\"wp-block-image size-full\"><img decoding=\"async\" width=\"1500\" height=\"1500\" src=\"https:\/\/moyahousehold.com\/wp-content\/uploads\/2024\/11\/Wholesale-Outdoor-Camping-Food-Storage-Container-Lunch-Box-2.jpg\" alt=\"Caixa de almo\u00e7o de armazenamento de alimentos para acampamento ao ar livre por atacado (2)\" class=\"wp-image-9555\" srcset=\"https:\/\/moyahousehold.com\/wp-content\/uploads\/2024\/11\/Wholesale-Outdoor-Camping-Food-Storage-Container-Lunch-Box-2.jpg 1500w, https:\/\/moyahousehold.com\/wp-content\/uploads\/2024\/11\/Wholesale-Outdoor-Camping-Food-Storage-Container-Lunch-Box-2-300x300.jpg 300w, https:\/\/moyahousehold.com\/wp-content\/uploads\/2024\/11\/Wholesale-Outdoor-Camping-Food-Storage-Container-Lunch-Box-2-150x150.jpg 150w, https:\/\/moyahousehold.com\/wp-content\/uploads\/2024\/11\/Wholesale-Outdoor-Camping-Food-Storage-Container-Lunch-Box-2-768x768.jpg 768w, https:\/\/moyahousehold.com\/wp-content\/uploads\/2024\/11\/Wholesale-Outdoor-Camping-Food-Storage-Container-Lunch-Box-2-12x12.jpg 12w, https:\/\/moyahousehold.com\/wp-content\/uploads\/2024\/11\/Wholesale-Outdoor-Camping-Food-Storage-Container-Lunch-Box-2-285x285.jpg 285w, https:\/\/moyahousehold.com\/wp-content\/uploads\/2024\/11\/Wholesale-Outdoor-Camping-Food-Storage-Container-Lunch-Box-2-270x270.jpg 270w, https:\/\/moyahousehold.com\/wp-content\/uploads\/2024\/11\/Wholesale-Outdoor-Camping-Food-Storage-Container-Lunch-Box-2-540x540.jpg 540w, https:\/\/moyahousehold.com\/wp-content\/uploads\/2024\/11\/Wholesale-Outdoor-Camping-Food-Storage-Container-Lunch-Box-2-660x660.jpg 660w\" sizes=\"(max-width: 1500px) 100vw, 1500px\" \/><\/figure>\n<\/div>\n<\/div>\n\n\n\n<div class=\"wp-block-columns is-layout-flex wp-container-core-columns-is-layout-9d6595d7 wp-block-columns-is-layout-flex\">\n<div class=\"wp-block-column is-layout-flow wp-block-column-is-layout-flow\">\n<figure class=\"wp-block-image size-full\"><img decoding=\"async\" width=\"1500\" height=\"1500\" src=\"https:\/\/moyahousehold.com\/wp-content\/uploads\/2024\/11\/Wholesale-Outdoor-Camping-Food-Storage-Container-Lunch-Box-3.jpg\" alt=\"Caixa de almo\u00e7o de armazenamento de alimentos para acampamento ao ar livre por atacado (3)\" class=\"wp-image-9556\" srcset=\"https:\/\/moyahousehold.com\/wp-content\/uploads\/2024\/11\/Wholesale-Outdoor-Camping-Food-Storage-Container-Lunch-Box-3.jpg 1500w, https:\/\/moyahousehold.com\/wp-content\/uploads\/2024\/11\/Wholesale-Outdoor-Camping-Food-Storage-Container-Lunch-Box-3-300x300.jpg 300w, https:\/\/moyahousehold.com\/wp-content\/uploads\/2024\/11\/Wholesale-Outdoor-Camping-Food-Storage-Container-Lunch-Box-3-150x150.jpg 150w, https:\/\/moyahousehold.com\/wp-content\/uploads\/2024\/11\/Wholesale-Outdoor-Camping-Food-Storage-Container-Lunch-Box-3-768x768.jpg 768w, https:\/\/moyahousehold.com\/wp-content\/uploads\/2024\/11\/Wholesale-Outdoor-Camping-Food-Storage-Container-Lunch-Box-3-12x12.jpg 12w, https:\/\/moyahousehold.com\/wp-content\/uploads\/2024\/11\/Wholesale-Outdoor-Camping-Food-Storage-Container-Lunch-Box-3-285x285.jpg 285w, https:\/\/moyahousehold.com\/wp-content\/uploads\/2024\/11\/Wholesale-Outdoor-Camping-Food-Storage-Container-Lunch-Box-3-270x270.jpg 270w, https:\/\/moyahousehold.com\/wp-content\/uploads\/2024\/11\/Wholesale-Outdoor-Camping-Food-Storage-Container-Lunch-Box-3-540x540.jpg 540w, https:\/\/moyahousehold.com\/wp-content\/uploads\/2024\/11\/Wholesale-Outdoor-Camping-Food-Storage-Container-Lunch-Box-3-660x660.jpg 660w\" sizes=\"(max-width: 1500px) 100vw, 1500px\" \/><\/figure>\n<\/div>\n\n\n\n<div class=\"wp-block-column is-layout-flow wp-block-column-is-layout-flow\">\n<figure class=\"wp-block-image size-full\"><img loading=\"lazy\" decoding=\"async\" width=\"1500\" height=\"1500\" src=\"https:\/\/moyahousehold.com\/wp-content\/uploads\/2024\/11\/Wholesale-Outdoor-Camping-Food-Storage-Container-Lunch-Box-4.jpg\" alt=\"Caixa de almo\u00e7o de armazenamento de alimentos para campismo ao ar livre por atacado (4)\" class=\"wp-image-9557\" srcset=\"https:\/\/moyahousehold.com\/wp-content\/uploads\/2024\/11\/Wholesale-Outdoor-Camping-Food-Storage-Container-Lunch-Box-4.jpg 1500w, https:\/\/moyahousehold.com\/wp-content\/uploads\/2024\/11\/Wholesale-Outdoor-Camping-Food-Storage-Container-Lunch-Box-4-300x300.jpg 300w, https:\/\/moyahousehold.com\/wp-content\/uploads\/2024\/11\/Wholesale-Outdoor-Camping-Food-Storage-Container-Lunch-Box-4-150x150.jpg 150w, https:\/\/moyahousehold.com\/wp-content\/uploads\/2024\/11\/Wholesale-Outdoor-Camping-Food-Storage-Container-Lunch-Box-4-768x768.jpg 768w, https:\/\/moyahousehold.com\/wp-content\/uploads\/2024\/11\/Wholesale-Outdoor-Camping-Food-Storage-Container-Lunch-Box-4-12x12.jpg 12w, https:\/\/moyahousehold.com\/wp-content\/uploads\/2024\/11\/Wholesale-Outdoor-Camping-Food-Storage-Container-Lunch-Box-4-285x285.jpg 285w, https:\/\/moyahousehold.com\/wp-content\/uploads\/2024\/11\/Wholesale-Outdoor-Camping-Food-Storage-Container-Lunch-Box-4-270x270.jpg 270w, https:\/\/moyahousehold.com\/wp-content\/uploads\/2024\/11\/Wholesale-Outdoor-Camping-Food-Storage-Container-Lunch-Box-4-540x540.jpg 540w, https:\/\/moyahousehold.com\/wp-content\/uploads\/2024\/11\/Wholesale-Outdoor-Camping-Food-Storage-Container-Lunch-Box-4-660x660.jpg 660w\" sizes=\"(max-width: 1500px) 100vw, 1500px\" \/><\/figure>\n<\/div>\n<\/div>","protected":false},"excerpt":{"rendered":"<p>Recipientes de armazenamento de alimentos para acampamento ao ar livre por atacado, projetados para atender \u00e0s suas diversas necessidades. Este recipiente de armazenamento de alimentos em a\u00e7o inoxid\u00e1vel, fornecemos 1100ml, 1700ml, 2200ml, adequado para entusiastas de campismo, viajantes, adequado para armazenar almo\u00e7o, lanches, frutas e muito mais, tamb\u00e9m pode ser usado como um recipiente de armazenamento di\u00e1rio para fam\u00edlias, lancheiras de estudantes. \u00c9 um utens\u00edlio de cozinha polivalente. Como fabricante de lancheiras e recipientes para alimentos, fornecemos servi\u00e7os por atacado e personalizados, entre em contacto connosco.<\/p>\n<h3>Carater\u00edsticas do recipiente de armazenamento de alimentos para campismo exterior em a\u00e7o inoxid\u00e1vel<\/h3>\n<p><strong>Aspeto elegante:<\/strong> Este elegante recipiente de armazenamento de alimentos para exterior adopta um design simples e moderno, com uma forma bonita e cores ricas e variadas, que \u00e9 atraente para crian\u00e7as e adultos e pode proporcionar-lhe uma melhor experi\u00eancia de refei\u00e7\u00f5es ao ar livre.<\/p>\n<p><strong>Materiais de alta qualidade:<\/strong> Este recipiente de armazenamento de alimentos para campismo exterior \u00e9 feito de a\u00e7o inoxid\u00e1vel de qualidade alimentar espessado, que \u00e9 resistente e dur\u00e1vel. Foi tratado com um processo eletrol\u00edtico e a superf\u00edcie \u00e9 lisa e f\u00e1cil de limpar.<\/p>\n<p><strong>Design hermeticamente fechado:<\/strong> O recipiente de armazenamento de alimentos adopta uma tampa com um forte desempenho de veda\u00e7\u00e3o para evitar fugas de alimentos, e at\u00e9 mesmo alimentos l\u00edquidos ou sopa podem ser transportados.<\/p>\n<p><strong>Amigo do ambiente e inofensivo:<\/strong> Os nossos recipientes de armazenamento de alimentos em a\u00e7o inoxid\u00e1vel foram aprovados pela ISO9001, n\u00e3o cont\u00eam subst\u00e2ncias nocivas, cumprem as normas de seguran\u00e7a alimentar e s\u00e3o ideais para prote\u00e7\u00e3o ambiental e reutiliza\u00e7\u00e3o.<\/p>\n<p><strong>Versatilidade:<\/strong> Os recipientes de armazenamento de alimentos em a\u00e7o inoxid\u00e1vel s\u00e3o robustos e duradouros e n\u00e3o h\u00e1 necessidade de se preocupar com quedas. S\u00e3o uma excelente escolha para guardar o almo\u00e7o e a comida para acampar ao ar livre e s\u00e3o tamb\u00e9m uma boa ajuda para a utiliza\u00e7\u00e3o di\u00e1ria.<\/p>\n<p><strong>Vantagens do com\u00e9rcio grossista:<\/strong> Oferecemos pre\u00e7os de f\u00e1brica por atacado muito competitivos, e convidamos sinceramente os grossistas, retalhistas e empresas a comprar a granel.<\/p>\n<p><strong>Personaliz\u00e1vel por OEM e ODM:<\/strong> Apoiamos a personaliza\u00e7\u00e3o da marca, a correspond\u00eancia de cores e o ajuste de especifica\u00e7\u00f5es. Podemos criar produtos exclusivos de acordo com as suas necessidades e fornecer servi\u00e7os profissionais e pol\u00edticas preferenciais.<\/p>","protected":false},"featured_media":9541,"comment_status":"closed","ping_status":"closed","template":"","meta":[],"product_cat":[57,58],"product_tag":[95],"class_list":{"0":"post-9520","1":"product","2":"type-product","3":"status-publish","4":"has-post-thumbnail","6":"product_cat-food-storage-container-wholesale","7":"product_cat-lunch-box-wholesale","8":"product_tag-wholesale-food-storage-containers-with-date-dial","10":"first","11":"instock","12":"shipping-taxable","13":"product-type-simple"},"_links":{"self":[{"href":"https:\/\/moyahousehold.com\/pt\/wp-json\/wp\/v2\/product\/9520","targetHints":{"allow":["GET"]}}],"collection":[{"href":"https:\/\/moyahousehold.com\/pt\/wp-json\/wp\/v2\/product"}],"about":[{"href":"https:\/\/moyahousehold.com\/pt\/wp-json\/wp\/v2\/types\/product"}],"replies":[{"embeddable":true,"href":"https:\/\/moyahousehold.com\/pt\/wp-json\/wp\/v2\/comments?post=9520"}],"version-history":[{"count":0,"href":"https:\/\/moyahousehold.com\/pt\/wp-json\/wp\/v2\/product\/9520\/revisions"}],"wp:featuredmedia":[{"embeddable":true,"href":"https:\/\/moyahousehold.com\/pt\/wp-json\/wp\/v2\/media\/9541"}],"wp:attachment":[{"href":"https:\/\/moyahousehold.com\/pt\/wp-json\/wp\/v2\/media?parent=9520"}],"wp:term":[{"taxonomy":"product_cat","embeddable":true,"href":"https:\/\/moyahousehold.com\/pt\/wp-json\/wp\/v2\/product_cat?post=9520"},{"taxonomy":"product_tag","embeddable":true,"href":"https:\/\/moyahousehold.com\/pt\/wp-json\/wp\/v2\/product_tag?post=9520"}],"curies":[{"name":"wp","href":"https:\/\/api.w.org\/{rel}","templated":true}]}}