{"id":9579,"date":"2024-11-29T10:33:33","date_gmt":"2024-11-28T08:10:24","guid":{"rendered":"https:\/\/moyahousehold.com\/?post_type=product&#038;p=9579"},"modified":"2025-02-05T08:33:16","modified_gmt":"2025-02-05T08:33:16","slug":"wholesale-stainless-steel-4-compartment-lunch-boxes","status":"publish","type":"product","link":"https:\/\/moyahousehold.com\/pt\/produto\/wholesale-stainless-steel-4-compartment-lunch-boxes\/","title":{"rendered":"Lancheira de a\u00e7o inoxid\u00e1vel com 4 compartimentos - Ideal para escolas, escrit\u00f3rios"},"content":{"rendered":"<h2 class=\"wp-block-heading\">Par\u00e2metros da lancheira com 4 compartimentos<\/h2>\n\n\n\n<p><strong>material:<\/strong>304 + PP <strong> cor:<\/strong>Bege\u3001C\u00e1qui\u3001Verde\u3001Amarelo\u3001Branco\u3001Camelo<\/p>\n\n\n\n<figure class=\"wp-block-table\"><table class=\"has-fixed-layout\"><tbody><tr><td>Item<\/td><td>Capacidade<\/td><td>Tamanho\/PCS<\/td><td>PCS\/Caixa<\/td><td>N.W.\/PCS<\/td><td>G.W.\/Caso<\/td><\/tr><tr><td>MYJD250<\/td><td>4 compartimentos<\/td><td>29*22.5*7<\/td><td>\/<\/td><td>0.81<\/td><td>\/<\/td><\/tr><\/tbody><\/table><\/figure>\n\n\n\n<h3 class=\"wp-block-heading\">Op\u00e7\u00f5es de lancheiras personalizadas<\/h3>\n\n\n\n<p><strong>Log\u00f3tipo<\/strong>: personalizar o log\u00f3tipo da sua marca na caixa bento em a\u00e7o inoxid\u00e1vel e na embalagem.<br><strong>Op\u00e7\u00f5es de log\u00f3tipo<\/strong>: log\u00f3tipo impresso, log\u00f3tipo gravado a laser, etc.<br><strong>Padr\u00e3o<\/strong>: Impress\u00e3o de padr\u00f5es personalizados em produtos e embalagens.<br><strong>Tecnologia de impress\u00e3o<\/strong>: impress\u00e3o por transfer\u00eancia de \u00e1gua, impress\u00e3o por serigrafia, impress\u00e3o por transfer\u00eancia de calor, transfer\u00eancia por sublima\u00e7\u00e3o, etc.<br><strong>Embalagem<\/strong>:caixa de cor.<br><a href=\"https:\/\/moyahousehold.com\/pt\/solucao-personalizada\/\"><strong>Saiba mais sobre as solu\u00e7\u00f5es de lancheiras personalizadas.<\/strong><\/a><\/p>\n\n\n\n<div class=\"wp-block-columns is-layout-flex wp-container-core-columns-is-layout-9d6595d7 wp-block-columns-is-layout-flex\">\n<div class=\"wp-block-column is-layout-flow wp-block-column-is-layout-flow\">\n<figure class=\"wp-block-image size-full\"><img fetchpriority=\"high\" decoding=\"async\" width=\"3393\" height=\"3393\" src=\"https:\/\/moyahousehold.com\/wp-content\/uploads\/2024\/11\/4-Compartment-Lunch-Box-Detail-1.webp\" alt=\"Detalhe da lancheira com 4 compartimentos (1)\" class=\"wp-image-9595\" srcset=\"https:\/\/moyahousehold.com\/wp-content\/uploads\/2024\/11\/4-Compartment-Lunch-Box-Detail-1.webp 3393w, https:\/\/moyahousehold.com\/wp-content\/uploads\/2024\/11\/4-Compartment-Lunch-Box-Detail-1-300x300.webp 300w, https:\/\/moyahousehold.com\/wp-content\/uploads\/2024\/11\/4-Compartment-Lunch-Box-Detail-1-150x150.webp 150w, https:\/\/moyahousehold.com\/wp-content\/uploads\/2024\/11\/4-Compartment-Lunch-Box-Detail-1-768x768.webp 768w, https:\/\/moyahousehold.com\/wp-content\/uploads\/2024\/11\/4-Compartment-Lunch-Box-Detail-1-12x12.webp 12w, https:\/\/moyahousehold.com\/wp-content\/uploads\/2024\/11\/4-Compartment-Lunch-Box-Detail-1-285x285.webp 285w, https:\/\/moyahousehold.com\/wp-content\/uploads\/2024\/11\/4-Compartment-Lunch-Box-Detail-1-1600x1600.webp 1600w, https:\/\/moyahousehold.com\/wp-content\/uploads\/2024\/11\/4-Compartment-Lunch-Box-Detail-1-270x270.webp 270w, https:\/\/moyahousehold.com\/wp-content\/uploads\/2024\/11\/4-Compartment-Lunch-Box-Detail-1-540x540.webp 540w, https:\/\/moyahousehold.com\/wp-content\/uploads\/2024\/11\/4-Compartment-Lunch-Box-Detail-1-660x660.webp 660w\" sizes=\"(max-width: 3393px) 100vw, 3393px\" \/><\/figure>\n<\/div>\n\n\n\n<div class=\"wp-block-column is-layout-flow wp-block-column-is-layout-flow\">\n<figure class=\"wp-block-image size-full\"><img decoding=\"async\" width=\"3229\" height=\"3229\" src=\"https:\/\/moyahousehold.com\/wp-content\/uploads\/2024\/11\/4-Compartment-Lunch-Box-Detail-2.webp\" alt=\"Detalhe da lancheira com 4 compartimentos (2)\" class=\"wp-image-9596\" srcset=\"https:\/\/moyahousehold.com\/wp-content\/uploads\/2024\/11\/4-Compartment-Lunch-Box-Detail-2.webp 3229w, https:\/\/moyahousehold.com\/wp-content\/uploads\/2024\/11\/4-Compartment-Lunch-Box-Detail-2-300x300.webp 300w, https:\/\/moyahousehold.com\/wp-content\/uploads\/2024\/11\/4-Compartment-Lunch-Box-Detail-2-150x150.webp 150w, https:\/\/moyahousehold.com\/wp-content\/uploads\/2024\/11\/4-Compartment-Lunch-Box-Detail-2-768x768.webp 768w, https:\/\/moyahousehold.com\/wp-content\/uploads\/2024\/11\/4-Compartment-Lunch-Box-Detail-2-12x12.webp 12w, https:\/\/moyahousehold.com\/wp-content\/uploads\/2024\/11\/4-Compartment-Lunch-Box-Detail-2-285x285.webp 285w, https:\/\/moyahousehold.com\/wp-content\/uploads\/2024\/11\/4-Compartment-Lunch-Box-Detail-2-1600x1600.webp 1600w, https:\/\/moyahousehold.com\/wp-content\/uploads\/2024\/11\/4-Compartment-Lunch-Box-Detail-2-270x270.webp 270w, https:\/\/moyahousehold.com\/wp-content\/uploads\/2024\/11\/4-Compartment-Lunch-Box-Detail-2-540x540.webp 540w, https:\/\/moyahousehold.com\/wp-content\/uploads\/2024\/11\/4-Compartment-Lunch-Box-Detail-2-660x660.webp 660w\" sizes=\"(max-width: 3229px) 100vw, 3229px\" \/><\/figure>\n<\/div>\n<\/div>\n\n\n\n<div class=\"wp-block-columns is-layout-flex wp-container-core-columns-is-layout-9d6595d7 wp-block-columns-is-layout-flex\">\n<div class=\"wp-block-column is-layout-flow wp-block-column-is-layout-flow\">\n<figure class=\"wp-block-image size-full\"><img decoding=\"async\" width=\"3316\" height=\"3316\" src=\"https:\/\/moyahousehold.com\/wp-content\/uploads\/2024\/11\/4-Compartment-Lunch-Box-Detail-3.webp\" alt=\"Detalhe da lancheira com 4 compartimentos (3)\" class=\"wp-image-9597\" srcset=\"https:\/\/moyahousehold.com\/wp-content\/uploads\/2024\/11\/4-Compartment-Lunch-Box-Detail-3.webp 3316w, https:\/\/moyahousehold.com\/wp-content\/uploads\/2024\/11\/4-Compartment-Lunch-Box-Detail-3-300x300.webp 300w, https:\/\/moyahousehold.com\/wp-content\/uploads\/2024\/11\/4-Compartment-Lunch-Box-Detail-3-150x150.webp 150w, https:\/\/moyahousehold.com\/wp-content\/uploads\/2024\/11\/4-Compartment-Lunch-Box-Detail-3-768x768.webp 768w, https:\/\/moyahousehold.com\/wp-content\/uploads\/2024\/11\/4-Compartment-Lunch-Box-Detail-3-12x12.webp 12w, https:\/\/moyahousehold.com\/wp-content\/uploads\/2024\/11\/4-Compartment-Lunch-Box-Detail-3-285x285.webp 285w, https:\/\/moyahousehold.com\/wp-content\/uploads\/2024\/11\/4-Compartment-Lunch-Box-Detail-3-1600x1600.webp 1600w, https:\/\/moyahousehold.com\/wp-content\/uploads\/2024\/11\/4-Compartment-Lunch-Box-Detail-3-270x270.webp 270w, https:\/\/moyahousehold.com\/wp-content\/uploads\/2024\/11\/4-Compartment-Lunch-Box-Detail-3-540x540.webp 540w, https:\/\/moyahousehold.com\/wp-content\/uploads\/2024\/11\/4-Compartment-Lunch-Box-Detail-3-660x660.webp 660w\" sizes=\"(max-width: 3316px) 100vw, 3316px\" \/><\/figure>\n<\/div>\n\n\n\n<div class=\"wp-block-column is-layout-flow wp-block-column-is-layout-flow\">\n<figure class=\"wp-block-image size-full\"><img loading=\"lazy\" decoding=\"async\" width=\"3639\" height=\"3639\" src=\"https:\/\/moyahousehold.com\/wp-content\/uploads\/2024\/11\/4-Compartment-Lunch-Box-Detail-4.webp\" alt=\"Detalhe da lancheira com 4 compartimentos (4)\" class=\"wp-image-9598\" srcset=\"https:\/\/moyahousehold.com\/wp-content\/uploads\/2024\/11\/4-Compartment-Lunch-Box-Detail-4.webp 3639w, https:\/\/moyahousehold.com\/wp-content\/uploads\/2024\/11\/4-Compartment-Lunch-Box-Detail-4-300x300.webp 300w, https:\/\/moyahousehold.com\/wp-content\/uploads\/2024\/11\/4-Compartment-Lunch-Box-Detail-4-150x150.webp 150w, https:\/\/moyahousehold.com\/wp-content\/uploads\/2024\/11\/4-Compartment-Lunch-Box-Detail-4-768x768.webp 768w, https:\/\/moyahousehold.com\/wp-content\/uploads\/2024\/11\/4-Compartment-Lunch-Box-Detail-4-12x12.webp 12w, https:\/\/moyahousehold.com\/wp-content\/uploads\/2024\/11\/4-Compartment-Lunch-Box-Detail-4-285x285.webp 285w, https:\/\/moyahousehold.com\/wp-content\/uploads\/2024\/11\/4-Compartment-Lunch-Box-Detail-4-1600x1600.webp 1600w, https:\/\/moyahousehold.com\/wp-content\/uploads\/2024\/11\/4-Compartment-Lunch-Box-Detail-4-270x270.webp 270w, https:\/\/moyahousehold.com\/wp-content\/uploads\/2024\/11\/4-Compartment-Lunch-Box-Detail-4-540x540.webp 540w, https:\/\/moyahousehold.com\/wp-content\/uploads\/2024\/11\/4-Compartment-Lunch-Box-Detail-4-660x660.webp 660w\" sizes=\"(max-width: 3639px) 100vw, 3639px\" \/><\/figure>\n<\/div>\n<\/div>\n\n\n\n<p><\/p>","protected":false},"excerpt":{"rendered":"<p>Lancheira de 4 compartimentos em a\u00e7o inoxid\u00e1vel, com um design port\u00e1til, adequada para levar para fora. O design de 4 compartimentos permite que os utilizadores tragam facilmente uma variedade de alimentos. Como um fabricante profissional de lancheira, n\u00f3s fornecemos servi\u00e7os de lancheira por atacado e personalizados. Os grossistas, retalhistas e escolas com necessidades relevantes s\u00e3o bem-vindos a contactar-nos.<\/p>\n<h3>Par\u00e2metros da lancheira de a\u00e7o inoxid\u00e1vel com 4 compartimentos<\/h3>\n<p><strong>Materiais de alta qualidade:<\/strong> Esta lancheira \u00e9 feita de a\u00e7o inoxid\u00e1vel 304 de alta qualidade, que n\u00e3o cont\u00e9m BPA e \u00e9 muito adequada para armazenar uma variedade de alimentos quentes e frios durante muito tempo.<\/p>\n<p>&nbsp;<\/p>\n<p><strong>F\u00e1cil de limpar:<\/strong> A superf\u00edcie interior da lancheira \u00e9 polida. Para a limpeza di\u00e1ria, basta enxaguar ou passar um pano para remover facilmente as manchas. Al\u00e9m disso, pode ser colocada na m\u00e1quina de lavar loi\u00e7a para ajudar a poupar tempo.<\/p>\n<p>&nbsp;<\/p>\n<p><strong>Design com 4 compartimentos:<\/strong> Esta lancheira em a\u00e7o inoxid\u00e1vel tem 4 compartimentos para guardar separadamente os alimentos h\u00famidos e secos, mantendo cada alimento fresco e original.<\/p>\n<p>&nbsp;<\/p>\n<p><strong>Aplica\u00e7\u00e3o em v\u00e1rios cen\u00e1rios:<\/strong> Esta lancheira de a\u00e7o inoxid\u00e1vel \u00e9 f\u00e1cil de transportar e adequada para utiliza\u00e7\u00e3o em casa e no escrit\u00f3rio, bem como para viagens e refei\u00e7\u00f5es fora de casa.<\/p>\n<p>&nbsp;<\/p>\n<p><strong>Conce\u00e7\u00e3o pr\u00e1tica:<\/strong> Esta lancheira de a\u00e7o inoxid\u00e1vel tem um anel de veda\u00e7\u00e3o de silicone de qualidade alimentar incorporado e um design de fecho firme para impedir eficazmente a fuga de sopa e outros l\u00edquidos, tornando-a muito adequada para transportar.<\/p>\n<p>&nbsp;<\/p>\n<p><strong>Personaliza\u00e7\u00e3o OEM&amp;ODM:<\/strong> Como um fabricante de lancheiras por atacado, n\u00f3s fornecemos solu\u00e7\u00f5es abrangentes de lancheiras personalizadas. Incluindo cor de apar\u00eancia personalizada, design de capacidade e logotipo da marca.<\/p>","protected":false},"featured_media":9602,"comment_status":"closed","ping_status":"closed","template":"","meta":[],"product_cat":[58],"product_tag":[87,92],"class_list":{"0":"post-9579","1":"product","2":"type-product","3":"status-publish","4":"has-post-thumbnail","6":"product_cat-lunch-box-wholesale","7":"product_tag-wholesale-multi-compartment-lunch-box","8":"product_tag-wholesale-rectangle-lunch-box","10":"first","11":"instock","12":"shipping-taxable","13":"product-type-simple"},"_links":{"self":[{"href":"https:\/\/moyahousehold.com\/pt\/wp-json\/wp\/v2\/product\/9579","targetHints":{"allow":["GET"]}}],"collection":[{"href":"https:\/\/moyahousehold.com\/pt\/wp-json\/wp\/v2\/product"}],"about":[{"href":"https:\/\/moyahousehold.com\/pt\/wp-json\/wp\/v2\/types\/product"}],"replies":[{"embeddable":true,"href":"https:\/\/moyahousehold.com\/pt\/wp-json\/wp\/v2\/comments?post=9579"}],"version-history":[{"count":0,"href":"https:\/\/moyahousehold.com\/pt\/wp-json\/wp\/v2\/product\/9579\/revisions"}],"wp:featuredmedia":[{"embeddable":true,"href":"https:\/\/moyahousehold.com\/pt\/wp-json\/wp\/v2\/media\/9602"}],"wp:attachment":[{"href":"https:\/\/moyahousehold.com\/pt\/wp-json\/wp\/v2\/media?parent=9579"}],"wp:term":[{"taxonomy":"product_cat","embeddable":true,"href":"https:\/\/moyahousehold.com\/pt\/wp-json\/wp\/v2\/product_cat?post=9579"},{"taxonomy":"product_tag","embeddable":true,"href":"https:\/\/moyahousehold.com\/pt\/wp-json\/wp\/v2\/product_tag?post=9579"}],"curies":[{"name":"wp","href":"https:\/\/api.w.org\/{rel}","templated":true}]}}