{"id":9607,"date":"2024-11-30T07:35:18","date_gmt":"2024-11-30T02:13:57","guid":{"rendered":"https:\/\/moyahousehold.com\/?post_type=product&#038;p=9607"},"modified":"2025-02-05T08:32:34","modified_gmt":"2025-02-05T08:32:34","slug":"wholesale-cute-stainless-steel-lunch-box-for-kids","status":"publish","type":"product","link":"https:\/\/moyahousehold.com\/pt\/produto\/wholesale-cute-stainless-steel-lunch-box-for-kids\/","title":{"rendered":"Lancheira de a\u00e7o inoxid\u00e1vel para crian\u00e7as com padr\u00f5es interessantes - perfeita para a escola e piqueniques ao ar livre"},"content":{"rendered":"<h2 class=\"wp-block-heading\">Par\u00e2metros da lancheira de a\u00e7o inoxid\u00e1vel para crian\u00e7as<\/h2>\n\n\n\n<p><strong>material:<\/strong> 304 + PP <strong> cor:<\/strong> Bege\u3001C\u00e1qui\u3001Verde\u3001Rosa\u3001Branco<\/p>\n\n\n\n<figure class=\"wp-block-table\"><table class=\"has-fixed-layout\"><tbody><tr><td>Item<\/td><td>Capacidade<\/td><td>Tamanho\/PCS<\/td><td>PCS\/Caixa<\/td><td>N.W.\/PCS<\/td><td>G.W.\/Caso<\/td><\/tr><tr><td>MYJD005<\/td><td>550ml<\/td><td>17*13*6.5<\/td><td>60<\/td><td>0.74<\/td><td>12.7<\/td><\/tr><tr><td>MYJD006<\/td><td>850ml<\/td><td>19*14*7<\/td><td>48<\/td><td>0.81<\/td><td>14.9<\/td><\/tr><tr><td>MYJD255<\/td><td>1200ml<\/td><td>19*19*7<\/td><td>\/<\/td><td>1.31<\/td><td>\/<\/td><\/tr><\/tbody><\/table><\/figure>\n\n\n\n<h3 class=\"wp-block-heading\">Op\u00e7\u00f5es de lancheiras personalizadas<\/h3>\n\n\n\n<p><strong>Log\u00f3tipo<\/strong>: personalizar o log\u00f3tipo da sua marca na caixa bento em a\u00e7o inoxid\u00e1vel e na embalagem.<br><strong>Op\u00e7\u00f5es de log\u00f3tipo<\/strong>: log\u00f3tipo impresso, log\u00f3tipo gravado a laser, etc.<br><strong>Padr\u00e3o<\/strong>: Impress\u00e3o de padr\u00f5es personalizados em produtos e embalagens.<br><strong>Tecnologia de impress\u00e3o<\/strong>: impress\u00e3o por transfer\u00eancia de \u00e1gua, impress\u00e3o por serigrafia, impress\u00e3o por transfer\u00eancia de calor, transfer\u00eancia por sublima\u00e7\u00e3o, etc.<br><strong>Embalagem<\/strong>:caixa de cor.<br><a href=\"https:\/\/moyahousehold.com\/pt\/solucao-personalizada\/\"><strong>Saiba mais sobre as solu\u00e7\u00f5es de lancheiras personalizadas.<\/strong><\/a><\/p>\n\n\n\n<div class=\"wp-block-columns is-layout-flex wp-container-core-columns-is-layout-9d6595d7 wp-block-columns-is-layout-flex\">\n<div class=\"wp-block-column is-layout-flow wp-block-column-is-layout-flow\">\n<figure class=\"wp-block-image size-full\"><img fetchpriority=\"high\" decoding=\"async\" width=\"1500\" height=\"1500\" src=\"https:\/\/moyahousehold.com\/wp-content\/uploads\/2024\/11\/wholesale-Stainless-Steel-Lunch-Box-For-Kids-1.jpg\" alt=\"Lancheira de a\u00e7o inoxid\u00e1vel por atacado para crian\u00e7as (1)\" class=\"wp-image-9638\" srcset=\"https:\/\/moyahousehold.com\/wp-content\/uploads\/2024\/11\/wholesale-Stainless-Steel-Lunch-Box-For-Kids-1.jpg 1500w, https:\/\/moyahousehold.com\/wp-content\/uploads\/2024\/11\/wholesale-Stainless-Steel-Lunch-Box-For-Kids-1-300x300.jpg 300w, https:\/\/moyahousehold.com\/wp-content\/uploads\/2024\/11\/wholesale-Stainless-Steel-Lunch-Box-For-Kids-1-150x150.jpg 150w, https:\/\/moyahousehold.com\/wp-content\/uploads\/2024\/11\/wholesale-Stainless-Steel-Lunch-Box-For-Kids-1-768x768.jpg 768w, https:\/\/moyahousehold.com\/wp-content\/uploads\/2024\/11\/wholesale-Stainless-Steel-Lunch-Box-For-Kids-1-12x12.jpg 12w, https:\/\/moyahousehold.com\/wp-content\/uploads\/2024\/11\/wholesale-Stainless-Steel-Lunch-Box-For-Kids-1-285x285.jpg 285w, https:\/\/moyahousehold.com\/wp-content\/uploads\/2024\/11\/wholesale-Stainless-Steel-Lunch-Box-For-Kids-1-270x270.jpg 270w, https:\/\/moyahousehold.com\/wp-content\/uploads\/2024\/11\/wholesale-Stainless-Steel-Lunch-Box-For-Kids-1-540x540.jpg 540w, https:\/\/moyahousehold.com\/wp-content\/uploads\/2024\/11\/wholesale-Stainless-Steel-Lunch-Box-For-Kids-1-660x660.jpg 660w\" sizes=\"(max-width: 1500px) 100vw, 1500px\" \/><\/figure>\n<\/div>\n\n\n\n<div class=\"wp-block-column is-layout-flow wp-block-column-is-layout-flow\">\n<figure class=\"wp-block-image size-full\"><img decoding=\"async\" width=\"1500\" height=\"1500\" src=\"https:\/\/moyahousehold.com\/wp-content\/uploads\/2024\/11\/wholesale-Stainless-Steel-Lunch-Box-For-Kids-2.jpg\" alt=\"Lancheira de a\u00e7o inoxid\u00e1vel por atacado para crian\u00e7as (2)\" class=\"wp-image-9639\" srcset=\"https:\/\/moyahousehold.com\/wp-content\/uploads\/2024\/11\/wholesale-Stainless-Steel-Lunch-Box-For-Kids-2.jpg 1500w, https:\/\/moyahousehold.com\/wp-content\/uploads\/2024\/11\/wholesale-Stainless-Steel-Lunch-Box-For-Kids-2-300x300.jpg 300w, https:\/\/moyahousehold.com\/wp-content\/uploads\/2024\/11\/wholesale-Stainless-Steel-Lunch-Box-For-Kids-2-150x150.jpg 150w, https:\/\/moyahousehold.com\/wp-content\/uploads\/2024\/11\/wholesale-Stainless-Steel-Lunch-Box-For-Kids-2-768x768.jpg 768w, https:\/\/moyahousehold.com\/wp-content\/uploads\/2024\/11\/wholesale-Stainless-Steel-Lunch-Box-For-Kids-2-12x12.jpg 12w, https:\/\/moyahousehold.com\/wp-content\/uploads\/2024\/11\/wholesale-Stainless-Steel-Lunch-Box-For-Kids-2-285x285.jpg 285w, https:\/\/moyahousehold.com\/wp-content\/uploads\/2024\/11\/wholesale-Stainless-Steel-Lunch-Box-For-Kids-2-270x270.jpg 270w, https:\/\/moyahousehold.com\/wp-content\/uploads\/2024\/11\/wholesale-Stainless-Steel-Lunch-Box-For-Kids-2-540x540.jpg 540w, https:\/\/moyahousehold.com\/wp-content\/uploads\/2024\/11\/wholesale-Stainless-Steel-Lunch-Box-For-Kids-2-660x660.jpg 660w\" sizes=\"(max-width: 1500px) 100vw, 1500px\" \/><\/figure>\n<\/div>\n<\/div>\n\n\n\n<div class=\"wp-block-columns is-layout-flex wp-container-core-columns-is-layout-9d6595d7 wp-block-columns-is-layout-flex\">\n<div class=\"wp-block-column is-layout-flow wp-block-column-is-layout-flow\">\n<figure class=\"wp-block-image size-full\"><img decoding=\"async\" width=\"1500\" height=\"1500\" src=\"https:\/\/moyahousehold.com\/wp-content\/uploads\/2024\/11\/wholesale-Stainless-Steel-Lunch-Box-For-Kids-3.jpg\" alt=\"Lancheira de a\u00e7o inoxid\u00e1vel por atacado para crian\u00e7as (3)\" class=\"wp-image-9640\" srcset=\"https:\/\/moyahousehold.com\/wp-content\/uploads\/2024\/11\/wholesale-Stainless-Steel-Lunch-Box-For-Kids-3.jpg 1500w, https:\/\/moyahousehold.com\/wp-content\/uploads\/2024\/11\/wholesale-Stainless-Steel-Lunch-Box-For-Kids-3-300x300.jpg 300w, https:\/\/moyahousehold.com\/wp-content\/uploads\/2024\/11\/wholesale-Stainless-Steel-Lunch-Box-For-Kids-3-150x150.jpg 150w, https:\/\/moyahousehold.com\/wp-content\/uploads\/2024\/11\/wholesale-Stainless-Steel-Lunch-Box-For-Kids-3-768x768.jpg 768w, https:\/\/moyahousehold.com\/wp-content\/uploads\/2024\/11\/wholesale-Stainless-Steel-Lunch-Box-For-Kids-3-12x12.jpg 12w, https:\/\/moyahousehold.com\/wp-content\/uploads\/2024\/11\/wholesale-Stainless-Steel-Lunch-Box-For-Kids-3-285x285.jpg 285w, https:\/\/moyahousehold.com\/wp-content\/uploads\/2024\/11\/wholesale-Stainless-Steel-Lunch-Box-For-Kids-3-270x270.jpg 270w, https:\/\/moyahousehold.com\/wp-content\/uploads\/2024\/11\/wholesale-Stainless-Steel-Lunch-Box-For-Kids-3-540x540.jpg 540w, https:\/\/moyahousehold.com\/wp-content\/uploads\/2024\/11\/wholesale-Stainless-Steel-Lunch-Box-For-Kids-3-660x660.jpg 660w\" sizes=\"(max-width: 1500px) 100vw, 1500px\" \/><\/figure>\n<\/div>\n\n\n\n<div class=\"wp-block-column is-layout-flow wp-block-column-is-layout-flow\">\n<figure class=\"wp-block-image size-full\"><img loading=\"lazy\" decoding=\"async\" width=\"1500\" height=\"1500\" src=\"https:\/\/moyahousehold.com\/wp-content\/uploads\/2024\/11\/wholesale-Stainless-Steel-Lunch-Box-For-Kids-4.jpg\" alt=\"Lancheira de a\u00e7o inoxid\u00e1vel por atacado para crian\u00e7as (4)\" class=\"wp-image-9641\" srcset=\"https:\/\/moyahousehold.com\/wp-content\/uploads\/2024\/11\/wholesale-Stainless-Steel-Lunch-Box-For-Kids-4.jpg 1500w, https:\/\/moyahousehold.com\/wp-content\/uploads\/2024\/11\/wholesale-Stainless-Steel-Lunch-Box-For-Kids-4-300x300.jpg 300w, https:\/\/moyahousehold.com\/wp-content\/uploads\/2024\/11\/wholesale-Stainless-Steel-Lunch-Box-For-Kids-4-150x150.jpg 150w, https:\/\/moyahousehold.com\/wp-content\/uploads\/2024\/11\/wholesale-Stainless-Steel-Lunch-Box-For-Kids-4-768x768.jpg 768w, https:\/\/moyahousehold.com\/wp-content\/uploads\/2024\/11\/wholesale-Stainless-Steel-Lunch-Box-For-Kids-4-12x12.jpg 12w, https:\/\/moyahousehold.com\/wp-content\/uploads\/2024\/11\/wholesale-Stainless-Steel-Lunch-Box-For-Kids-4-285x285.jpg 285w, https:\/\/moyahousehold.com\/wp-content\/uploads\/2024\/11\/wholesale-Stainless-Steel-Lunch-Box-For-Kids-4-270x270.jpg 270w, https:\/\/moyahousehold.com\/wp-content\/uploads\/2024\/11\/wholesale-Stainless-Steel-Lunch-Box-For-Kids-4-540x540.jpg 540w, https:\/\/moyahousehold.com\/wp-content\/uploads\/2024\/11\/wholesale-Stainless-Steel-Lunch-Box-For-Kids-4-660x660.jpg 660w\" sizes=\"(max-width: 1500px) 100vw, 1500px\" \/><\/figure>\n<\/div>\n<\/div>","protected":false},"excerpt":{"rendered":"<p>Lancheira de a\u00e7o inoxid\u00e1vel para crian\u00e7as, com um design de parti\u00e7\u00e3o para ajudar as crian\u00e7as a aprender a repartir os alimentos. A lancheira \u00e9 feita de a\u00e7o inoxid\u00e1vel de qualidade alimentar de alta resist\u00eancia, e o design da tampa selada torna-a bem selada, \u00e0 prova de quedas e fugas, tornando-a mais adequada para crian\u00e7as. <strong>MOYA fabricante de lancheira fornece servi\u00e7os de OEM e ODM, entre em contato conosco.<\/strong><\/p>\n<h3>Par\u00e2metros da caixa Bento com compartimentos em a\u00e7o inoxid\u00e1vel<\/h3>\n<p><strong>Design giro:<\/strong> A lancheira foi concebida com cores ricas e padr\u00f5es de desenhos animados interessantes para aumentar o apetite das crian\u00e7as e a sua expetativa para a hora da refei\u00e7\u00e3o.<\/p>\n<p>&nbsp;<\/p>\n<p><strong>Lancheira com compartimentos:<\/strong> Fornecemos uma lancheira com 2 compartimentos e uma lancheira com 3 compartimentos, que podem distribuir razoavelmente diferentes alimentos para evitar sabores cruzados.<\/p>\n<p>&nbsp;<\/p>\n<p><strong>Materiais amigos do ambiente e saud\u00e1veis:<\/strong> Esta lancheira para crian\u00e7as \u00e9 feita de a\u00e7o inoxid\u00e1vel de qualidade alimentar seguro e inofensivo, com certifica\u00e7\u00e3o ISO e FDA, e cumpre as normas de sa\u00fade para utiliza\u00e7\u00e3o por crian\u00e7as.<\/p>\n<p>&nbsp;<\/p>\n<p><strong>Escolhas diversificadas:<\/strong> H\u00e1 uma variedade de cores e estilos \u00e0 escolha, adequados a crian\u00e7as com diferentes prefer\u00eancias, e utilizamos lancheiras de diferentes capacidades para satisfazer as necessidades de crian\u00e7as de diferentes idades.<\/p>\n<p>&nbsp;<\/p>\n<p><strong>Conce\u00e7\u00e3o pr\u00e1tica:<\/strong> O design da lancheira tamb\u00e9m presta especial aten\u00e7\u00e3o \u00e0 fun\u00e7\u00e3o de tampa de abertura f\u00e1cil, que permite \u00e0s crian\u00e7as abri-la e fech\u00e1-la facilmente, e esta lancheira para crian\u00e7as \u00e9 leve e adequada para as mochilas escolares das crian\u00e7as<\/p>","protected":false},"featured_media":9653,"comment_status":"closed","ping_status":"closed","template":"","meta":[],"product_cat":[58],"product_tag":[87,92,93],"class_list":{"0":"post-9607","1":"product","2":"type-product","3":"status-publish","4":"has-post-thumbnail","6":"product_cat-lunch-box-wholesale","7":"product_tag-wholesale-multi-compartment-lunch-box","8":"product_tag-wholesale-rectangle-lunch-box","9":"product_tag-wholesale-square-lunch-box","11":"first","12":"instock","13":"shipping-taxable","14":"product-type-simple"},"_links":{"self":[{"href":"https:\/\/moyahousehold.com\/pt\/wp-json\/wp\/v2\/product\/9607","targetHints":{"allow":["GET"]}}],"collection":[{"href":"https:\/\/moyahousehold.com\/pt\/wp-json\/wp\/v2\/product"}],"about":[{"href":"https:\/\/moyahousehold.com\/pt\/wp-json\/wp\/v2\/types\/product"}],"replies":[{"embeddable":true,"href":"https:\/\/moyahousehold.com\/pt\/wp-json\/wp\/v2\/comments?post=9607"}],"version-history":[{"count":0,"href":"https:\/\/moyahousehold.com\/pt\/wp-json\/wp\/v2\/product\/9607\/revisions"}],"wp:featuredmedia":[{"embeddable":true,"href":"https:\/\/moyahousehold.com\/pt\/wp-json\/wp\/v2\/media\/9653"}],"wp:attachment":[{"href":"https:\/\/moyahousehold.com\/pt\/wp-json\/wp\/v2\/media?parent=9607"}],"wp:term":[{"taxonomy":"product_cat","embeddable":true,"href":"https:\/\/moyahousehold.com\/pt\/wp-json\/wp\/v2\/product_cat?post=9607"},{"taxonomy":"product_tag","embeddable":true,"href":"https:\/\/moyahousehold.com\/pt\/wp-json\/wp\/v2\/product_tag?post=9607"}],"curies":[{"name":"wp","href":"https:\/\/api.w.org\/{rel}","templated":true}]}}